{"id":1075,"date":"2025-04-18T05:26:53","date_gmt":"2025-04-18T03:26:53","guid":{"rendered":"https:\/\/www.regionalis.shop\/handmade-by-andrea\/product\/maedchen-set-gr-74-2\/"},"modified":"2025-04-18T05:26:53","modified_gmt":"2025-04-18T03:26:53","slug":"maedchen-set-gr-74-2","status":"publish","type":"product","link":"https:\/\/www.regionalis.shop\/handmade-by-andrea\/shop\/maedchen-set-gr-74-2\/","title":{"rendered":"M\u00e4dchen-Set: Gr. 74"},"content":{"rendered":"<p>Tunika mit Druckkn\u00f6pfen und dazu bunte Leggins und L\u00e4tzchen in Gr\u00f6\u00dfe 74.<br \/>\nMaterial:Jersey (95% Baumwolle, 5% Elasthan)<\/p>\n","protected":false},"excerpt":{"rendered":"<p>Tunika mit Druckkn\u00f6pfen und dazu bunte Leggins und L\u00e4tzchen in Gr\u00f6\u00dfe 74. Material:Jersey (95% Baumwolle, 5% Elasthan)<\/p>\n","protected":false},"featured_media":1076,"template":"","meta":{"_acf_changed":false},"product_brand":[],"product_cat":[38,49],"product_tag":[],"class_list":{"0":"post-1075","1":"product","2":"type-product","3":"status-publish","4":"has-post-thumbnail","6":"product_cat-baby-kinder","7":"product_cat-kinderkleidung","9":"first","10":"instock","11":"purchasable","12":"product-type-simple"},"acf":[],"_links":{"self":[{"href":"https:\/\/www.regionalis.shop\/handmade-by-andrea\/wp-json\/wp\/v2\/product\/1075","targetHints":{"allow":["GET"]}}],"collection":[{"href":"https:\/\/www.regionalis.shop\/handmade-by-andrea\/wp-json\/wp\/v2\/product"}],"about":[{"href":"https:\/\/www.regionalis.shop\/handmade-by-andrea\/wp-json\/wp\/v2\/types\/product"}],"wp:featuredmedia":[{"embeddable":true,"href":"https:\/\/www.regionalis.shop\/handmade-by-andrea\/wp-json\/wp\/v2\/media\/1076"}],"wp:attachment":[{"href":"https:\/\/www.regionalis.shop\/handmade-by-andrea\/wp-json\/wp\/v2\/media?parent=1075"}],"wp:term":[{"taxonomy":"product_brand","embeddable":true,"href":"https:\/\/www.regionalis.shop\/handmade-by-andrea\/wp-json\/wp\/v2\/product_brand?post=1075"},{"taxonomy":"product_cat","embeddable":true,"href":"https:\/\/www.regionalis.shop\/handmade-by-andrea\/wp-json\/wp\/v2\/product_cat?post=1075"},{"taxonomy":"product_tag","embeddable":true,"href":"https:\/\/www.regionalis.shop\/handmade-by-andrea\/wp-json\/wp\/v2\/product_tag?post=1075"}],"curies":[{"name":"wp","href":"https:\/\/api.w.org\/{rel}","templated":true}]}}