{"id":1077,"date":"2025-04-18T05:18:30","date_gmt":"2025-04-18T03:18:30","guid":{"rendered":"https:\/\/www.regionalis.shop\/handmade-by-andrea\/product\/maedchen-set-gr-68\/"},"modified":"2025-04-18T05:18:30","modified_gmt":"2025-04-18T03:18:30","slug":"maedchen-set-gr-68","status":"publish","type":"product","link":"https:\/\/www.regionalis.shop\/handmade-by-andrea\/shop\/maedchen-set-gr-68\/","title":{"rendered":"M\u00e4dchen-Set: Gr. 68"},"content":{"rendered":"<p>Latzkleid aus Baumwoll-Jersey mit Druckkn\u00f6pfen und<br \/>\ndazu passendes Langarm-Shirt mit amerikanischem Kragen aus Baumwoll-Jersey.<br \/>\nBeides in Gr\u00f6\u00dfe 68 (4 &#8211; 6 Monate).<\/p>\n","protected":false},"excerpt":{"rendered":"<p>Latzkleid aus Baumwoll-Jersey mit Druckkn\u00f6pfen und dazu passendes Langarm-Shirt mit amerikanischem Kragen aus Baumwoll-Jersey. Beides in Gr\u00f6\u00dfe 68 (4 &#8211; 6 Monate).<\/p>\n","protected":false},"featured_media":1078,"template":"","meta":{"_acf_changed":false},"product_brand":[],"product_cat":[38,49],"product_tag":[],"class_list":{"0":"post-1077","1":"product","2":"type-product","3":"status-publish","4":"has-post-thumbnail","6":"product_cat-baby-kinder","7":"product_cat-kinderkleidung","9":"first","10":"instock","11":"purchasable","12":"product-type-simple"},"acf":[],"_links":{"self":[{"href":"https:\/\/www.regionalis.shop\/handmade-by-andrea\/wp-json\/wp\/v2\/product\/1077","targetHints":{"allow":["GET"]}}],"collection":[{"href":"https:\/\/www.regionalis.shop\/handmade-by-andrea\/wp-json\/wp\/v2\/product"}],"about":[{"href":"https:\/\/www.regionalis.shop\/handmade-by-andrea\/wp-json\/wp\/v2\/types\/product"}],"wp:featuredmedia":[{"embeddable":true,"href":"https:\/\/www.regionalis.shop\/handmade-by-andrea\/wp-json\/wp\/v2\/media\/1078"}],"wp:attachment":[{"href":"https:\/\/www.regionalis.shop\/handmade-by-andrea\/wp-json\/wp\/v2\/media?parent=1077"}],"wp:term":[{"taxonomy":"product_brand","embeddable":true,"href":"https:\/\/www.regionalis.shop\/handmade-by-andrea\/wp-json\/wp\/v2\/product_brand?post=1077"},{"taxonomy":"product_cat","embeddable":true,"href":"https:\/\/www.regionalis.shop\/handmade-by-andrea\/wp-json\/wp\/v2\/product_cat?post=1077"},{"taxonomy":"product_tag","embeddable":true,"href":"https:\/\/www.regionalis.shop\/handmade-by-andrea\/wp-json\/wp\/v2\/product_tag?post=1077"}],"curies":[{"name":"wp","href":"https:\/\/api.w.org\/{rel}","templated":true}]}}