{"id":1095,"date":"2025-04-18T00:58:07","date_gmt":"2025-04-17T22:58:07","guid":{"rendered":"https:\/\/www.regionalis.shop\/handmade-by-andrea\/product\/sweatshirt-gr-110\/"},"modified":"2025-04-18T00:58:07","modified_gmt":"2025-04-17T22:58:07","slug":"sweatshirt-gr-110","status":"publish","type":"product","link":"https:\/\/www.regionalis.shop\/handmade-by-andrea\/shop\/sweatshirt-gr-110\/","title":{"rendered":"Sweatshirt Gr. 110"},"content":{"rendered":"<p>Einzigartiges Sweatshirt f\u00fcr M\u00e4dchen in der Gr\u00f6\u00dfe 110.<\/p>\n","protected":false},"excerpt":{"rendered":"<p>Einzigartiges Sweatshirt f\u00fcr M\u00e4dchen in der Gr\u00f6\u00dfe 110.<\/p>\n","protected":false},"featured_media":1096,"template":"","meta":{"_acf_changed":false},"product_brand":[],"product_cat":[38,49],"product_tag":[],"class_list":{"0":"post-1095","1":"product","2":"type-product","3":"status-publish","4":"has-post-thumbnail","6":"product_cat-baby-kinder","7":"product_cat-kinderkleidung","9":"first","10":"instock","11":"purchasable","12":"product-type-simple"},"acf":[],"_links":{"self":[{"href":"https:\/\/www.regionalis.shop\/handmade-by-andrea\/wp-json\/wp\/v2\/product\/1095","targetHints":{"allow":["GET"]}}],"collection":[{"href":"https:\/\/www.regionalis.shop\/handmade-by-andrea\/wp-json\/wp\/v2\/product"}],"about":[{"href":"https:\/\/www.regionalis.shop\/handmade-by-andrea\/wp-json\/wp\/v2\/types\/product"}],"wp:featuredmedia":[{"embeddable":true,"href":"https:\/\/www.regionalis.shop\/handmade-by-andrea\/wp-json\/wp\/v2\/media\/1096"}],"wp:attachment":[{"href":"https:\/\/www.regionalis.shop\/handmade-by-andrea\/wp-json\/wp\/v2\/media?parent=1095"}],"wp:term":[{"taxonomy":"product_brand","embeddable":true,"href":"https:\/\/www.regionalis.shop\/handmade-by-andrea\/wp-json\/wp\/v2\/product_brand?post=1095"},{"taxonomy":"product_cat","embeddable":true,"href":"https:\/\/www.regionalis.shop\/handmade-by-andrea\/wp-json\/wp\/v2\/product_cat?post=1095"},{"taxonomy":"product_tag","embeddable":true,"href":"https:\/\/www.regionalis.shop\/handmade-by-andrea\/wp-json\/wp\/v2\/product_tag?post=1095"}],"curies":[{"name":"wp","href":"https:\/\/api.w.org\/{rel}","templated":true}]}}