{"id":1097,"date":"2025-04-18T00:48:45","date_gmt":"2025-04-17T22:48:45","guid":{"rendered":"https:\/\/www.regionalis.shop\/handmade-by-andrea\/product\/handtasche-aus-jeans-leder\/"},"modified":"2025-04-18T00:48:45","modified_gmt":"2025-04-17T22:48:45","slug":"handtasche-aus-jeans-leder","status":"publish","type":"product","link":"https:\/\/www.regionalis.shop\/handmade-by-andrea\/shop\/handtasche-aus-jeans-leder\/","title":{"rendered":"Handtasche aus Jeans &#038; Leder"},"content":{"rendered":"<p>Diese praktische Handtasche ist ca. 30 x 40 cm gro\u00df und zeichnet sich dadurch aus, dass sie aus upgecyclten Jeans gen\u00e4ht wurde.<\/p>\n<p>Innen ist sie mit einem Rei\u00dfverschlussfach ausgestattet.<br \/>\nDer &#8222;Boden&#8220; ist aus Lederimitat.<\/p>\n<p>Die Tasche kann im Schonwaschgang gewaschen werden!<\/p>\n","protected":false},"excerpt":{"rendered":"<p>Diese praktische Handtasche ist ca. 30 x 40 cm gro\u00df und zeichnet sich dadurch aus, dass sie aus upgecyclten Jeans gen\u00e4ht wurde. Innen ist sie mit einem Rei\u00dfverschlussfach ausgestattet. Der &#8222;Boden&#8220; ist aus Lederimitat. Die Tasche kann im Schonwaschgang gewaschen werden!<\/p>\n","protected":false},"featured_media":1098,"template":"","meta":{"_acf_changed":false},"product_brand":[],"product_cat":[142,95],"product_tag":[],"class_list":{"0":"post-1097","1":"product","2":"type-product","3":"status-publish","4":"has-post-thumbnail","6":"product_cat-handtaschen","7":"product_cat-taschen","9":"first","10":"instock","11":"purchasable","12":"product-type-simple"},"acf":[],"_links":{"self":[{"href":"https:\/\/www.regionalis.shop\/handmade-by-andrea\/wp-json\/wp\/v2\/product\/1097","targetHints":{"allow":["GET"]}}],"collection":[{"href":"https:\/\/www.regionalis.shop\/handmade-by-andrea\/wp-json\/wp\/v2\/product"}],"about":[{"href":"https:\/\/www.regionalis.shop\/handmade-by-andrea\/wp-json\/wp\/v2\/types\/product"}],"wp:featuredmedia":[{"embeddable":true,"href":"https:\/\/www.regionalis.shop\/handmade-by-andrea\/wp-json\/wp\/v2\/media\/1098"}],"wp:attachment":[{"href":"https:\/\/www.regionalis.shop\/handmade-by-andrea\/wp-json\/wp\/v2\/media?parent=1097"}],"wp:term":[{"taxonomy":"product_brand","embeddable":true,"href":"https:\/\/www.regionalis.shop\/handmade-by-andrea\/wp-json\/wp\/v2\/product_brand?post=1097"},{"taxonomy":"product_cat","embeddable":true,"href":"https:\/\/www.regionalis.shop\/handmade-by-andrea\/wp-json\/wp\/v2\/product_cat?post=1097"},{"taxonomy":"product_tag","embeddable":true,"href":"https:\/\/www.regionalis.shop\/handmade-by-andrea\/wp-json\/wp\/v2\/product_tag?post=1097"}],"curies":[{"name":"wp","href":"https:\/\/api.w.org\/{rel}","templated":true}]}}