{"id":1102,"date":"2025-04-17T23:35:00","date_gmt":"2025-04-17T21:35:00","guid":{"rendered":"https:\/\/www.regionalis.shop\/handmade-by-andrea\/product\/bienenwachs-brustwickel\/"},"modified":"2025-04-17T23:35:00","modified_gmt":"2025-04-17T21:35:00","slug":"bienenwachs-brustwickel","status":"publish","type":"product","link":"https:\/\/www.regionalis.shop\/handmade-by-andrea\/shop\/bienenwachs-brustwickel\/","title":{"rendered":"Bienenwachs-Brustwickel"},"content":{"rendered":"<p>Vielseitig einsetzbarer Bauch-\/Brustwickel f\u00fcr Babys und Kleinkinder bestehend aus:<\/p>\n<p>1) einem Wickel verschlie\u00dfbar mit Klettverschl\u00fcssen<br \/>\n(Au\u00dfenstoff: 100% Baumwolle, Innenstoff: 100% Baumwoll-Frottee, bei 60 Grad waschbar)<\/p>\n<p>2) Einer Innentasche (100% Baumwolle), die man nach Wunsch mit Heilwolle oder individuell gew\u00e4hlten W\u00e4rmespendern f\u00fcllen kann<\/p>\n<p>3) einem Bienenwachswickel, wohltuend bei Husten und Erk\u00e4ltungen (inkl. Anleitung).<\/p>\n","protected":false},"excerpt":{"rendered":"<p>Vielseitig einsetzbarer Bauch-\/Brustwickel f\u00fcr Babys und Kleinkinder bestehend aus: 1) einem Wickel verschlie\u00dfbar mit Klettverschl\u00fcssen (Au\u00dfenstoff: 100% Baumwolle, Innenstoff: 100% Baumwoll-Frottee, bei 60 Grad waschbar) 2) Einer Innentasche (100% Baumwolle), die man nach Wunsch mit Heilwolle oder individuell gew\u00e4hlten W\u00e4rmespendern f\u00fcllen kann 3) einem Bienenwachswickel, wohltuend bei Husten und Erk\u00e4ltungen (inkl. Anleitung).<\/p>\n","protected":false},"featured_media":1103,"template":"","meta":{"_acf_changed":false},"product_brand":[],"product_cat":[38,98],"product_tag":[],"class_list":{"0":"post-1102","1":"product","2":"type-product","3":"status-publish","4":"has-post-thumbnail","6":"product_cat-baby-kinder","7":"product_cat-textilien","9":"first","10":"instock","11":"purchasable","12":"product-type-simple"},"acf":[],"_links":{"self":[{"href":"https:\/\/www.regionalis.shop\/handmade-by-andrea\/wp-json\/wp\/v2\/product\/1102","targetHints":{"allow":["GET"]}}],"collection":[{"href":"https:\/\/www.regionalis.shop\/handmade-by-andrea\/wp-json\/wp\/v2\/product"}],"about":[{"href":"https:\/\/www.regionalis.shop\/handmade-by-andrea\/wp-json\/wp\/v2\/types\/product"}],"wp:featuredmedia":[{"embeddable":true,"href":"https:\/\/www.regionalis.shop\/handmade-by-andrea\/wp-json\/wp\/v2\/media\/1103"}],"wp:attachment":[{"href":"https:\/\/www.regionalis.shop\/handmade-by-andrea\/wp-json\/wp\/v2\/media?parent=1102"}],"wp:term":[{"taxonomy":"product_brand","embeddable":true,"href":"https:\/\/www.regionalis.shop\/handmade-by-andrea\/wp-json\/wp\/v2\/product_brand?post=1102"},{"taxonomy":"product_cat","embeddable":true,"href":"https:\/\/www.regionalis.shop\/handmade-by-andrea\/wp-json\/wp\/v2\/product_cat?post=1102"},{"taxonomy":"product_tag","embeddable":true,"href":"https:\/\/www.regionalis.shop\/handmade-by-andrea\/wp-json\/wp\/v2\/product_tag?post=1102"}],"curies":[{"name":"wp","href":"https:\/\/api.w.org\/{rel}","templated":true}]}}