{"id":1105,"date":"2025-04-17T23:35:00","date_gmt":"2025-04-17T21:35:00","guid":{"rendered":"https:\/\/www.regionalis.shop\/handmade-by-andrea\/product\/windeltasche-2\/"},"modified":"2025-04-17T23:35:00","modified_gmt":"2025-04-17T21:35:00","slug":"windeltasche-2","status":"publish","type":"product","link":"https:\/\/www.regionalis.shop\/handmade-by-andrea\/shop\/windeltasche-2\/","title":{"rendered":"Windeltasche"},"content":{"rendered":"<p>Windeltasche f\u00fcr unterwegs.<br \/>\nSo sind Windeln, Feuchtt\u00fccher, Schnuller, Creme etc. immer sch\u00f6n praktisch verpackt mit dabei.<\/p>\n<p>Ideal auch f\u00fcr Omas oder als Geschenk!<\/p>\n<p>Material:<br \/>\n100% Baumwolle<\/p>\n<p>Pflegehinweis:<br \/>\nKann bei 40 Grad in der Waschmaschine gewaschen werden!<\/p>\n","protected":false},"excerpt":{"rendered":"<p>Windeltasche f\u00fcr unterwegs. So sind Windeln, Feuchtt\u00fccher, Schnuller, Creme etc. immer sch\u00f6n praktisch verpackt mit dabei. Ideal auch f\u00fcr Omas oder als Geschenk! Material: 100% Baumwolle Pflegehinweis: Kann bei 40 Grad in der Waschmaschine gewaschen werden!<\/p>\n","protected":false},"featured_media":1106,"template":"","meta":{"_acf_changed":false},"product_brand":[],"product_cat":[38,98],"product_tag":[],"class_list":{"0":"post-1105","1":"product","2":"type-product","3":"status-publish","4":"has-post-thumbnail","6":"product_cat-baby-kinder","7":"product_cat-textilien","9":"first","10":"instock","11":"purchasable","12":"product-type-simple"},"acf":[],"_links":{"self":[{"href":"https:\/\/www.regionalis.shop\/handmade-by-andrea\/wp-json\/wp\/v2\/product\/1105","targetHints":{"allow":["GET"]}}],"collection":[{"href":"https:\/\/www.regionalis.shop\/handmade-by-andrea\/wp-json\/wp\/v2\/product"}],"about":[{"href":"https:\/\/www.regionalis.shop\/handmade-by-andrea\/wp-json\/wp\/v2\/types\/product"}],"wp:featuredmedia":[{"embeddable":true,"href":"https:\/\/www.regionalis.shop\/handmade-by-andrea\/wp-json\/wp\/v2\/media\/1106"}],"wp:attachment":[{"href":"https:\/\/www.regionalis.shop\/handmade-by-andrea\/wp-json\/wp\/v2\/media?parent=1105"}],"wp:term":[{"taxonomy":"product_brand","embeddable":true,"href":"https:\/\/www.regionalis.shop\/handmade-by-andrea\/wp-json\/wp\/v2\/product_brand?post=1105"},{"taxonomy":"product_cat","embeddable":true,"href":"https:\/\/www.regionalis.shop\/handmade-by-andrea\/wp-json\/wp\/v2\/product_cat?post=1105"},{"taxonomy":"product_tag","embeddable":true,"href":"https:\/\/www.regionalis.shop\/handmade-by-andrea\/wp-json\/wp\/v2\/product_tag?post=1105"}],"curies":[{"name":"wp","href":"https:\/\/api.w.org\/{rel}","templated":true}]}}