{"id":862,"date":"2025-05-24T13:44:06","date_gmt":"2025-05-24T11:44:06","guid":{"rendered":"https:\/\/starter.stage.shop-it.at\/?page_id=862"},"modified":"2025-10-23T15:21:37","modified_gmt":"2025-10-23T13:21:37","slug":"startseite","status":"publish","type":"page","link":"https:\/\/www.regionalis.shop\/hartis-holzkunst\/","title":{"rendered":"Startseite"},"content":{"rendered":"<section>\n        <div class=\"header-image\">\n            <img decoding=\"async\" src=\"https:\/\/www.regionalis.shop\/app\/uploads\/sites\/243\/790_2020_01_13_19_22_01_587115470.jpg\" alt=\"\">\n        <\/div>\n    \n    <\/section>\n    <section>\n    <div class=\"header-title\">\n        <h1 class=\"h2\">Willkommen bei Hartis Holzkunst<\/h1>\n    <\/div>\n            <h2 class=\"h3\">Handgemacht in WIEN<\/h2>\n                <p>&#8211;Hartis-Holzkunst&#8211;<\/p>\n<p>Holz ist meine Leidenschaft. Jedes St\u00fcck wird von mir liebevoll in Handarbeit hergestellt. Massenware aus Laserschnitt oder CNC-Fr\u00e4sen wird von mir abgelehnt; f\u00fcr mich h\u00e4tte das nichts mehr mit Handarbeit zu tun.<\/p>\n<p>Immer wieder entstehen neue Objekte. So liebe ich es, Kleinserien oder Einzelst\u00fccke mit der Dekupiers\u00e4ge herzustellen. Durch die Einzigartigkeit des Holzes und die Handarbeit, die im Gegensatz zum Laserschnitt Unregelm\u00e4\u00dfigkeiten zul\u00e4sst, ist eigentlich jedes St\u00fcck ein \/\/Unikat\/\/.<\/p>\n<p>Manchmal entstehen auch rustikale Schmuckgegenst\u00e4nde oder Wohndeko-Artikel. Einiges wird aus altem verwittertem Holz aus meinem gro\u00dfen Garten gefertigt, anderes entsteht aus neuem gekauftem Holz.<\/p>\n<p>Einiges wird nach Vorlagen gefertigt, anderes entsteht einfach spontan. Es wird geschliffen, ges\u00e4gt, gefr\u00e4st, ganz wie es die Idee gerade erfordert.<\/p>\n<p>Ein weiteres Thema sind Schriftz\u00fcge, die individuell auf Kundenwunsch gefertigt werden k\u00f6nnen. Die Buchstaben h\u00e4ngen hier, wie bei einem Puzzle mit kleinen Nasen zusammen. <\/p>\n<p>Es gibt viele Ideen, mit denen ich meine Kunden erfreuen m\u00f6chte. Einfach st\u00f6bern! Manches kommt immer wieder, andere Objekte gibt es nur einmal. Anfragen und Kommentare per E-Mail oder Kommentarfunktion sind stets willkommen \u2013 und nat\u00fcrlich freue ich mich sehr \u00fcber jede Bestellung.<\/p>\n\n    \n    <h3>Produkte<\/h3>\n\n    <div class=\"woocommerce columns-3 \"><ul class=\"products columns-3\">\n<li class=\"product type-product post-1054 status-publish first instock product_cat-sonstiges-wohnen-deko product_cat-wohnen-deko has-post-thumbnail purchasable product-type-simple\">\n\t<a href=\"https:\/\/www.regionalis.shop\/hartis-holzkunst\/shop\/tierpuzzle-dackel\/\" class=\"woocommerce-LoopProduct-link woocommerce-loop-product__link\"><div class=\"wc-block-grid__product-image\"><img loading=\"lazy\" decoding=\"async\" width=\"420\" height=\"420\" src=\"https:\/\/www.regionalis.shop\/app\/uploads\/sites\/243\/790_2020_02_05_08_39_28_396707400.jpg\" class=\"attachment-large size-large\" alt=\"Tierpuzzle: Dackel\" srcset=\"https:\/\/www.regionalis.shop\/app\/uploads\/sites\/243\/790_2020_02_05_08_39_28_396707400.jpg 420w, https:\/\/www.regionalis.shop\/app\/uploads\/sites\/243\/790_2020_02_05_08_39_28_396707400-300x300.jpg 300w, https:\/\/www.regionalis.shop\/app\/uploads\/sites\/243\/790_2020_02_05_08_39_28_396707400-150x150.jpg 150w, https:\/\/www.regionalis.shop\/app\/uploads\/sites\/243\/790_2020_02_05_08_39_28_396707400-100x100.jpg 100w\" sizes=\"auto, (max-width: 420px) 100vw, 420px\" \/><\/div><h2 class=\"woocommerce-loop-product__title\">Tierpuzzle: Dackel<\/h2>\n\t<span class=\"price\"><span class=\"woocommerce-Price-amount amount\"><bdi>16,00&nbsp;<span class=\"woocommerce-Price-currencySymbol\">&euro;<\/span><\/bdi><\/span><\/span>\n<\/a><\/li>\n<li class=\"product type-product post-1062 status-publish instock product_cat-wohndekoration product_cat-wohnen-deko has-post-thumbnail purchasable product-type-simple\">\n\t<a href=\"https:\/\/www.regionalis.shop\/hartis-holzkunst\/shop\/haenger-mit-ahornblatt-handarbeit\/\" class=\"woocommerce-LoopProduct-link woocommerce-loop-product__link\"><div class=\"wc-block-grid__product-image\"><img loading=\"lazy\" decoding=\"async\" width=\"420\" height=\"420\" src=\"https:\/\/www.regionalis.shop\/app\/uploads\/sites\/243\/790_2020_01_07_01_41_21_869766529.jpg\" class=\"attachment-large size-large\" alt=\"H\u00e4nger mit Ahornblatt, Handarbeit\" srcset=\"https:\/\/www.regionalis.shop\/app\/uploads\/sites\/243\/790_2020_01_07_01_41_21_869766529.jpg 420w, https:\/\/www.regionalis.shop\/app\/uploads\/sites\/243\/790_2020_01_07_01_41_21_869766529-300x300.jpg 300w, https:\/\/www.regionalis.shop\/app\/uploads\/sites\/243\/790_2020_01_07_01_41_21_869766529-150x150.jpg 150w, https:\/\/www.regionalis.shop\/app\/uploads\/sites\/243\/790_2020_01_07_01_41_21_869766529-100x100.jpg 100w\" sizes=\"auto, (max-width: 420px) 100vw, 420px\" \/><\/div><h2 class=\"woocommerce-loop-product__title\">H\u00e4nger mit Ahornblatt, Handarbeit<\/h2>\n\t<span class=\"price\"><span class=\"woocommerce-Price-amount amount\"><bdi>10,00&nbsp;<span class=\"woocommerce-Price-currencySymbol\">&euro;<\/span><\/bdi><\/span><\/span>\n<\/a><\/li>\n<li class=\"product type-product post-1058 status-publish last instock product_cat-sonstiges-wohnen-deko product_cat-wohnen-deko has-post-thumbnail purchasable product-type-simple\">\n\t<a href=\"https:\/\/www.regionalis.shop\/hartis-holzkunst\/shop\/schriftzug-als-puzzle-aus-holzbuchstaben\/\" class=\"woocommerce-LoopProduct-link woocommerce-loop-product__link\"><div class=\"wc-block-grid__product-image\"><img loading=\"lazy\" decoding=\"async\" width=\"420\" height=\"420\" src=\"https:\/\/www.regionalis.shop\/app\/uploads\/sites\/243\/790_2020_01_21_07_49_07_242930006.jpg\" class=\"attachment-large size-large\" alt=\"Schriftzug als Puzzle aus Holzbuchstaben\" srcset=\"https:\/\/www.regionalis.shop\/app\/uploads\/sites\/243\/790_2020_01_21_07_49_07_242930006.jpg 420w, https:\/\/www.regionalis.shop\/app\/uploads\/sites\/243\/790_2020_01_21_07_49_07_242930006-300x300.jpg 300w, https:\/\/www.regionalis.shop\/app\/uploads\/sites\/243\/790_2020_01_21_07_49_07_242930006-150x150.jpg 150w, https:\/\/www.regionalis.shop\/app\/uploads\/sites\/243\/790_2020_01_21_07_49_07_242930006-100x100.jpg 100w\" sizes=\"auto, (max-width: 420px) 100vw, 420px\" \/><\/div><h2 class=\"woocommerce-loop-product__title\">Schriftzug als Puzzle aus Holzbuchstaben<\/h2>\n\t<span class=\"price\"><span class=\"woocommerce-Price-amount amount\"><bdi>3,80&nbsp;<span class=\"woocommerce-Price-currencySymbol\">&euro;<\/span><\/bdi><\/span><\/span>\n<\/a><\/li>\n<\/ul>\n<\/div>\n    <p>\n        <a href=\"https:\/\/www.regionalis.shop\/hartis-holzkunst\/shop\/\" class=\"btn btn-primary btn-icon-right\">\n            Alle Produkte <i class=\"bi bi-arrow-right-short\"><\/i>\n        <\/a>\n    <\/p>\n<\/section>\n\n<div data-block-name=\"woocommerce\/store-notices\" class=\"wc-block-store-notices woocommerce alignwide alignwide wp-block-woocommerce-store-notices\"><div class=\"woocommerce-notices-wrapper\"><\/div><\/div>","protected":false},"excerpt":{"rendered":"","protected":false},"author":1,"featured_media":0,"parent":0,"menu_order":0,"comment_status":"closed","ping_status":"closed","template":"template-home.blade.php","meta":{"_acf_changed":false,"footnotes":""},"class_list":["post-862","page","type-page","status-publish","hentry"],"acf":[],"_links":{"self":[{"href":"https:\/\/www.regionalis.shop\/hartis-holzkunst\/wp-json\/wp\/v2\/pages\/862","targetHints":{"allow":["GET"]}}],"collection":[{"href":"https:\/\/www.regionalis.shop\/hartis-holzkunst\/wp-json\/wp\/v2\/pages"}],"about":[{"href":"https:\/\/www.regionalis.shop\/hartis-holzkunst\/wp-json\/wp\/v2\/types\/page"}],"author":[{"embeddable":true,"href":"https:\/\/www.regionalis.shop\/hartis-holzkunst\/wp-json\/wp\/v2\/users\/1"}],"replies":[{"embeddable":true,"href":"https:\/\/www.regionalis.shop\/hartis-holzkunst\/wp-json\/wp\/v2\/comments?post=862"}],"version-history":[{"count":28,"href":"https:\/\/www.regionalis.shop\/hartis-holzkunst\/wp-json\/wp\/v2\/pages\/862\/revisions"}],"predecessor-version":[{"id":1041,"href":"https:\/\/www.regionalis.shop\/hartis-holzkunst\/wp-json\/wp\/v2\/pages\/862\/revisions\/1041"}],"wp:attachment":[{"href":"https:\/\/www.regionalis.shop\/hartis-holzkunst\/wp-json\/wp\/v2\/media?parent=862"}],"curies":[{"name":"wp","href":"https:\/\/api.w.org\/{rel}","templated":true}]}}