{"id":1054,"date":"2025-04-28T04:09:40","date_gmt":"2025-04-28T02:09:40","guid":{"rendered":"https:\/\/www.regionalis.shop\/hartis-holzkunst\/product\/tierpuzzle-dackel\/"},"modified":"2025-04-28T04:09:40","modified_gmt":"2025-04-28T02:09:40","slug":"tierpuzzle-dackel","status":"publish","type":"product","link":"https:\/\/www.regionalis.shop\/hartis-holzkunst\/shop\/tierpuzzle-dackel\/","title":{"rendered":"Tierpuzzle: Dackel"},"content":{"rendered":"<p>&#8211;Tierpuzzle: Hund \u2013 Dackel&#8211;<br \/>\nLustiges Hundepuzzle. Handgeschnitten auf der Dekupiers\u00e4ge.<br \/>\nMaterial: ca. 1,8 cm starkes Fichtenleimholz.<br \/>\nGr\u00f6\u00dfe: ca. B x H 15 cm x 9,5 cm<br \/>\nDas Holz ist unbehandelt und kann z.B. in Bastelprojekten mit Kindern noch gebeizt oder lackiert werden, ganz nach eigenen Vorstellungen.<br \/>\nZaubert als Geschenk bei jedem ein L\u00e4cheln auf die Lippen.<\/p>\n<p>\/\/Da die Puzzletrennlinien handgezeichnet und handgeschnitten sind, schaut jedes Einzelst\u00fcck etwas anders aus und wird dadurch zu einem Unikat. Das Produktbild stammt vom ersten Objekt und wird nicht immer aktualisiert, da die Abweichungen, besonders was die Silhouette betrifft, nur minimal sind.\/\/<\/p>\n","protected":false},"excerpt":{"rendered":"<p>&#8211;Tierpuzzle: Hund \u2013 Dackel&#8211; Lustiges Hundepuzzle. Handgeschnitten auf der Dekupiers\u00e4ge. Material: ca. 1,8 cm starkes Fichtenleimholz. Gr\u00f6\u00dfe: ca. B x H 15 cm x 9,5 cm Das Holz ist unbehandelt und kann z.B. in Bastelprojekten mit Kindern noch gebeizt oder lackiert werden, ganz nach eigenen Vorstellungen. Zaubert als Geschenk bei jedem ein L\u00e4cheln auf die &hellip; <a href=\"https:\/\/www.regionalis.shop\/hartis-holzkunst\/shop\/tierpuzzle-dackel\/\">Continued<\/a><\/p>\n","protected":false},"featured_media":1055,"template":"","meta":{"_acf_changed":false},"product_brand":[],"product_cat":[169,103],"product_tag":[],"class_list":{"0":"post-1054","1":"product","2":"type-product","3":"status-publish","4":"has-post-thumbnail","6":"product_cat-sonstiges-wohnen-deko","7":"product_cat-wohnen-deko","9":"first","10":"instock","11":"purchasable","12":"product-type-simple"},"acf":[],"_links":{"self":[{"href":"https:\/\/www.regionalis.shop\/hartis-holzkunst\/wp-json\/wp\/v2\/product\/1054","targetHints":{"allow":["GET"]}}],"collection":[{"href":"https:\/\/www.regionalis.shop\/hartis-holzkunst\/wp-json\/wp\/v2\/product"}],"about":[{"href":"https:\/\/www.regionalis.shop\/hartis-holzkunst\/wp-json\/wp\/v2\/types\/product"}],"wp:featuredmedia":[{"embeddable":true,"href":"https:\/\/www.regionalis.shop\/hartis-holzkunst\/wp-json\/wp\/v2\/media\/1055"}],"wp:attachment":[{"href":"https:\/\/www.regionalis.shop\/hartis-holzkunst\/wp-json\/wp\/v2\/media?parent=1054"}],"wp:term":[{"taxonomy":"product_brand","embeddable":true,"href":"https:\/\/www.regionalis.shop\/hartis-holzkunst\/wp-json\/wp\/v2\/product_brand?post=1054"},{"taxonomy":"product_cat","embeddable":true,"href":"https:\/\/www.regionalis.shop\/hartis-holzkunst\/wp-json\/wp\/v2\/product_cat?post=1054"},{"taxonomy":"product_tag","embeddable":true,"href":"https:\/\/www.regionalis.shop\/hartis-holzkunst\/wp-json\/wp\/v2\/product_tag?post=1054"}],"curies":[{"name":"wp","href":"https:\/\/api.w.org\/{rel}","templated":true}]}}