{"id":1058,"date":"2025-04-28T04:06:52","date_gmt":"2025-04-28T02:06:52","guid":{"rendered":"https:\/\/www.regionalis.shop\/hartis-holzkunst\/product\/schriftzug-als-puzzle-aus-holzbuchstaben\/"},"modified":"2025-04-28T04:06:52","modified_gmt":"2025-04-28T02:06:52","slug":"schriftzug-als-puzzle-aus-holzbuchstaben","status":"publish","type":"product","link":"https:\/\/www.regionalis.shop\/hartis-holzkunst\/shop\/schriftzug-als-puzzle-aus-holzbuchstaben\/","title":{"rendered":"Schriftzug als Puzzle aus Holzbuchstaben"},"content":{"rendered":"<p>&#8211;Buchstabenpuzzle aus Holzbuchstaben&#8211;<\/p>\n<p>Ein ganz pers\u00f6nliches Geschenk!<\/p>\n<p>Ganze Namen oder Worte werden aus 1,8 cm starkem Fichtenleimholz herausgeschnitten. Die einzelnen Buchstaben h\u00e4ngen mit Nasen wie bei einem Puzzle zusammen. Werden mehrere Worte oder Namen bestellt, h\u00e4ngen nur jeweils die Buchstaben der Worte zusammen, nicht aber die unterschiedlichen Worte.<br \/>\nDie Buchstaben sind nicht austauschbar, stellen also jeweils Unikate dar. Selbst gleiche Buchstaben, also etwa Doppel-N oder Doppel-M sind nicht austauschbar.<br \/>\nDie Schriftart ist Cooper Black. Es werden ausschlie\u00dflich Gro\u00dfbuchstaben verwendet. Die Schrifth\u00f6he betr\u00e4gt ca. 6,3 cm. Abweichende Schriftarten oder Gr\u00f6\u00dfen sind derzeit nicht m\u00f6glich!<br \/>\n&#8211;H\u00e4ufig gew\u00fcnschte Worte:&#8211;<br \/>\nDAHOAM, LOVE, HOME, WELCOME, WILLKOMMEN,<br \/>\nAls Gastgeschenk werden aber auch gerne die Namen der Gastgeber gew\u00e4hlt. Bei einem Hochzeitsfest sind auch die Namen des Brautpaares sehr beliebt. Etwas Besinderes sind auch Orts- oder Vereinsnamen f\u00fcr einen Schaukasten.<\/p>\n<p>Das Holz wird unbehandelt ausgeliefert und kann daher anschlie\u00dfend noch selber nach eigenen W\u00fcnschen gebeizt oder lackiert werden.<br \/>\n&#8211;Pro Wort sind derzeit maximal 10 Buchstaben m\u00f6glich!&#8211;<br \/>\nAls \u201eSt\u00fcck\u201c ist die Anzahl der Buchstaben anzugeben.<br \/>\nBeispiel: Werden 2 Worte gew\u00fcnscht, wobei das 1. Wort 4 Buchstaben und das 2. Wort 5 Buchstaben hat, muss als Anzahl 9 St\u00fcck bestellt werden.<\/p>\n<p>&#8211;Bitte beachten:&#8211;<br \/>\nBitte unbedingt zur Bestellung auch ein E-Mail oder eine Nachricht schicken, in dem das gew\u00fcnschte Wort (Namen) oder die Worte mitgeteilt werden.<br \/>\nDa hier individuell auf Bestellung gearbeitet wird, ist ein Umtausch ausgeschlossen!<br \/>\nDie Lieferzeit richtet sich nach der Anzahl der bestellten Worte. Im Durchschnitt wird die Lieferzeit aber etwa 7-10 Werktage betragen.<br \/>\nAls max. St\u00fcckzahl ist derzeit 20 angegeben. Wird mehr ben\u00f6tigt, bitte ein kurzes Mail schicken und ich werde die St\u00fcckzahl anpassen.<\/p>\n<p>&#8211;Jeder Buchstabe ist Handarbeit! Keine CNC-Fr\u00e4sarbeit. Jedes St\u00fcck ein Unikat!&#8211;<\/p>\n","protected":false},"excerpt":{"rendered":"<p>&#8211;Buchstabenpuzzle aus Holzbuchstaben&#8211; Ein ganz pers\u00f6nliches Geschenk! Ganze Namen oder Worte werden aus 1,8 cm starkem Fichtenleimholz herausgeschnitten. Die einzelnen Buchstaben h\u00e4ngen mit Nasen wie bei einem Puzzle zusammen. Werden mehrere Worte oder Namen bestellt, h\u00e4ngen nur jeweils die Buchstaben der Worte zusammen, nicht aber die unterschiedlichen Worte. Die Buchstaben sind nicht austauschbar, stellen also &hellip; <a href=\"https:\/\/www.regionalis.shop\/hartis-holzkunst\/shop\/schriftzug-als-puzzle-aus-holzbuchstaben\/\">Continued<\/a><\/p>\n","protected":false},"featured_media":1059,"template":"","meta":{"_acf_changed":false},"product_brand":[],"product_cat":[169,103],"product_tag":[],"class_list":{"0":"post-1058","1":"product","2":"type-product","3":"status-publish","4":"has-post-thumbnail","6":"product_cat-sonstiges-wohnen-deko","7":"product_cat-wohnen-deko","9":"first","10":"instock","11":"purchasable","12":"product-type-simple"},"acf":[],"_links":{"self":[{"href":"https:\/\/www.regionalis.shop\/hartis-holzkunst\/wp-json\/wp\/v2\/product\/1058","targetHints":{"allow":["GET"]}}],"collection":[{"href":"https:\/\/www.regionalis.shop\/hartis-holzkunst\/wp-json\/wp\/v2\/product"}],"about":[{"href":"https:\/\/www.regionalis.shop\/hartis-holzkunst\/wp-json\/wp\/v2\/types\/product"}],"wp:featuredmedia":[{"embeddable":true,"href":"https:\/\/www.regionalis.shop\/hartis-holzkunst\/wp-json\/wp\/v2\/media\/1059"}],"wp:attachment":[{"href":"https:\/\/www.regionalis.shop\/hartis-holzkunst\/wp-json\/wp\/v2\/media?parent=1058"}],"wp:term":[{"taxonomy":"product_brand","embeddable":true,"href":"https:\/\/www.regionalis.shop\/hartis-holzkunst\/wp-json\/wp\/v2\/product_brand?post=1058"},{"taxonomy":"product_cat","embeddable":true,"href":"https:\/\/www.regionalis.shop\/hartis-holzkunst\/wp-json\/wp\/v2\/product_cat?post=1058"},{"taxonomy":"product_tag","embeddable":true,"href":"https:\/\/www.regionalis.shop\/hartis-holzkunst\/wp-json\/wp\/v2\/product_tag?post=1058"}],"curies":[{"name":"wp","href":"https:\/\/api.w.org\/{rel}","templated":true}]}}