{"id":1062,"date":"2025-04-28T04:06:52","date_gmt":"2025-04-28T02:06:52","guid":{"rendered":"https:\/\/www.regionalis.shop\/hartis-holzkunst\/product\/haenger-mit-ahornblatt-handarbeit\/"},"modified":"2025-04-28T04:06:52","modified_gmt":"2025-04-28T02:06:52","slug":"haenger-mit-ahornblatt-handarbeit","status":"publish","type":"product","link":"https:\/\/www.regionalis.shop\/hartis-holzkunst\/shop\/haenger-mit-ahornblatt-handarbeit\/","title":{"rendered":"H\u00e4nger mit Ahornblatt, Handarbeit"},"content":{"rendered":"<p>&#8211;H\u00e4nger mit Ahornblatt \u2013 2 farbig&#8211;<\/p>\n<p>Wand- oder Fensterschmuck der besonderen Art. Auch zum Fertigen eines Mobiles oder Windspiels geeignet.<br \/>\nDekupiers\u00e4gearbeit. Material: 4 mm Pappelsperrholz. Das Ahornblatt ist dunkel gebeizt und kann auch herausgenommen werden.<br \/>\nGr\u00f6\u00dfe: Circa 8 cm x 8,8 cm<br \/>\nHandarbeit auf der Dekupiers\u00e4ge, Kein Laserschnitt!<\/p>\n","protected":false},"excerpt":{"rendered":"<p>&#8211;H\u00e4nger mit Ahornblatt \u2013 2 farbig&#8211; Wand- oder Fensterschmuck der besonderen Art. Auch zum Fertigen eines Mobiles oder Windspiels geeignet. Dekupiers\u00e4gearbeit. Material: 4 mm Pappelsperrholz. Das Ahornblatt ist dunkel gebeizt und kann auch herausgenommen werden. Gr\u00f6\u00dfe: Circa 8 cm x 8,8 cm Handarbeit auf der Dekupiers\u00e4ge, Kein Laserschnitt!<\/p>\n","protected":false},"featured_media":1063,"template":"","meta":{"_acf_changed":false},"product_brand":[],"product_cat":[174,103],"product_tag":[],"class_list":{"0":"post-1062","1":"product","2":"type-product","3":"status-publish","4":"has-post-thumbnail","6":"product_cat-wohndekoration","7":"product_cat-wohnen-deko","9":"first","10":"instock","11":"purchasable","12":"product-type-simple"},"acf":[],"_links":{"self":[{"href":"https:\/\/www.regionalis.shop\/hartis-holzkunst\/wp-json\/wp\/v2\/product\/1062","targetHints":{"allow":["GET"]}}],"collection":[{"href":"https:\/\/www.regionalis.shop\/hartis-holzkunst\/wp-json\/wp\/v2\/product"}],"about":[{"href":"https:\/\/www.regionalis.shop\/hartis-holzkunst\/wp-json\/wp\/v2\/types\/product"}],"wp:featuredmedia":[{"embeddable":true,"href":"https:\/\/www.regionalis.shop\/hartis-holzkunst\/wp-json\/wp\/v2\/media\/1063"}],"wp:attachment":[{"href":"https:\/\/www.regionalis.shop\/hartis-holzkunst\/wp-json\/wp\/v2\/media?parent=1062"}],"wp:term":[{"taxonomy":"product_brand","embeddable":true,"href":"https:\/\/www.regionalis.shop\/hartis-holzkunst\/wp-json\/wp\/v2\/product_brand?post=1062"},{"taxonomy":"product_cat","embeddable":true,"href":"https:\/\/www.regionalis.shop\/hartis-holzkunst\/wp-json\/wp\/v2\/product_cat?post=1062"},{"taxonomy":"product_tag","embeddable":true,"href":"https:\/\/www.regionalis.shop\/hartis-holzkunst\/wp-json\/wp\/v2\/product_tag?post=1062"}],"curies":[{"name":"wp","href":"https:\/\/api.w.org\/{rel}","templated":true}]}}