{"id":1065,"date":"2025-04-18T00:10:49","date_gmt":"2025-04-17T22:10:49","guid":{"rendered":"https:\/\/www.regionalis.shop\/hartis-holzkunst\/product\/haenger-mispelzweig-handarbeit-aus-holz\/"},"modified":"2025-04-18T00:10:49","modified_gmt":"2025-04-17T22:10:49","slug":"haenger-mispelzweig-handarbeit-aus-holz","status":"publish","type":"product","link":"https:\/\/www.regionalis.shop\/hartis-holzkunst\/shop\/haenger-mispelzweig-handarbeit-aus-holz\/","title":{"rendered":"H\u00e4nger Mispelzweig, Handarbeit aus Holz"},"content":{"rendered":"<p>&#8211;H\u00e4nger: Ornament Mispelzweig aus 4mm Pappelsperrholz&#8211;<\/p>\n<p>Wand- oder Fensterschmuck. Handgeschnitten auf der Dekupiers\u00e4ge.<br \/>\nDurch die Handarbeit wird jedes St\u00fcck zu einem Unikat<br \/>\nMaterial: 4 mm Pappelsperrholz.<br \/>\nGr\u00f6\u00dfe: Durchmesser ca. 8 cm. H\u00f6he ca. 9,5 cm.<br \/>\nKein Laserschnitt oder sonstige Automatenarbeit.<\/p>\n","protected":false},"excerpt":{"rendered":"<p>&#8211;H\u00e4nger: Ornament Mispelzweig aus 4mm Pappelsperrholz&#8211; Wand- oder Fensterschmuck. Handgeschnitten auf der Dekupiers\u00e4ge. Durch die Handarbeit wird jedes St\u00fcck zu einem Unikat Material: 4 mm Pappelsperrholz. Gr\u00f6\u00dfe: Durchmesser ca. 8 cm. H\u00f6he ca. 9,5 cm. Kein Laserschnitt oder sonstige Automatenarbeit.<\/p>\n","protected":false},"featured_media":1066,"template":"","meta":{"_acf_changed":false},"product_brand":[],"product_cat":[174,103],"product_tag":[],"class_list":{"0":"post-1065","1":"product","2":"type-product","3":"status-publish","4":"has-post-thumbnail","6":"product_cat-wohndekoration","7":"product_cat-wohnen-deko","9":"first","10":"instock","11":"purchasable","12":"product-type-simple"},"acf":[],"_links":{"self":[{"href":"https:\/\/www.regionalis.shop\/hartis-holzkunst\/wp-json\/wp\/v2\/product\/1065","targetHints":{"allow":["GET"]}}],"collection":[{"href":"https:\/\/www.regionalis.shop\/hartis-holzkunst\/wp-json\/wp\/v2\/product"}],"about":[{"href":"https:\/\/www.regionalis.shop\/hartis-holzkunst\/wp-json\/wp\/v2\/types\/product"}],"wp:featuredmedia":[{"embeddable":true,"href":"https:\/\/www.regionalis.shop\/hartis-holzkunst\/wp-json\/wp\/v2\/media\/1066"}],"wp:attachment":[{"href":"https:\/\/www.regionalis.shop\/hartis-holzkunst\/wp-json\/wp\/v2\/media?parent=1065"}],"wp:term":[{"taxonomy":"product_brand","embeddable":true,"href":"https:\/\/www.regionalis.shop\/hartis-holzkunst\/wp-json\/wp\/v2\/product_brand?post=1065"},{"taxonomy":"product_cat","embeddable":true,"href":"https:\/\/www.regionalis.shop\/hartis-holzkunst\/wp-json\/wp\/v2\/product_cat?post=1065"},{"taxonomy":"product_tag","embeddable":true,"href":"https:\/\/www.regionalis.shop\/hartis-holzkunst\/wp-json\/wp\/v2\/product_tag?post=1065"}],"curies":[{"name":"wp","href":"https:\/\/api.w.org\/{rel}","templated":true}]}}