{"id":1078,"date":"2025-04-17T23:13:56","date_gmt":"2025-04-17T21:13:56","guid":{"rendered":"https:\/\/www.regionalis.shop\/hartis-holzkunst\/product\/wandbild-phoenix\/"},"modified":"2025-04-17T23:13:56","modified_gmt":"2025-04-17T21:13:56","slug":"wandbild-phoenix","status":"publish","type":"product","link":"https:\/\/www.regionalis.shop\/hartis-holzkunst\/shop\/wandbild-phoenix\/","title":{"rendered":"Wandbild: Ph\u00f6nix"},"content":{"rendered":"<p>Motiv aus 4 mm Pappelsperrholz. Dekupiers\u00e4gearbeit! &#8211;Kein Laserschnitt&#8211;<br \/>\nAuf dunklem Akazienleimholz mit Wandaufh\u00e4nger.<br \/>\nKein Inlay. Gr\u00f6\u00dfe ca. B x H 20 cm x 23 cm.<br \/>\nTrilogie des Ph\u00f6nix aus der Asche \u2013 in eigener Darstellung und Interpretation.<br \/>\nBeliebtes, sehr dekoratives Geschenk.<\/p>\n","protected":false},"excerpt":{"rendered":"<p>Motiv aus 4 mm Pappelsperrholz. Dekupiers\u00e4gearbeit! &#8211;Kein Laserschnitt&#8211; Auf dunklem Akazienleimholz mit Wandaufh\u00e4nger. Kein Inlay. Gr\u00f6\u00dfe ca. B x H 20 cm x 23 cm. Trilogie des Ph\u00f6nix aus der Asche \u2013 in eigener Darstellung und Interpretation. Beliebtes, sehr dekoratives Geschenk.<\/p>\n","protected":false},"featured_media":1079,"template":"","meta":{"_acf_changed":false},"product_brand":[],"product_cat":[174,103],"product_tag":[],"class_list":{"0":"post-1078","1":"product","2":"type-product","3":"status-publish","4":"has-post-thumbnail","6":"product_cat-wohndekoration","7":"product_cat-wohnen-deko","9":"first","10":"instock","11":"purchasable","12":"product-type-simple"},"acf":[],"_links":{"self":[{"href":"https:\/\/www.regionalis.shop\/hartis-holzkunst\/wp-json\/wp\/v2\/product\/1078","targetHints":{"allow":["GET"]}}],"collection":[{"href":"https:\/\/www.regionalis.shop\/hartis-holzkunst\/wp-json\/wp\/v2\/product"}],"about":[{"href":"https:\/\/www.regionalis.shop\/hartis-holzkunst\/wp-json\/wp\/v2\/types\/product"}],"wp:featuredmedia":[{"embeddable":true,"href":"https:\/\/www.regionalis.shop\/hartis-holzkunst\/wp-json\/wp\/v2\/media\/1079"}],"wp:attachment":[{"href":"https:\/\/www.regionalis.shop\/hartis-holzkunst\/wp-json\/wp\/v2\/media?parent=1078"}],"wp:term":[{"taxonomy":"product_brand","embeddable":true,"href":"https:\/\/www.regionalis.shop\/hartis-holzkunst\/wp-json\/wp\/v2\/product_brand?post=1078"},{"taxonomy":"product_cat","embeddable":true,"href":"https:\/\/www.regionalis.shop\/hartis-holzkunst\/wp-json\/wp\/v2\/product_cat?post=1078"},{"taxonomy":"product_tag","embeddable":true,"href":"https:\/\/www.regionalis.shop\/hartis-holzkunst\/wp-json\/wp\/v2\/product_tag?post=1078"}],"curies":[{"name":"wp","href":"https:\/\/api.w.org\/{rel}","templated":true}]}}