{"id":1054,"date":"2025-04-18T06:33:43","date_gmt":"2025-04-18T04:33:43","guid":{"rendered":"https:\/\/www.regionalis.shop\/herzal-at-tanja-bischetsrieder\/product\/osterkoerbchen-2\/"},"modified":"2025-04-18T06:33:43","modified_gmt":"2025-04-18T04:33:43","slug":"osterkoerbchen-2","status":"publish","type":"product","link":"https:\/\/www.regionalis.shop\/herzal-at-tanja-bischetsrieder\/shop\/osterkoerbchen-2\/","title":{"rendered":"Osterk\u00f6rbchen"},"content":{"rendered":"<p>Design: weiblich oder m\u00e4nnlich<br \/>\nFarbe: natur<br \/>\nMaterial: 100% Baumwolle<br \/>\nGr\u00f6\u00dfe: 13 x 17,5 x 13 cm<\/p>\n","protected":false},"excerpt":{"rendered":"<p>Design: weiblich oder m\u00e4nnlich Farbe: natur Material: 100% Baumwolle Gr\u00f6\u00dfe: 13 x 17,5 x 13 cm<\/p>\n","protected":false},"featured_media":1055,"template":"","meta":{"_acf_changed":false},"product_brand":[],"product_cat":[162,83],"product_tag":[],"class_list":{"0":"post-1054","1":"product","2":"type-product","3":"status-publish","4":"has-post-thumbnail","6":"product_cat-null","7":"product_cat-sonstiges","9":"first","10":"instock","11":"purchasable","12":"product-type-simple"},"acf":[],"_links":{"self":[{"href":"https:\/\/www.regionalis.shop\/herzal-at-tanja-bischetsrieder\/wp-json\/wp\/v2\/product\/1054","targetHints":{"allow":["GET"]}}],"collection":[{"href":"https:\/\/www.regionalis.shop\/herzal-at-tanja-bischetsrieder\/wp-json\/wp\/v2\/product"}],"about":[{"href":"https:\/\/www.regionalis.shop\/herzal-at-tanja-bischetsrieder\/wp-json\/wp\/v2\/types\/product"}],"wp:featuredmedia":[{"embeddable":true,"href":"https:\/\/www.regionalis.shop\/herzal-at-tanja-bischetsrieder\/wp-json\/wp\/v2\/media\/1055"}],"wp:attachment":[{"href":"https:\/\/www.regionalis.shop\/herzal-at-tanja-bischetsrieder\/wp-json\/wp\/v2\/media?parent=1054"}],"wp:term":[{"taxonomy":"product_brand","embeddable":true,"href":"https:\/\/www.regionalis.shop\/herzal-at-tanja-bischetsrieder\/wp-json\/wp\/v2\/product_brand?post=1054"},{"taxonomy":"product_cat","embeddable":true,"href":"https:\/\/www.regionalis.shop\/herzal-at-tanja-bischetsrieder\/wp-json\/wp\/v2\/product_cat?post=1054"},{"taxonomy":"product_tag","embeddable":true,"href":"https:\/\/www.regionalis.shop\/herzal-at-tanja-bischetsrieder\/wp-json\/wp\/v2\/product_tag?post=1054"}],"curies":[{"name":"wp","href":"https:\/\/api.w.org\/{rel}","templated":true}]}}