{"id":1057,"date":"2025-04-18T09:05:42","date_gmt":"2025-04-18T07:05:42","guid":{"rendered":"https:\/\/www.regionalis.shop\/holzmanufaktur\/product\/baeumchen-geschwungen\/"},"modified":"2025-04-18T09:05:42","modified_gmt":"2025-04-18T07:05:42","slug":"baeumchen-geschwungen","status":"publish","type":"product","link":"https:\/\/www.regionalis.shop\/holzmanufaktur\/shop\/baeumchen-geschwungen\/","title":{"rendered":"B\u00e4umchen geschwungen"},"content":{"rendered":"<p>Die B\u00e4umchen gibt es in gro\u00df und klein und in Zirbe und Altholz<\/p>\n","protected":false},"excerpt":{"rendered":"<p>Die B\u00e4umchen gibt es in gro\u00df und klein und in Zirbe und Altholz<\/p>\n","protected":false},"featured_media":1058,"template":"","meta":{"_acf_changed":false},"product_brand":[],"product_cat":[174,103],"product_tag":[],"class_list":{"0":"post-1057","1":"product","2":"type-product","3":"status-publish","4":"has-post-thumbnail","6":"product_cat-wohndekoration","7":"product_cat-wohnen-deko","9":"first","10":"instock","11":"purchasable","12":"product-type-simple"},"acf":[],"_links":{"self":[{"href":"https:\/\/www.regionalis.shop\/holzmanufaktur\/wp-json\/wp\/v2\/product\/1057","targetHints":{"allow":["GET"]}}],"collection":[{"href":"https:\/\/www.regionalis.shop\/holzmanufaktur\/wp-json\/wp\/v2\/product"}],"about":[{"href":"https:\/\/www.regionalis.shop\/holzmanufaktur\/wp-json\/wp\/v2\/types\/product"}],"wp:featuredmedia":[{"embeddable":true,"href":"https:\/\/www.regionalis.shop\/holzmanufaktur\/wp-json\/wp\/v2\/media\/1058"}],"wp:attachment":[{"href":"https:\/\/www.regionalis.shop\/holzmanufaktur\/wp-json\/wp\/v2\/media?parent=1057"}],"wp:term":[{"taxonomy":"product_brand","embeddable":true,"href":"https:\/\/www.regionalis.shop\/holzmanufaktur\/wp-json\/wp\/v2\/product_brand?post=1057"},{"taxonomy":"product_cat","embeddable":true,"href":"https:\/\/www.regionalis.shop\/holzmanufaktur\/wp-json\/wp\/v2\/product_cat?post=1057"},{"taxonomy":"product_tag","embeddable":true,"href":"https:\/\/www.regionalis.shop\/holzmanufaktur\/wp-json\/wp\/v2\/product_tag?post=1057"}],"curies":[{"name":"wp","href":"https:\/\/api.w.org\/{rel}","templated":true}]}}