{"id":1060,"date":"2025-04-18T09:05:42","date_gmt":"2025-04-18T07:05:42","guid":{"rendered":"https:\/\/www.regionalis.shop\/holzmanufaktur\/product\/zipfelbaeumchen\/"},"modified":"2025-04-18T09:05:42","modified_gmt":"2025-04-18T07:05:42","slug":"zipfelbaeumchen","status":"publish","type":"product","link":"https:\/\/www.regionalis.shop\/holzmanufaktur\/shop\/zipfelbaeumchen\/","title":{"rendered":"Zipfelb\u00e4umchen"},"content":{"rendered":"<p>Die Zipfelb\u00e4umchen sind aus Altholz.<br \/>\nF\u00fcr die St\u00e4mme werden \u00c4ste verwendet, und die Sockel sind Baumscheiben.<br \/>\nAuch die werden in 2 Gr\u00f6\u00dfen angeboten<\/p>\n","protected":false},"excerpt":{"rendered":"<p>Die Zipfelb\u00e4umchen sind aus Altholz. F\u00fcr die St\u00e4mme werden \u00c4ste verwendet, und die Sockel sind Baumscheiben. Auch die werden in 2 Gr\u00f6\u00dfen angeboten<\/p>\n","protected":false},"featured_media":1061,"template":"","meta":{"_acf_changed":false},"product_brand":[],"product_cat":[173,103],"product_tag":[],"class_list":{"0":"post-1060","1":"product","2":"type-product","3":"status-publish","4":"has-post-thumbnail","6":"product_cat-weihnachten","7":"product_cat-wohnen-deko","9":"first","10":"instock","11":"purchasable","12":"product-type-simple"},"acf":[],"_links":{"self":[{"href":"https:\/\/www.regionalis.shop\/holzmanufaktur\/wp-json\/wp\/v2\/product\/1060","targetHints":{"allow":["GET"]}}],"collection":[{"href":"https:\/\/www.regionalis.shop\/holzmanufaktur\/wp-json\/wp\/v2\/product"}],"about":[{"href":"https:\/\/www.regionalis.shop\/holzmanufaktur\/wp-json\/wp\/v2\/types\/product"}],"wp:featuredmedia":[{"embeddable":true,"href":"https:\/\/www.regionalis.shop\/holzmanufaktur\/wp-json\/wp\/v2\/media\/1061"}],"wp:attachment":[{"href":"https:\/\/www.regionalis.shop\/holzmanufaktur\/wp-json\/wp\/v2\/media?parent=1060"}],"wp:term":[{"taxonomy":"product_brand","embeddable":true,"href":"https:\/\/www.regionalis.shop\/holzmanufaktur\/wp-json\/wp\/v2\/product_brand?post=1060"},{"taxonomy":"product_cat","embeddable":true,"href":"https:\/\/www.regionalis.shop\/holzmanufaktur\/wp-json\/wp\/v2\/product_cat?post=1060"},{"taxonomy":"product_tag","embeddable":true,"href":"https:\/\/www.regionalis.shop\/holzmanufaktur\/wp-json\/wp\/v2\/product_tag?post=1060"}],"curies":[{"name":"wp","href":"https:\/\/api.w.org\/{rel}","templated":true}]}}