{"id":1077,"date":"2025-04-18T09:02:32","date_gmt":"2025-04-18T07:02:32","guid":{"rendered":"https:\/\/www.regionalis.shop\/holzmanufaktur\/product\/windlicht-2\/"},"modified":"2025-04-18T09:02:32","modified_gmt":"2025-04-18T07:02:32","slug":"windlicht-2","status":"publish","type":"product","link":"https:\/\/www.regionalis.shop\/holzmanufaktur\/shop\/windlicht-2\/","title":{"rendered":"Windlicht"},"content":{"rendered":"<p>Diese Windlichter gibt es in 3 Gr\u00f6\u00dfen.<br \/>\nDie Gl\u00e4ser haben einen Durchmesser von ca 8,10 und 12cm&#8230;<br \/>\nDie Gr\u00f6\u00dfe der Sockel variieren.<\/p>\n","protected":false},"excerpt":{"rendered":"<p>Diese Windlichter gibt es in 3 Gr\u00f6\u00dfen. Die Gl\u00e4ser haben einen Durchmesser von ca 8,10 und 12cm&#8230; Die Gr\u00f6\u00dfe der Sockel variieren.<\/p>\n","protected":false},"featured_media":1078,"template":"","meta":{"_acf_changed":false},"product_brand":[],"product_cat":[174,103],"product_tag":[],"class_list":{"0":"post-1077","1":"product","2":"type-product","3":"status-publish","4":"has-post-thumbnail","6":"product_cat-wohndekoration","7":"product_cat-wohnen-deko","9":"first","10":"instock","11":"purchasable","12":"product-type-simple"},"acf":[],"_links":{"self":[{"href":"https:\/\/www.regionalis.shop\/holzmanufaktur\/wp-json\/wp\/v2\/product\/1077","targetHints":{"allow":["GET"]}}],"collection":[{"href":"https:\/\/www.regionalis.shop\/holzmanufaktur\/wp-json\/wp\/v2\/product"}],"about":[{"href":"https:\/\/www.regionalis.shop\/holzmanufaktur\/wp-json\/wp\/v2\/types\/product"}],"wp:featuredmedia":[{"embeddable":true,"href":"https:\/\/www.regionalis.shop\/holzmanufaktur\/wp-json\/wp\/v2\/media\/1078"}],"wp:attachment":[{"href":"https:\/\/www.regionalis.shop\/holzmanufaktur\/wp-json\/wp\/v2\/media?parent=1077"}],"wp:term":[{"taxonomy":"product_brand","embeddable":true,"href":"https:\/\/www.regionalis.shop\/holzmanufaktur\/wp-json\/wp\/v2\/product_brand?post=1077"},{"taxonomy":"product_cat","embeddable":true,"href":"https:\/\/www.regionalis.shop\/holzmanufaktur\/wp-json\/wp\/v2\/product_cat?post=1077"},{"taxonomy":"product_tag","embeddable":true,"href":"https:\/\/www.regionalis.shop\/holzmanufaktur\/wp-json\/wp\/v2\/product_tag?post=1077"}],"curies":[{"name":"wp","href":"https:\/\/api.w.org\/{rel}","templated":true}]}}