{"id":1075,"date":"2025-04-28T04:21:36","date_gmt":"2025-04-28T02:21:36","guid":{"rendered":"https:\/\/www.regionalis.shop\/huizbirn\/product\/holz-armband-trachtenschmuck-armkette-2cm-holzschmuck-gestockte-buche-armschmuck\/"},"modified":"2025-04-28T04:21:36","modified_gmt":"2025-04-28T02:21:36","slug":"holz-armband-trachtenschmuck-armkette-2cm-holzschmuck-gestockte-buche-armschmuck","status":"publish","type":"product","link":"https:\/\/www.regionalis.shop\/huizbirn\/shop\/holz-armband-trachtenschmuck-armkette-2cm-holzschmuck-gestockte-buche-armschmuck\/","title":{"rendered":"Holz Armband Trachtenschmuck Armkette 2cm Holzschmuck gestockte Buche Armschmuck"},"content":{"rendered":"<p>Wundersch\u00f6nes Armband Edelstahl verchromt und \u00f6sterreichischem gestocken Buchen-Holz. Ein tolles Accessoire und absoluter Hingucker.<\/p>\n<p>Liebevolle Handarbeit mit H\u00f6lzern aus dem steirischen Wechselland.<\/p>\n<p>Gr\u00f6\u00dfe: Durchmesser 2 cm<br \/>\nVerschluss: Karabiner<br \/>\nHolzart: gestockte Buche<br \/>\nMaterial: Edelstahl, verchromt<\/p>\n<p>Ein nettes Geschenk f\u00fcr Geburtstag, Namenstag, Weihnachten, Oster, Einweihungsparty, Valentinstag oder einfach so!<\/p>\n","protected":false},"excerpt":{"rendered":"<p>Wundersch\u00f6nes Armband Edelstahl verchromt und \u00f6sterreichischem gestocken Buchen-Holz. Ein tolles Accessoire und absoluter Hingucker. Liebevolle Handarbeit mit H\u00f6lzern aus dem steirischen Wechselland. Gr\u00f6\u00dfe: Durchmesser 2 cm Verschluss: Karabiner Holzart: gestockte Buche Material: Edelstahl, verchromt Ein nettes Geschenk f\u00fcr Geburtstag, Namenstag, Weihnachten, Oster, Einweihungsparty, Valentinstag oder einfach so!<\/p>\n","protected":false},"featured_media":1076,"template":"","meta":{"_acf_changed":false},"product_brand":[],"product_cat":[110,70],"product_tag":[],"class_list":{"0":"post-1075","1":"product","2":"type-product","3":"status-publish","4":"has-post-thumbnail","6":"product_cat-armbaender","7":"product_cat-schmuck","9":"first","10":"instock","11":"purchasable","12":"product-type-simple"},"acf":[],"_links":{"self":[{"href":"https:\/\/www.regionalis.shop\/huizbirn\/wp-json\/wp\/v2\/product\/1075","targetHints":{"allow":["GET"]}}],"collection":[{"href":"https:\/\/www.regionalis.shop\/huizbirn\/wp-json\/wp\/v2\/product"}],"about":[{"href":"https:\/\/www.regionalis.shop\/huizbirn\/wp-json\/wp\/v2\/types\/product"}],"wp:featuredmedia":[{"embeddable":true,"href":"https:\/\/www.regionalis.shop\/huizbirn\/wp-json\/wp\/v2\/media\/1076"}],"wp:attachment":[{"href":"https:\/\/www.regionalis.shop\/huizbirn\/wp-json\/wp\/v2\/media?parent=1075"}],"wp:term":[{"taxonomy":"product_brand","embeddable":true,"href":"https:\/\/www.regionalis.shop\/huizbirn\/wp-json\/wp\/v2\/product_brand?post=1075"},{"taxonomy":"product_cat","embeddable":true,"href":"https:\/\/www.regionalis.shop\/huizbirn\/wp-json\/wp\/v2\/product_cat?post=1075"},{"taxonomy":"product_tag","embeddable":true,"href":"https:\/\/www.regionalis.shop\/huizbirn\/wp-json\/wp\/v2\/product_tag?post=1075"}],"curies":[{"name":"wp","href":"https:\/\/api.w.org\/{rel}","templated":true}]}}