{"id":1086,"date":"2025-04-28T04:14:00","date_gmt":"2025-04-28T02:14:00","guid":{"rendered":"https:\/\/www.regionalis.shop\/huizbirn\/product\/holz-drehkugelschreiber-kugelschreiber-laerche-handmade\/"},"modified":"2025-04-28T04:14:00","modified_gmt":"2025-04-28T02:14:00","slug":"holz-drehkugelschreiber-kugelschreiber-laerche-handmade","status":"publish","type":"product","link":"https:\/\/www.regionalis.shop\/huizbirn\/shop\/holz-drehkugelschreiber-kugelschreiber-laerche-handmade\/","title":{"rendered":"Holz Drehkugelschreiber Kugelschreiber L\u00e4rche handmade"},"content":{"rendered":"<p>Handgearbeiteter Kugelschreiber, handgefertigt aus \u00f6sterreichischem L\u00e4rchen-Holz.<\/p>\n<p>Ein absolutes Unikat!<\/p>\n<p>Mine problemlos wechselbar<br \/>\nTintenfarbe schwarz<br \/>\nLieferung erfolgt im handgefertigtem Stoff-T\u00e4schchen<br \/>\nL\u00e4nge ca. 13.5 cm, Bausatz Farbe gold<\/p>\n<p>&#8211;Achtung: Gegen Aufpreis von 8 \u20ac auch Wunschgravur (Namen, etc&#8230;) m\u00f6glich &#8211; einfach bei der Bestellung bekanntgeben.&#8211;<\/p>\n<p>Oberfl\u00e4che: fein geschliffen, lebensmittelecht ge\u00f6lt und poliert.<\/p>\n<p>Dadurch ist dauerhafter Schutz gew\u00e4hrleistet.<\/p>\n<p>Jeder Kugelschreiber ist ein absolutes Unikat und ein ideales Geschenk.<\/p>\n<p>Eine tolle Geschenksidee zum Geburtstag, Weihnachten oder anderen Anlass.<\/p>\n","protected":false},"excerpt":{"rendered":"<p>Handgearbeiteter Kugelschreiber, handgefertigt aus \u00f6sterreichischem L\u00e4rchen-Holz. Ein absolutes Unikat! Mine problemlos wechselbar Tintenfarbe schwarz Lieferung erfolgt im handgefertigtem Stoff-T\u00e4schchen L\u00e4nge ca. 13.5 cm, Bausatz Farbe gold &#8211;Achtung: Gegen Aufpreis von 8 \u20ac auch Wunschgravur (Namen, etc&#8230;) m\u00f6glich &#8211; einfach bei der Bestellung bekanntgeben.&#8211; Oberfl\u00e4che: fein geschliffen, lebensmittelecht ge\u00f6lt und poliert. Dadurch ist dauerhafter Schutz gew\u00e4hrleistet. &hellip; <a href=\"https:\/\/www.regionalis.shop\/huizbirn\/shop\/holz-drehkugelschreiber-kugelschreiber-laerche-handmade\/\">Continued<\/a><\/p>\n","protected":false},"featured_media":1087,"template":"","meta":{"_acf_changed":false},"product_brand":[],"product_cat":[62,72],"product_tag":[],"class_list":{"0":"post-1086","1":"product","2":"type-product","3":"status-publish","4":"has-post-thumbnail","6":"product_cat-papeterie-schreibwaren","7":"product_cat-schreibwaren","9":"first","10":"instock","11":"purchasable","12":"product-type-simple"},"acf":[],"_links":{"self":[{"href":"https:\/\/www.regionalis.shop\/huizbirn\/wp-json\/wp\/v2\/product\/1086","targetHints":{"allow":["GET"]}}],"collection":[{"href":"https:\/\/www.regionalis.shop\/huizbirn\/wp-json\/wp\/v2\/product"}],"about":[{"href":"https:\/\/www.regionalis.shop\/huizbirn\/wp-json\/wp\/v2\/types\/product"}],"wp:featuredmedia":[{"embeddable":true,"href":"https:\/\/www.regionalis.shop\/huizbirn\/wp-json\/wp\/v2\/media\/1087"}],"wp:attachment":[{"href":"https:\/\/www.regionalis.shop\/huizbirn\/wp-json\/wp\/v2\/media?parent=1086"}],"wp:term":[{"taxonomy":"product_brand","embeddable":true,"href":"https:\/\/www.regionalis.shop\/huizbirn\/wp-json\/wp\/v2\/product_brand?post=1086"},{"taxonomy":"product_cat","embeddable":true,"href":"https:\/\/www.regionalis.shop\/huizbirn\/wp-json\/wp\/v2\/product_cat?post=1086"},{"taxonomy":"product_tag","embeddable":true,"href":"https:\/\/www.regionalis.shop\/huizbirn\/wp-json\/wp\/v2\/product_tag?post=1086"}],"curies":[{"name":"wp","href":"https:\/\/api.w.org\/{rel}","templated":true}]}}