{"id":1090,"date":"2025-04-28T04:14:00","date_gmt":"2025-04-28T02:14:00","guid":{"rendered":"https:\/\/www.regionalis.shop\/huizbirn\/product\/holz-flaschenoeffner-kapselheber-essigbaum-verchromt-handmade-geschenk-gravur\/"},"modified":"2025-04-28T04:14:00","modified_gmt":"2025-04-28T02:14:00","slug":"holz-flaschenoeffner-kapselheber-essigbaum-verchromt-handmade-geschenk-gravur","status":"publish","type":"product","link":"https:\/\/www.regionalis.shop\/huizbirn\/shop\/holz-flaschenoeffner-kapselheber-essigbaum-verchromt-handmade-geschenk-gravur\/","title":{"rendered":"Holz Flaschen\u00f6ffner Kapselheber Essigbaum verchromt handmade Geschenk Gravur"},"content":{"rendered":"<p>Wundersch\u00f6ner handgearbeiteter Flaschen\u00f6ffner\/Kapselheber aus \u00f6sterreichischem Essigbaum.<br \/>\nEdel verchromt.<\/p>\n<p>&#8211;Achtung: Gegen Aufpreis von 8 \u20ac auch Wunschgravur (Namen, etc&#8230;) m\u00f6glich &#8211; einfach bei der Bestellung bekanntgeben.&#8211;<\/p>\n<p>Ein tolles Geschenk f\u00fcr jeden, der Freude an Holz hat oder einen Kapselheber ben\u00f6tigt.<\/p>\n<p>Handgearbeitet, geschliffen und versiegelt.<\/p>\n<p>L\u00e4nge: 14 cm<\/p>\n","protected":false},"excerpt":{"rendered":"<p>Wundersch\u00f6ner handgearbeiteter Flaschen\u00f6ffner\/Kapselheber aus \u00f6sterreichischem Essigbaum. Edel verchromt. &#8211;Achtung: Gegen Aufpreis von 8 \u20ac auch Wunschgravur (Namen, etc&#8230;) m\u00f6glich &#8211; einfach bei der Bestellung bekanntgeben.&#8211; Ein tolles Geschenk f\u00fcr jeden, der Freude an Holz hat oder einen Kapselheber ben\u00f6tigt. Handgearbeitet, geschliffen und versiegelt. L\u00e4nge: 14 cm<\/p>\n","protected":false},"featured_media":1091,"template":"","meta":{"_acf_changed":false},"product_brand":[],"product_cat":[127,103],"product_tag":[],"class_list":{"0":"post-1090","1":"product","2":"type-product","3":"status-publish","4":"has-post-thumbnail","6":"product_cat-essen-trinken","7":"product_cat-wohnen-deko","9":"first","10":"instock","11":"purchasable","12":"product-type-simple"},"acf":[],"_links":{"self":[{"href":"https:\/\/www.regionalis.shop\/huizbirn\/wp-json\/wp\/v2\/product\/1090","targetHints":{"allow":["GET"]}}],"collection":[{"href":"https:\/\/www.regionalis.shop\/huizbirn\/wp-json\/wp\/v2\/product"}],"about":[{"href":"https:\/\/www.regionalis.shop\/huizbirn\/wp-json\/wp\/v2\/types\/product"}],"wp:featuredmedia":[{"embeddable":true,"href":"https:\/\/www.regionalis.shop\/huizbirn\/wp-json\/wp\/v2\/media\/1091"}],"wp:attachment":[{"href":"https:\/\/www.regionalis.shop\/huizbirn\/wp-json\/wp\/v2\/media?parent=1090"}],"wp:term":[{"taxonomy":"product_brand","embeddable":true,"href":"https:\/\/www.regionalis.shop\/huizbirn\/wp-json\/wp\/v2\/product_brand?post=1090"},{"taxonomy":"product_cat","embeddable":true,"href":"https:\/\/www.regionalis.shop\/huizbirn\/wp-json\/wp\/v2\/product_cat?post=1090"},{"taxonomy":"product_tag","embeddable":true,"href":"https:\/\/www.regionalis.shop\/huizbirn\/wp-json\/wp\/v2\/product_tag?post=1090"}],"curies":[{"name":"wp","href":"https:\/\/api.w.org\/{rel}","templated":true}]}}