{"id":1102,"date":"2025-04-28T04:12:41","date_gmt":"2025-04-28T02:12:41","guid":{"rendered":"https:\/\/www.regionalis.shop\/huizbirn\/product\/holz-wanduhr-holzuhr-25x23-cm-esche-unikat-handmade-geoelt\/"},"modified":"2025-04-28T04:12:41","modified_gmt":"2025-04-28T02:12:41","slug":"holz-wanduhr-holzuhr-25x23-cm-esche-unikat-handmade-geoelt","status":"publish","type":"product","link":"https:\/\/www.regionalis.shop\/huizbirn\/shop\/holz-wanduhr-holzuhr-25x23-cm-esche-unikat-handmade-geoelt\/","title":{"rendered":"Holz Wanduhr Holzuhr 25&#215;23 cm Esche Unikat handmade ge\u00f6lt"},"content":{"rendered":"<p>Handgefertigte Holz Wanduhr aus sch\u00f6nem Eschenholz. Es handelt sich hier um ein handgefertigtes Unikat, Made in Austria. Liebevoll von Hand gefertigt.<\/p>\n<p>Gr\u00f6\u00dfe\u00a025&#215;23\u00a0cm<br \/>\nOberfl\u00e4che: geschliffen und lebensmittelecht ge\u00f6lt<br \/>\nUhrwerk: hochwertiges, fl\u00fcsterleises\u00a0Quartz Uhrwerk\u00a0 (2 Jahre Garantie!)<br \/>\nLieferumfang: Baumscheibe, Uhrwerk (ohne Batterie), Zeiger, Wandhaken<\/p>\n<p>Das Uhrwerk wurde an der R\u00fcckseite eingefr\u00e4st, wodurch es mit dem Holz abschlie\u00dft. Daher ist eine problemlose Wandmontage m\u00f6glich.<\/p>\n<p>Wissenswertes zu Eschenholz:<br \/>\nEschenholz ist sehr vielseitig und wurde oftmals f\u00fcr Werkzeugstiele,Skiproduktion etc&#8230; verwendet.<br \/>\nHeute findet Eschenholz auch im M\u00f6belbau, Innenausbau, Parkette, Stufenbau, etc&#8230; Einzug.<\/p>\n<p>Der Eschen-Anteil in \u00d6sterreichs W\u00e4ldern ist verh\u00e4ltnism\u00e4\u00dfig gering (ca. 1 %) und der Eschenbestand ist durch einen eingeschleppten Pilz stark bedroht.<\/p>\n<p>Aber keine Angst, diese Esche wurde nicht f\u00fcr diese wundersch\u00f6ne Uhr geschl\u00e4gert \ud83d\ude09<\/p>\n<p>Eschenholz gilt als eher schwer und hart, z\u00e4h und elastisch.<\/p>\n<p>Die Esche ist bis zu H\u00f6hen von 1.200 Metern anzutreffen und wird bis zu 250 Jahre alt. Sie kann bis zu 40 Metern hoch werden und einen Stammdurchmesser von 2 Metern erreichen. Weiters hat die Esche auch Ihren Platz in der nordischen Mythologie (Weltenesche Yggdrasil).<\/p>\n<p>Das Holz dieser Uhr ist hell und warm &#8211; und dennoch durch einen ehemaligen &#8222;Untermieter&#8220; individuell gepr\u00e4gt und ein absolutes Unikat.<br \/>\nGeben Sie Ihrem Zuhause einen individuellen Touch, den sonst niemand anders an seiner Wand h\u00e4ngen hat.<\/p>\n<p>Hol dir ein St\u00fcck Natur ins Haus!<\/p>\n<p>PS: Holz ist ein Naturprodukt, leichte Abweichungen in Form, Farbe oder Maserung oder Risse vorbehalten und kein Reklamationsgrund!<\/p>\n<p>Eine tolle Geschenksidee zum Geburtstag, Weihnachten oder anderen Anlass.<\/p>\n","protected":false},"excerpt":{"rendered":"<p>Handgefertigte Holz Wanduhr aus sch\u00f6nem Eschenholz. Es handelt sich hier um ein handgefertigtes Unikat, Made in Austria. Liebevoll von Hand gefertigt. Gr\u00f6\u00dfe\u00a025&#215;23\u00a0cm Oberfl\u00e4che: geschliffen und lebensmittelecht ge\u00f6lt Uhrwerk: hochwertiges, fl\u00fcsterleises\u00a0Quartz Uhrwerk\u00a0 (2 Jahre Garantie!) Lieferumfang: Baumscheibe, Uhrwerk (ohne Batterie), Zeiger, Wandhaken Das Uhrwerk wurde an der R\u00fcckseite eingefr\u00e4st, wodurch es mit dem Holz abschlie\u00dft. Daher &hellip; <a href=\"https:\/\/www.regionalis.shop\/huizbirn\/shop\/holz-wanduhr-holzuhr-25x23-cm-esche-unikat-handmade-geoelt\/\">Continued<\/a><\/p>\n","protected":false},"featured_media":1103,"template":"","meta":{"_acf_changed":false},"product_brand":[],"product_cat":[174,103],"product_tag":[],"class_list":{"0":"post-1102","1":"product","2":"type-product","3":"status-publish","4":"has-post-thumbnail","6":"product_cat-wohndekoration","7":"product_cat-wohnen-deko","9":"first","10":"instock","11":"purchasable","12":"product-type-simple"},"acf":[],"_links":{"self":[{"href":"https:\/\/www.regionalis.shop\/huizbirn\/wp-json\/wp\/v2\/product\/1102","targetHints":{"allow":["GET"]}}],"collection":[{"href":"https:\/\/www.regionalis.shop\/huizbirn\/wp-json\/wp\/v2\/product"}],"about":[{"href":"https:\/\/www.regionalis.shop\/huizbirn\/wp-json\/wp\/v2\/types\/product"}],"wp:featuredmedia":[{"embeddable":true,"href":"https:\/\/www.regionalis.shop\/huizbirn\/wp-json\/wp\/v2\/media\/1103"}],"wp:attachment":[{"href":"https:\/\/www.regionalis.shop\/huizbirn\/wp-json\/wp\/v2\/media?parent=1102"}],"wp:term":[{"taxonomy":"product_brand","embeddable":true,"href":"https:\/\/www.regionalis.shop\/huizbirn\/wp-json\/wp\/v2\/product_brand?post=1102"},{"taxonomy":"product_cat","embeddable":true,"href":"https:\/\/www.regionalis.shop\/huizbirn\/wp-json\/wp\/v2\/product_cat?post=1102"},{"taxonomy":"product_tag","embeddable":true,"href":"https:\/\/www.regionalis.shop\/huizbirn\/wp-json\/wp\/v2\/product_tag?post=1102"}],"curies":[{"name":"wp","href":"https:\/\/api.w.org\/{rel}","templated":true}]}}