{"id":1123,"date":"2025-04-28T04:11:23","date_gmt":"2025-04-28T02:11:23","guid":{"rendered":"https:\/\/www.regionalis.shop\/huizbirn\/product\/holz-armreif-holzschmuck-trachtenschmuck-walnuss-gold-armband-armschmuck-unikat\/"},"modified":"2025-04-28T04:11:23","modified_gmt":"2025-04-28T02:11:23","slug":"holz-armreif-holzschmuck-trachtenschmuck-walnuss-gold-armband-armschmuck-unikat","status":"publish","type":"product","link":"https:\/\/www.regionalis.shop\/huizbirn\/shop\/holz-armreif-holzschmuck-trachtenschmuck-walnuss-gold-armband-armschmuck-unikat\/","title":{"rendered":"Holz Armreif Holzschmuck Trachtenschmuck Walnuss gold Armband Armschmuck Unikat"},"content":{"rendered":"<p>Wundersch\u00f6ner Armreif aus vergoldetem Edelstahl und \u00f6sterreichischem Walnuss-Holz. Ein tolles Accessoire und absoluter Hingucker.<\/p>\n<p>Liebevolle Handarbeit mit H\u00f6lzern aus dem steirischen Wechselland.<\/p>\n<p>Gr\u00f6\u00dfe: Durchmesser 2 cm<br \/>\nHolzart: Walnuss<br \/>\nMaterial: Edelstahl, vergoldet<\/p>\n<p>Eignet sich auch wunderbar als Geschenk. Ideal als Modeschmuck, Trachtenschmuck oder Holzschmuck f\u00fcr den Alltag!<\/p>\n","protected":false},"excerpt":{"rendered":"<p>Wundersch\u00f6ner Armreif aus vergoldetem Edelstahl und \u00f6sterreichischem Walnuss-Holz. Ein tolles Accessoire und absoluter Hingucker. Liebevolle Handarbeit mit H\u00f6lzern aus dem steirischen Wechselland. Gr\u00f6\u00dfe: Durchmesser 2 cm Holzart: Walnuss Material: Edelstahl, vergoldet Eignet sich auch wunderbar als Geschenk. Ideal als Modeschmuck, Trachtenschmuck oder Holzschmuck f\u00fcr den Alltag!<\/p>\n","protected":false},"featured_media":1124,"template":"","meta":{"_acf_changed":false},"product_brand":[],"product_cat":[110,70],"product_tag":[],"class_list":{"0":"post-1123","1":"product","2":"type-product","3":"status-publish","4":"has-post-thumbnail","6":"product_cat-armbaender","7":"product_cat-schmuck","9":"first","10":"instock","11":"purchasable","12":"product-type-simple"},"acf":[],"_links":{"self":[{"href":"https:\/\/www.regionalis.shop\/huizbirn\/wp-json\/wp\/v2\/product\/1123","targetHints":{"allow":["GET"]}}],"collection":[{"href":"https:\/\/www.regionalis.shop\/huizbirn\/wp-json\/wp\/v2\/product"}],"about":[{"href":"https:\/\/www.regionalis.shop\/huizbirn\/wp-json\/wp\/v2\/types\/product"}],"wp:featuredmedia":[{"embeddable":true,"href":"https:\/\/www.regionalis.shop\/huizbirn\/wp-json\/wp\/v2\/media\/1124"}],"wp:attachment":[{"href":"https:\/\/www.regionalis.shop\/huizbirn\/wp-json\/wp\/v2\/media?parent=1123"}],"wp:term":[{"taxonomy":"product_brand","embeddable":true,"href":"https:\/\/www.regionalis.shop\/huizbirn\/wp-json\/wp\/v2\/product_brand?post=1123"},{"taxonomy":"product_cat","embeddable":true,"href":"https:\/\/www.regionalis.shop\/huizbirn\/wp-json\/wp\/v2\/product_cat?post=1123"},{"taxonomy":"product_tag","embeddable":true,"href":"https:\/\/www.regionalis.shop\/huizbirn\/wp-json\/wp\/v2\/product_tag?post=1123"}],"curies":[{"name":"wp","href":"https:\/\/api.w.org\/{rel}","templated":true}]}}