{"id":1130,"date":"2025-04-28T04:09:40","date_gmt":"2025-04-28T02:09:40","guid":{"rendered":"https:\/\/www.regionalis.shop\/huizbirn\/product\/holz-kugelschreiber-zirbe-drehkugelschreiber-handmade\/"},"modified":"2025-04-28T04:09:40","modified_gmt":"2025-04-28T02:09:40","slug":"holz-kugelschreiber-zirbe-drehkugelschreiber-handmade","status":"publish","type":"product","link":"https:\/\/www.regionalis.shop\/huizbirn\/shop\/holz-kugelschreiber-zirbe-drehkugelschreiber-handmade\/","title":{"rendered":"Holz Kugelschreiber Zirbe Drehkugelschreiber handmade"},"content":{"rendered":"<p>Handgearbeitete Kugelschreiber, handgefertigt aus \u00f6sterreichischem Zirben-Holz.<\/p>\n<p>Ein absolutes Unikat!<\/p>\n<p>Eckdaten:<br \/>\nWechselbare Mine, Schriftfarbe schwarz<br \/>\nLieferung erfolgt im handgefertigtem Stoff-T\u00e4schchen<br \/>\nL\u00e4nge ca. 13.5 cm, Bausatz Farbe chrom.<\/p>\n<p>Die Oberfl\u00e4che des Holzes wurde fein geschliffen, anschlie\u00dfend lebensmittelecht ge\u00f6lt und poliert.<br \/>\nDadurch ist dauerhafter Schutz gew\u00e4hrleistet.<\/p>\n<p>Jedes Schreibger\u00e4t ist ein absolutes Unikat und ein ideales Geschenk.<\/p>\n<p>Eine tolle Geschenksidee zum Geburtstag, Weihnachten oder anderen Anlass.<\/p>\n","protected":false},"excerpt":{"rendered":"<p>Handgearbeitete Kugelschreiber, handgefertigt aus \u00f6sterreichischem Zirben-Holz. Ein absolutes Unikat! Eckdaten: Wechselbare Mine, Schriftfarbe schwarz Lieferung erfolgt im handgefertigtem Stoff-T\u00e4schchen L\u00e4nge ca. 13.5 cm, Bausatz Farbe chrom. Die Oberfl\u00e4che des Holzes wurde fein geschliffen, anschlie\u00dfend lebensmittelecht ge\u00f6lt und poliert. Dadurch ist dauerhafter Schutz gew\u00e4hrleistet. Jedes Schreibger\u00e4t ist ein absolutes Unikat und ein ideales Geschenk. Eine tolle &hellip; <a href=\"https:\/\/www.regionalis.shop\/huizbirn\/shop\/holz-kugelschreiber-zirbe-drehkugelschreiber-handmade\/\">Continued<\/a><\/p>\n","protected":false},"featured_media":1131,"template":"","meta":{"_acf_changed":false},"product_brand":[],"product_cat":[161,62],"product_tag":[],"class_list":{"0":"post-1130","1":"product","2":"type-product","3":"status-publish","4":"has-post-thumbnail","6":"product_cat-notizhefte-skizzenbuecher","7":"product_cat-papeterie-schreibwaren","9":"first","10":"instock","11":"purchasable","12":"product-type-simple"},"acf":[],"_links":{"self":[{"href":"https:\/\/www.regionalis.shop\/huizbirn\/wp-json\/wp\/v2\/product\/1130","targetHints":{"allow":["GET"]}}],"collection":[{"href":"https:\/\/www.regionalis.shop\/huizbirn\/wp-json\/wp\/v2\/product"}],"about":[{"href":"https:\/\/www.regionalis.shop\/huizbirn\/wp-json\/wp\/v2\/types\/product"}],"wp:featuredmedia":[{"embeddable":true,"href":"https:\/\/www.regionalis.shop\/huizbirn\/wp-json\/wp\/v2\/media\/1131"}],"wp:attachment":[{"href":"https:\/\/www.regionalis.shop\/huizbirn\/wp-json\/wp\/v2\/media?parent=1130"}],"wp:term":[{"taxonomy":"product_brand","embeddable":true,"href":"https:\/\/www.regionalis.shop\/huizbirn\/wp-json\/wp\/v2\/product_brand?post=1130"},{"taxonomy":"product_cat","embeddable":true,"href":"https:\/\/www.regionalis.shop\/huizbirn\/wp-json\/wp\/v2\/product_cat?post=1130"},{"taxonomy":"product_tag","embeddable":true,"href":"https:\/\/www.regionalis.shop\/huizbirn\/wp-json\/wp\/v2\/product_tag?post=1130"}],"curies":[{"name":"wp","href":"https:\/\/api.w.org\/{rel}","templated":true}]}}