{"id":1151,"date":"2025-04-28T04:09:40","date_gmt":"2025-04-28T02:09:40","guid":{"rendered":"https:\/\/www.regionalis.shop\/huizbirn\/product\/holzkugelschreiber-birne-kugelschreiber-handarbeit-unikat\/"},"modified":"2025-04-28T04:09:40","modified_gmt":"2025-04-28T02:09:40","slug":"holzkugelschreiber-birne-kugelschreiber-handarbeit-unikat","status":"publish","type":"product","link":"https:\/\/www.regionalis.shop\/huizbirn\/shop\/holzkugelschreiber-birne-kugelschreiber-handarbeit-unikat\/","title":{"rendered":"Holzkugelschreiber Birne Kugelschreiber Handarbeit Unikat"},"content":{"rendered":"<p>Handgearbeiteter Holzkugelschreiber, handgefertigt aus \u00f6sterreichischem Birnenholz.<br \/>\nDas Holz stammt aus \u00d6sterreich. Genauer gesagt aus dem oststeirischen Wechselland.<\/p>\n<p>Ein absolutes Unikat!<\/p>\n<p>Details:<br \/>\n&#8211; L\u00e4nge ca. 13.5 cm, Bausatz Farbe gun metallic<br \/>\n&#8211; Mine problemlos wechselbar<br \/>\n&#8211; Tintenfarbe schwarz<br \/>\n&#8211; Lieferung erfolgt im handgefertigtem Stoff-T\u00e4schchen<br \/>\n\u00a0\u00a0 \u00a0<\/p>\n<p>Die Oberfl\u00e4che des Holzes wurde fein geschliffen, lebensmittelecht ge\u00f6lt &#038; versiegelt sowie poliert.<br \/>\nDadurch ist dauerhafter Schutz gew\u00e4hrleistet.<\/p>\n<p>Jeder Kugelschreiber ist ein absolutes Unikat und ein ideales Geschenk.<\/p>\n<p>Eine tolle Geschenksidee zum Geburtstag, Weihnachten oder anderen Anlass.<\/p>\n","protected":false},"excerpt":{"rendered":"<p>Handgearbeiteter Holzkugelschreiber, handgefertigt aus \u00f6sterreichischem Birnenholz. Das Holz stammt aus \u00d6sterreich. Genauer gesagt aus dem oststeirischen Wechselland. Ein absolutes Unikat! Details: &#8211; L\u00e4nge ca. 13.5 cm, Bausatz Farbe gun metallic &#8211; Mine problemlos wechselbar &#8211; Tintenfarbe schwarz &#8211; Lieferung erfolgt im handgefertigtem Stoff-T\u00e4schchen \u00a0\u00a0 \u00a0 Die Oberfl\u00e4che des Holzes wurde fein geschliffen, lebensmittelecht ge\u00f6lt &#038; &hellip; <a href=\"https:\/\/www.regionalis.shop\/huizbirn\/shop\/holzkugelschreiber-birne-kugelschreiber-handarbeit-unikat\/\">Continued<\/a><\/p>\n","protected":false},"featured_media":1152,"template":"","meta":{"_acf_changed":false},"product_brand":[],"product_cat":[62,72],"product_tag":[],"class_list":{"0":"post-1151","1":"product","2":"type-product","3":"status-publish","4":"has-post-thumbnail","6":"product_cat-papeterie-schreibwaren","7":"product_cat-schreibwaren","9":"first","10":"instock","11":"purchasable","12":"product-type-simple"},"acf":[],"_links":{"self":[{"href":"https:\/\/www.regionalis.shop\/huizbirn\/wp-json\/wp\/v2\/product\/1151","targetHints":{"allow":["GET"]}}],"collection":[{"href":"https:\/\/www.regionalis.shop\/huizbirn\/wp-json\/wp\/v2\/product"}],"about":[{"href":"https:\/\/www.regionalis.shop\/huizbirn\/wp-json\/wp\/v2\/types\/product"}],"wp:featuredmedia":[{"embeddable":true,"href":"https:\/\/www.regionalis.shop\/huizbirn\/wp-json\/wp\/v2\/media\/1152"}],"wp:attachment":[{"href":"https:\/\/www.regionalis.shop\/huizbirn\/wp-json\/wp\/v2\/media?parent=1151"}],"wp:term":[{"taxonomy":"product_brand","embeddable":true,"href":"https:\/\/www.regionalis.shop\/huizbirn\/wp-json\/wp\/v2\/product_brand?post=1151"},{"taxonomy":"product_cat","embeddable":true,"href":"https:\/\/www.regionalis.shop\/huizbirn\/wp-json\/wp\/v2\/product_cat?post=1151"},{"taxonomy":"product_tag","embeddable":true,"href":"https:\/\/www.regionalis.shop\/huizbirn\/wp-json\/wp\/v2\/product_tag?post=1151"}],"curies":[{"name":"wp","href":"https:\/\/api.w.org\/{rel}","templated":true}]}}