{"id":1155,"date":"2025-04-28T04:08:52","date_gmt":"2025-04-28T02:08:52","guid":{"rendered":"https:\/\/www.regionalis.shop\/huizbirn\/product\/holzschale-%e2%88%85-24-cm-holzschuessel-obstschale-wildkirsche-handarbeit-unikat\/"},"modified":"2025-04-28T04:08:52","modified_gmt":"2025-04-28T02:08:52","slug":"holzschale-%e2%88%85-24-cm-holzschuessel-obstschale-wildkirsche-handarbeit-unikat","status":"publish","type":"product","link":"https:\/\/www.regionalis.shop\/huizbirn\/shop\/holzschale-%e2%88%85-24-cm-holzschuessel-obstschale-wildkirsche-handarbeit-unikat\/","title":{"rendered":"Holzschale \u2205 24 cm Holzsch\u00fcssel Obstschale Wildkirsche Handarbeit Unikat"},"content":{"rendered":"<p>Wundersch\u00f6ne, handgefertigte Holzschale aus hochwertigem Kirschholz. Jede Schale wird mit viel Liebe zum Detail von Hand gefertigt.<\/p>\n<p>Diese Holzschale besticht mit ihren Ma\u00dfen von 24&#215;5 cm und eignet sich hervorragend f\u00fcr eine Vielzahl von Anwendungszwecke. Sie k\u00f6nnen sie beispielsweise als stilvolle Erg\u00e4nzung auf Ihrem Esstisch verwenden und damit Obst, N\u00fcsse oder andere Leckereien zu pr\u00e4sentieren. Sie eignet sich auch perfekt als dekoratives Element in Ihrem Wohnzimmer oder als Schl\u00fcsselschale im Vorraum.<\/p>\n<p>Das Kirschholz, aus dem die Schale gefertigt ist, zeichnet sich durch seine wundersch\u00f6ne r\u00f6tliche Farbe und seine charakteristische Maserung aus. Jede Schale ist ein Unikat, da das nat\u00fcrliche Holzmaserungsmuster auf jedem St\u00fcck leicht variieren kann. Die Oberfl\u00e4che wurde sorgf\u00e4ltig von Hand geschliffen und mit nat\u00fcrlichen \u00d6len behandelt, um eine glatte Textur und ein seidiges Finish zu erzielen.<\/p>\n<p>Neben ihrer \u00e4sthetischen Sch\u00f6nheit ist unsere Holzschale auch \u00e4u\u00dferst langlebig. Das Kirschholz ist bekannt f\u00fcr seine Stabilit\u00e4t und Best\u00e4ndigkeit, was sicherstellt, dass Sie lange Freude an diesem handgefertigten Unikat haben werden.<\/p>\n<p>Ich lege gro\u00dfe\u00a0Wert auf Nachhaltigkeit und verwenden ausschlie\u00dflich hochwertiges Kirschholz aus \u00d6sterreich bzw. der Region.\u00a0<\/p>\n<p>Verleihen Sie Ihrem Zuhause mit unserer handgefertigten Holzschale aus Kirschholz eine warme und nat\u00fcrliche Note. Ihre Sch\u00f6nheit und die faszinierende Maserung\u00a0machen sie zu einem wahrhaft besonderen St\u00fcck, das Ihre G\u00e4ste begeistern wird. Entdecken Sie die Sch\u00f6nheit und Funktionalit\u00e4t dieser Holzschale und bereichern Sie Ihren Alltag mit nat\u00fcrlicher Eleganz.<\/p>\n<p>Holzart: \u00d6sterreichische Kirsche<br \/>\nGr\u00f6\u00dfe: 24 x 5 cm<br \/>\nOberfl\u00e4che: fein geschliffen, lebensmittelecht ge\u00f6lt<br \/>\nAuch ideal als Geschenk zum Geburtstag, Muttertag, Weihnachten oder viele andere Anl\u00e4sse geeignet!<\/p>\n","protected":false},"excerpt":{"rendered":"<p>Wundersch\u00f6ne, handgefertigte Holzschale aus hochwertigem Kirschholz. Jede Schale wird mit viel Liebe zum Detail von Hand gefertigt. Diese Holzschale besticht mit ihren Ma\u00dfen von 24&#215;5 cm und eignet sich hervorragend f\u00fcr eine Vielzahl von Anwendungszwecke. Sie k\u00f6nnen sie beispielsweise als stilvolle Erg\u00e4nzung auf Ihrem Esstisch verwenden und damit Obst, N\u00fcsse oder andere Leckereien zu pr\u00e4sentieren. &hellip; <a href=\"https:\/\/www.regionalis.shop\/huizbirn\/shop\/holzschale-%e2%88%85-24-cm-holzschuessel-obstschale-wildkirsche-handarbeit-unikat\/\">Continued<\/a><\/p>\n","protected":false},"featured_media":1156,"template":"","meta":{"_acf_changed":false},"product_brand":[],"product_cat":[174,103],"product_tag":[],"class_list":{"0":"post-1155","1":"product","2":"type-product","3":"status-publish","4":"has-post-thumbnail","6":"product_cat-wohndekoration","7":"product_cat-wohnen-deko","9":"first","10":"instock","11":"purchasable","12":"product-type-simple"},"acf":[],"_links":{"self":[{"href":"https:\/\/www.regionalis.shop\/huizbirn\/wp-json\/wp\/v2\/product\/1155","targetHints":{"allow":["GET"]}}],"collection":[{"href":"https:\/\/www.regionalis.shop\/huizbirn\/wp-json\/wp\/v2\/product"}],"about":[{"href":"https:\/\/www.regionalis.shop\/huizbirn\/wp-json\/wp\/v2\/types\/product"}],"wp:featuredmedia":[{"embeddable":true,"href":"https:\/\/www.regionalis.shop\/huizbirn\/wp-json\/wp\/v2\/media\/1156"}],"wp:attachment":[{"href":"https:\/\/www.regionalis.shop\/huizbirn\/wp-json\/wp\/v2\/media?parent=1155"}],"wp:term":[{"taxonomy":"product_brand","embeddable":true,"href":"https:\/\/www.regionalis.shop\/huizbirn\/wp-json\/wp\/v2\/product_brand?post=1155"},{"taxonomy":"product_cat","embeddable":true,"href":"https:\/\/www.regionalis.shop\/huizbirn\/wp-json\/wp\/v2\/product_cat?post=1155"},{"taxonomy":"product_tag","embeddable":true,"href":"https:\/\/www.regionalis.shop\/huizbirn\/wp-json\/wp\/v2\/product_tag?post=1155"}],"curies":[{"name":"wp","href":"https:\/\/api.w.org\/{rel}","templated":true}]}}