{"id":1159,"date":"2025-04-28T04:08:52","date_gmt":"2025-04-28T02:08:52","guid":{"rendered":"https:\/\/www.regionalis.shop\/huizbirn\/product\/weihnachtslicht-birke-2er-set-weihnachtsdeko-mit-teelicht-handarbeit\/"},"modified":"2025-04-28T04:08:52","modified_gmt":"2025-04-28T02:08:52","slug":"weihnachtslicht-birke-2er-set-weihnachtsdeko-mit-teelicht-handarbeit","status":"publish","type":"product","link":"https:\/\/www.regionalis.shop\/huizbirn\/shop\/weihnachtslicht-birke-2er-set-weihnachtsdeko-mit-teelicht-handarbeit\/","title":{"rendered":"Weihnachtslicht Birke 2er Set Weihnachtsdeko mit Teelicht Handarbeit"},"content":{"rendered":"<p>2er Set Teelichthalter\/Kerzenhalter aus \u00f6sterreichischem Birkenholz. Inklusive Kerzenglas und Teelicht.<\/p>\n<p>Ein handgearbeitetes Produkt aus \u00f6sterreichischem Birkenholz. Bringen Sie mit diesem Teelicht mehr Gem\u00fctlichkeit in Ihr Eigenheim.<\/p>\n<p>&#8211; Ma\u00dfe: ca. 7 x 7 cm<br \/>\n&#8211; 2 St\u00fcck Teelichthalter, 2 Glaseins\u00e4tze, 2 Teelichter<br \/>\n&#8211; Handarbeit<\/p>\n<p>Auch Freunde oder Verwandte w\u00fcrden sich sicherlich \u00fcber dieses nette Mitbringsel freuen &#8211; handgefertigt &#038; einzigartig!<\/p>\n<p>Dank des Glaseinsatzes bedenkenlos f\u00fcr echte Teelichter verwendbar.<\/p>\n","protected":false},"excerpt":{"rendered":"<p>2er Set Teelichthalter\/Kerzenhalter aus \u00f6sterreichischem Birkenholz. Inklusive Kerzenglas und Teelicht. Ein handgearbeitetes Produkt aus \u00f6sterreichischem Birkenholz. Bringen Sie mit diesem Teelicht mehr Gem\u00fctlichkeit in Ihr Eigenheim. &#8211; Ma\u00dfe: ca. 7 x 7 cm &#8211; 2 St\u00fcck Teelichthalter, 2 Glaseins\u00e4tze, 2 Teelichter &#8211; Handarbeit Auch Freunde oder Verwandte w\u00fcrden sich sicherlich \u00fcber dieses nette Mitbringsel freuen &hellip; <a href=\"https:\/\/www.regionalis.shop\/huizbirn\/shop\/weihnachtslicht-birke-2er-set-weihnachtsdeko-mit-teelicht-handarbeit\/\">Continued<\/a><\/p>\n","protected":false},"featured_media":1160,"template":"","meta":{"_acf_changed":false},"product_brand":[],"product_cat":[174,103],"product_tag":[],"class_list":{"0":"post-1159","1":"product","2":"type-product","3":"status-publish","4":"has-post-thumbnail","6":"product_cat-wohndekoration","7":"product_cat-wohnen-deko","9":"first","10":"instock","11":"purchasable","12":"product-type-simple"},"acf":[],"_links":{"self":[{"href":"https:\/\/www.regionalis.shop\/huizbirn\/wp-json\/wp\/v2\/product\/1159","targetHints":{"allow":["GET"]}}],"collection":[{"href":"https:\/\/www.regionalis.shop\/huizbirn\/wp-json\/wp\/v2\/product"}],"about":[{"href":"https:\/\/www.regionalis.shop\/huizbirn\/wp-json\/wp\/v2\/types\/product"}],"wp:featuredmedia":[{"embeddable":true,"href":"https:\/\/www.regionalis.shop\/huizbirn\/wp-json\/wp\/v2\/media\/1160"}],"wp:attachment":[{"href":"https:\/\/www.regionalis.shop\/huizbirn\/wp-json\/wp\/v2\/media?parent=1159"}],"wp:term":[{"taxonomy":"product_brand","embeddable":true,"href":"https:\/\/www.regionalis.shop\/huizbirn\/wp-json\/wp\/v2\/product_brand?post=1159"},{"taxonomy":"product_cat","embeddable":true,"href":"https:\/\/www.regionalis.shop\/huizbirn\/wp-json\/wp\/v2\/product_cat?post=1159"},{"taxonomy":"product_tag","embeddable":true,"href":"https:\/\/www.regionalis.shop\/huizbirn\/wp-json\/wp\/v2\/product_tag?post=1159"}],"curies":[{"name":"wp","href":"https:\/\/api.w.org\/{rel}","templated":true}]}}