{"id":1167,"date":"2025-04-28T04:08:52","date_gmt":"2025-04-28T02:08:52","guid":{"rendered":"https:\/\/www.regionalis.shop\/huizbirn\/product\/holz-kugelschreiber-hainbuche-drehkugelschreiber-handmade\/"},"modified":"2025-04-28T04:08:52","modified_gmt":"2025-04-28T02:08:52","slug":"holz-kugelschreiber-hainbuche-drehkugelschreiber-handmade","status":"publish","type":"product","link":"https:\/\/www.regionalis.shop\/huizbirn\/shop\/holz-kugelschreiber-hainbuche-drehkugelschreiber-handmade\/","title":{"rendered":"Holz Kugelschreiber Hainbuche Drehkugelschreiber handmade"},"content":{"rendered":"<p>Handgearbeitete Kugelschreiber, handgefertigt aus \u00f6sterreichischem Hainbuchen Holz.<\/p>\n<p>Ein absolutes Unikat!<\/p>\n<p>Eckdaten:<br \/>\nWechselbare Mine, Schriftfarbe schwarz<br \/>\nLieferung erfolgt im handgefertigtem Stoff-T\u00e4schchen<br \/>\nL\u00e4nge ca. 13.5 cm, Bausatz Farbe blau\/chrom.<\/p>\n<p>Die Oberfl\u00e4che des Holzes wurde fein geschliffen, anschlie\u00dfend lebensmittelecht ge\u00f6lt und poliert.<br \/>\nDadurch ist dauerhafter Schutz gew\u00e4hrleistet.<\/p>\n<p>Jedes Schreibger\u00e4t ist ein absolutes Unikat und ein ideales Geschenk.<\/p>\n<p>Eine tolle Geschenksidee zum Geburtstag, Weihnachten oder anderen Anlass.<\/p>\n","protected":false},"excerpt":{"rendered":"<p>Handgearbeitete Kugelschreiber, handgefertigt aus \u00f6sterreichischem Hainbuchen Holz. Ein absolutes Unikat! Eckdaten: Wechselbare Mine, Schriftfarbe schwarz Lieferung erfolgt im handgefertigtem Stoff-T\u00e4schchen L\u00e4nge ca. 13.5 cm, Bausatz Farbe blau\/chrom. Die Oberfl\u00e4che des Holzes wurde fein geschliffen, anschlie\u00dfend lebensmittelecht ge\u00f6lt und poliert. Dadurch ist dauerhafter Schutz gew\u00e4hrleistet. Jedes Schreibger\u00e4t ist ein absolutes Unikat und ein ideales Geschenk. Eine &hellip; <a href=\"https:\/\/www.regionalis.shop\/huizbirn\/shop\/holz-kugelschreiber-hainbuche-drehkugelschreiber-handmade\/\">Continued<\/a><\/p>\n","protected":false},"featured_media":1168,"template":"","meta":{"_acf_changed":false},"product_brand":[],"product_cat":[62,72],"product_tag":[],"class_list":{"0":"post-1167","1":"product","2":"type-product","3":"status-publish","4":"has-post-thumbnail","6":"product_cat-papeterie-schreibwaren","7":"product_cat-schreibwaren","9":"first","10":"instock","11":"purchasable","12":"product-type-simple"},"acf":[],"_links":{"self":[{"href":"https:\/\/www.regionalis.shop\/huizbirn\/wp-json\/wp\/v2\/product\/1167","targetHints":{"allow":["GET"]}}],"collection":[{"href":"https:\/\/www.regionalis.shop\/huizbirn\/wp-json\/wp\/v2\/product"}],"about":[{"href":"https:\/\/www.regionalis.shop\/huizbirn\/wp-json\/wp\/v2\/types\/product"}],"wp:featuredmedia":[{"embeddable":true,"href":"https:\/\/www.regionalis.shop\/huizbirn\/wp-json\/wp\/v2\/media\/1168"}],"wp:attachment":[{"href":"https:\/\/www.regionalis.shop\/huizbirn\/wp-json\/wp\/v2\/media?parent=1167"}],"wp:term":[{"taxonomy":"product_brand","embeddable":true,"href":"https:\/\/www.regionalis.shop\/huizbirn\/wp-json\/wp\/v2\/product_brand?post=1167"},{"taxonomy":"product_cat","embeddable":true,"href":"https:\/\/www.regionalis.shop\/huizbirn\/wp-json\/wp\/v2\/product_cat?post=1167"},{"taxonomy":"product_tag","embeddable":true,"href":"https:\/\/www.regionalis.shop\/huizbirn\/wp-json\/wp\/v2\/product_tag?post=1167"}],"curies":[{"name":"wp","href":"https:\/\/api.w.org\/{rel}","templated":true}]}}