{"id":1180,"date":"2025-04-28T04:08:00","date_gmt":"2025-04-28T02:08:00","guid":{"rendered":"https:\/\/www.regionalis.shop\/huizbirn\/product\/trachtenkrawatte-herren-hubegger-seide-schwarz-gebluemt-paisley\/"},"modified":"2025-04-28T04:08:00","modified_gmt":"2025-04-28T02:08:00","slug":"trachtenkrawatte-herren-hubegger-seide-schwarz-gebluemt-paisley","status":"publish","type":"product","link":"https:\/\/www.regionalis.shop\/huizbirn\/shop\/trachtenkrawatte-herren-hubegger-seide-schwarz-gebluemt-paisley\/","title":{"rendered":"Trachtenkrawatte Herren Hubegger Seide schwarz gebl\u00fcmt Paisley"},"content":{"rendered":"<p>Wundersch\u00f6ne Trachtenkrawatte von Hubegger.<\/p>\n<p>Die Wiener Firma hat sich l\u00e4ngst \u00fcber die Grenzen \u00d6sterreichs etabliert und steht f\u00fcr sch\u00f6ne Designs und tolle Qualit\u00e4t.<\/p>\n<p>Farbe: dunkel gebl\u00fcmt<br \/>\nQualit\u00e4t: 100 % Seide<br \/>\nBreite: ca. 8 cm<\/p>\n","protected":false},"excerpt":{"rendered":"<p>Wundersch\u00f6ne Trachtenkrawatte von Hubegger. Die Wiener Firma hat sich l\u00e4ngst \u00fcber die Grenzen \u00d6sterreichs etabliert und steht f\u00fcr sch\u00f6ne Designs und tolle Qualit\u00e4t. Farbe: dunkel gebl\u00fcmt Qualit\u00e4t: 100 % Seide Breite: ca. 8 cm<\/p>\n","protected":false},"featured_media":1181,"template":"","meta":{"_acf_changed":false},"product_brand":[],"product_cat":[37,59],"product_tag":[],"class_list":{"0":"post-1180","1":"product","2":"type-product","3":"status-publish","4":"has-post-thumbnail","6":"product_cat-accessoires","7":"product_cat-mascherl-krawatten","9":"first","10":"instock","11":"purchasable","12":"product-type-simple"},"acf":[],"_links":{"self":[{"href":"https:\/\/www.regionalis.shop\/huizbirn\/wp-json\/wp\/v2\/product\/1180","targetHints":{"allow":["GET"]}}],"collection":[{"href":"https:\/\/www.regionalis.shop\/huizbirn\/wp-json\/wp\/v2\/product"}],"about":[{"href":"https:\/\/www.regionalis.shop\/huizbirn\/wp-json\/wp\/v2\/types\/product"}],"wp:featuredmedia":[{"embeddable":true,"href":"https:\/\/www.regionalis.shop\/huizbirn\/wp-json\/wp\/v2\/media\/1181"}],"wp:attachment":[{"href":"https:\/\/www.regionalis.shop\/huizbirn\/wp-json\/wp\/v2\/media?parent=1180"}],"wp:term":[{"taxonomy":"product_brand","embeddable":true,"href":"https:\/\/www.regionalis.shop\/huizbirn\/wp-json\/wp\/v2\/product_brand?post=1180"},{"taxonomy":"product_cat","embeddable":true,"href":"https:\/\/www.regionalis.shop\/huizbirn\/wp-json\/wp\/v2\/product_cat?post=1180"},{"taxonomy":"product_tag","embeddable":true,"href":"https:\/\/www.regionalis.shop\/huizbirn\/wp-json\/wp\/v2\/product_tag?post=1180"}],"curies":[{"name":"wp","href":"https:\/\/api.w.org\/{rel}","templated":true}]}}