{"id":1205,"date":"2025-04-28T04:06:52","date_gmt":"2025-04-28T02:06:52","guid":{"rendered":"https:\/\/www.regionalis.shop\/huizbirn\/product\/holz-flaschenverschluss-weinstoepsel-weinstoppel-walnuss-flaschenverschluss\/"},"modified":"2025-04-28T04:06:52","modified_gmt":"2025-04-28T02:06:52","slug":"holz-flaschenverschluss-weinstoepsel-weinstoppel-walnuss-flaschenverschluss","status":"publish","type":"product","link":"https:\/\/www.regionalis.shop\/huizbirn\/shop\/holz-flaschenverschluss-weinstoepsel-weinstoppel-walnuss-flaschenverschluss\/","title":{"rendered":"Holz Flaschenverschluss Weinst\u00f6psel Weinstoppel Walnuss Flaschenverschluss"},"content":{"rendered":"<p>Wundersch\u00f6ner Flaschenverschluss aus edlem Walnuss-Holz. Handgearbeitetes Unikat aus \u00d6sterreich, Made in Austria, Wood from Austria.<\/p>\n<p>Gesamtl\u00e4nge ca. 7 cm<\/p>\n<p>Verschluss aus Edelstahl mit Gummidichtung. Das Holz wurde fein geschliffen und lebensmittelecht versiegelt.<\/p>\n<p>Der Weinstoppen wird mit Stoff-Tasche geliefert.<\/p>\n<p>Ein ideales Geschenk, egal ob zu Weihnachten, Geburtstag oder Firmenjubil\u00e4um.<\/p>\n","protected":false},"excerpt":{"rendered":"<p>Wundersch\u00f6ner Flaschenverschluss aus edlem Walnuss-Holz. Handgearbeitetes Unikat aus \u00d6sterreich, Made in Austria, Wood from Austria. Gesamtl\u00e4nge ca. 7 cm Verschluss aus Edelstahl mit Gummidichtung. Das Holz wurde fein geschliffen und lebensmittelecht versiegelt. Der Weinstoppen wird mit Stoff-Tasche geliefert. Ein ideales Geschenk, egal ob zu Weihnachten, Geburtstag oder Firmenjubil\u00e4um.<\/p>\n","protected":false},"featured_media":1206,"template":"","meta":{"_acf_changed":false},"product_brand":[],"product_cat":[127,103],"product_tag":[],"class_list":{"0":"post-1205","1":"product","2":"type-product","3":"status-publish","4":"has-post-thumbnail","6":"product_cat-essen-trinken","7":"product_cat-wohnen-deko","9":"first","10":"instock","11":"purchasable","12":"product-type-simple"},"acf":[],"_links":{"self":[{"href":"https:\/\/www.regionalis.shop\/huizbirn\/wp-json\/wp\/v2\/product\/1205","targetHints":{"allow":["GET"]}}],"collection":[{"href":"https:\/\/www.regionalis.shop\/huizbirn\/wp-json\/wp\/v2\/product"}],"about":[{"href":"https:\/\/www.regionalis.shop\/huizbirn\/wp-json\/wp\/v2\/types\/product"}],"wp:featuredmedia":[{"embeddable":true,"href":"https:\/\/www.regionalis.shop\/huizbirn\/wp-json\/wp\/v2\/media\/1206"}],"wp:attachment":[{"href":"https:\/\/www.regionalis.shop\/huizbirn\/wp-json\/wp\/v2\/media?parent=1205"}],"wp:term":[{"taxonomy":"product_brand","embeddable":true,"href":"https:\/\/www.regionalis.shop\/huizbirn\/wp-json\/wp\/v2\/product_brand?post=1205"},{"taxonomy":"product_cat","embeddable":true,"href":"https:\/\/www.regionalis.shop\/huizbirn\/wp-json\/wp\/v2\/product_cat?post=1205"},{"taxonomy":"product_tag","embeddable":true,"href":"https:\/\/www.regionalis.shop\/huizbirn\/wp-json\/wp\/v2\/product_tag?post=1205"}],"curies":[{"name":"wp","href":"https:\/\/api.w.org\/{rel}","templated":true}]}}