{"id":1208,"date":"2025-04-28T04:06:52","date_gmt":"2025-04-28T02:06:52","guid":{"rendered":"https:\/\/www.regionalis.shop\/huizbirn\/product\/holz-schale-obstschale-%e2%88%85-22-cm-holz-schuessel-linde-handmade\/"},"modified":"2025-04-28T04:06:52","modified_gmt":"2025-04-28T02:06:52","slug":"holz-schale-obstschale-%e2%88%85-22-cm-holz-schuessel-linde-handmade","status":"publish","type":"product","link":"https:\/\/www.regionalis.shop\/huizbirn\/shop\/holz-schale-obstschale-%e2%88%85-22-cm-holz-schuessel-linde-handmade\/","title":{"rendered":"Holz Schale Obstschale  \u2205 22 cm Holz Sch\u00fcssel Linde  Handmade"},"content":{"rendered":"<p>Wundersch\u00f6ne, handgearbeitete Schale aus \u00f6sterreichischem Lindenholz.<\/p>\n<p>Durchmesser: ca. 22 cm<\/p>\n<p>H\u00f6he: ca. 6 cm<\/p>\n<p>Die Schale wurde von Hand gedrechselt und mit lebensmittelechtem \u00d6l dauerhaft versiegelt. Ein wundersch\u00f6nes Unikat, Made in Austria.<\/p>\n<p>Linden sind eine imposante Gestalt und k\u00f6nnen bis zu 1.000 Jahre alt werden. Oft findet man in Mitteleuropa noch alte<br \/>\nLinden in Ortszentren, die im Sommer angenehmen Schatten spenden.<\/p>\n<p>Lindenholz gilt als weich und wird eher nur in der Schnitze- oder Bildhauerei verwendet. Allerdings verwendet man das Holz mitunter auch f\u00fcr Furniere oder Sperrholz.<\/p>\n<p>Eine tolle Geschenksidee zum Geburtstag, Weihnachten oder anderen Anlass.<\/p>\n<p>Allgemeiner Hinweis: Holz ist ein Naturprodukt und nicht f\u00fcr den Geschirrsp\u00fcler geeignet!<\/p>\n","protected":false},"excerpt":{"rendered":"<p>Wundersch\u00f6ne, handgearbeitete Schale aus \u00f6sterreichischem Lindenholz. Durchmesser: ca. 22 cm H\u00f6he: ca. 6 cm Die Schale wurde von Hand gedrechselt und mit lebensmittelechtem \u00d6l dauerhaft versiegelt. Ein wundersch\u00f6nes Unikat, Made in Austria. Linden sind eine imposante Gestalt und k\u00f6nnen bis zu 1.000 Jahre alt werden. Oft findet man in Mitteleuropa noch alte Linden in Ortszentren, &hellip; <a href=\"https:\/\/www.regionalis.shop\/huizbirn\/shop\/holz-schale-obstschale-%e2%88%85-22-cm-holz-schuessel-linde-handmade\/\">Continued<\/a><\/p>\n","protected":false},"featured_media":1209,"template":"","meta":{"_acf_changed":false},"product_brand":[],"product_cat":[174,103],"product_tag":[],"class_list":{"0":"post-1208","1":"product","2":"type-product","3":"status-publish","4":"has-post-thumbnail","6":"product_cat-wohndekoration","7":"product_cat-wohnen-deko","9":"first","10":"instock","11":"purchasable","12":"product-type-simple"},"acf":[],"_links":{"self":[{"href":"https:\/\/www.regionalis.shop\/huizbirn\/wp-json\/wp\/v2\/product\/1208","targetHints":{"allow":["GET"]}}],"collection":[{"href":"https:\/\/www.regionalis.shop\/huizbirn\/wp-json\/wp\/v2\/product"}],"about":[{"href":"https:\/\/www.regionalis.shop\/huizbirn\/wp-json\/wp\/v2\/types\/product"}],"wp:featuredmedia":[{"embeddable":true,"href":"https:\/\/www.regionalis.shop\/huizbirn\/wp-json\/wp\/v2\/media\/1209"}],"wp:attachment":[{"href":"https:\/\/www.regionalis.shop\/huizbirn\/wp-json\/wp\/v2\/media?parent=1208"}],"wp:term":[{"taxonomy":"product_brand","embeddable":true,"href":"https:\/\/www.regionalis.shop\/huizbirn\/wp-json\/wp\/v2\/product_brand?post=1208"},{"taxonomy":"product_cat","embeddable":true,"href":"https:\/\/www.regionalis.shop\/huizbirn\/wp-json\/wp\/v2\/product_cat?post=1208"},{"taxonomy":"product_tag","embeddable":true,"href":"https:\/\/www.regionalis.shop\/huizbirn\/wp-json\/wp\/v2\/product_tag?post=1208"}],"curies":[{"name":"wp","href":"https:\/\/api.w.org\/{rel}","templated":true}]}}