{"id":1215,"date":"2025-04-28T04:06:52","date_gmt":"2025-04-28T02:06:52","guid":{"rendered":"https:\/\/www.regionalis.shop\/huizbirn\/product\/zedern-duftsaeckchen-12-x-10cm-raumduft-antimotten\/"},"modified":"2025-04-28T04:06:52","modified_gmt":"2025-04-28T02:06:52","slug":"zedern-duftsaeckchen-12-x-10cm-raumduft-antimotten","status":"publish","type":"product","link":"https:\/\/www.regionalis.shop\/huizbirn\/shop\/zedern-duftsaeckchen-12-x-10cm-raumduft-antimotten\/","title":{"rendered":"Zedern Dufts\u00e4ckchen 12 x 10cm Raumduft Antimotten"},"content":{"rendered":"<p>Zedern Dufts\u00e4ckchen aus frischen Sp\u00e4nen einer \u00f6sterreichischen Atlas-Zeder.<\/p>\n<p>Wer meint, dass Zedernsp\u00e4ne Abfall sind, der irrt gewaltig \ud83d\ude09<\/p>\n<p>Dieses Dufts\u00e4ckchen k\u00f6nnen Sie sich als Motten-Abwehr in den Kleiderschrank h\u00e4ngen, aber genauso unter das Kopfkissen legen.<\/p>\n<p>Dem Duft von Zedernholz sagt man genauso beruhigende und wohltuende Wirkung wie der Zirbe nach.<\/p>\n<p>Ma\u00dfe:<br \/>\nca. 12 x 9 cm<\/p>\n<p>Farbe Dufts\u00e4ckchen:<br \/>\nfarblich sortiert oder Extrawunsch bekanntgeben<\/p>\n","protected":false},"excerpt":{"rendered":"<p>Zedern Dufts\u00e4ckchen aus frischen Sp\u00e4nen einer \u00f6sterreichischen Atlas-Zeder. Wer meint, dass Zedernsp\u00e4ne Abfall sind, der irrt gewaltig \ud83d\ude09 Dieses Dufts\u00e4ckchen k\u00f6nnen Sie sich als Motten-Abwehr in den Kleiderschrank h\u00e4ngen, aber genauso unter das Kopfkissen legen. Dem Duft von Zedernholz sagt man genauso beruhigende und wohltuende Wirkung wie der Zirbe nach. Ma\u00dfe: ca. 12 x 9 &hellip; <a href=\"https:\/\/www.regionalis.shop\/huizbirn\/shop\/zedern-duftsaeckchen-12-x-10cm-raumduft-antimotten\/\">Continued<\/a><\/p>\n","protected":false},"featured_media":1216,"template":"","meta":{"_acf_changed":false},"product_brand":[],"product_cat":[160,103],"product_tag":[],"class_list":{"0":"post-1215","1":"product","2":"type-product","3":"status-publish","4":"has-post-thumbnail","6":"product_cat-nachhaltiger-haushalt","7":"product_cat-wohnen-deko","9":"first","10":"instock","11":"purchasable","12":"product-type-simple"},"acf":[],"_links":{"self":[{"href":"https:\/\/www.regionalis.shop\/huizbirn\/wp-json\/wp\/v2\/product\/1215","targetHints":{"allow":["GET"]}}],"collection":[{"href":"https:\/\/www.regionalis.shop\/huizbirn\/wp-json\/wp\/v2\/product"}],"about":[{"href":"https:\/\/www.regionalis.shop\/huizbirn\/wp-json\/wp\/v2\/types\/product"}],"wp:featuredmedia":[{"embeddable":true,"href":"https:\/\/www.regionalis.shop\/huizbirn\/wp-json\/wp\/v2\/media\/1216"}],"wp:attachment":[{"href":"https:\/\/www.regionalis.shop\/huizbirn\/wp-json\/wp\/v2\/media?parent=1215"}],"wp:term":[{"taxonomy":"product_brand","embeddable":true,"href":"https:\/\/www.regionalis.shop\/huizbirn\/wp-json\/wp\/v2\/product_brand?post=1215"},{"taxonomy":"product_cat","embeddable":true,"href":"https:\/\/www.regionalis.shop\/huizbirn\/wp-json\/wp\/v2\/product_cat?post=1215"},{"taxonomy":"product_tag","embeddable":true,"href":"https:\/\/www.regionalis.shop\/huizbirn\/wp-json\/wp\/v2\/product_tag?post=1215"}],"curies":[{"name":"wp","href":"https:\/\/api.w.org\/{rel}","templated":true}]}}