{"id":1218,"date":"2025-04-28T04:05:59","date_gmt":"2025-04-28T02:05:59","guid":{"rendered":"https:\/\/www.regionalis.shop\/huizbirn\/product\/holz-briefoeffner-oeffner-walnuss-handmade-gravur-moeglich-handmade\/"},"modified":"2025-04-28T04:05:59","modified_gmt":"2025-04-28T02:05:59","slug":"holz-briefoeffner-oeffner-walnuss-handmade-gravur-moeglich-handmade","status":"publish","type":"product","link":"https:\/\/www.regionalis.shop\/huizbirn\/shop\/holz-briefoeffner-oeffner-walnuss-handmade-gravur-moeglich-handmade\/","title":{"rendered":"Holz Brief\u00f6ffner \u00d6ffner Walnuss handmade Gravur m\u00f6glich handmade"},"content":{"rendered":"<p>Wundersch\u00f6ner handgearbeiteter Brief\u00f6ffner, handgefertigt aus \u00f6sterreichischem Walnuss-Holz.<\/p>\n<p>Ein absolutes Unikat!<\/p>\n<p>    L\u00e4nge ca. 15 cm, Bausatz Farbe gold<\/p>\n<p>&#8211;Achtung: Gegen Aufpreis von 8 \u20ac auch Wunschgravur (Namen, etc&#8230;) m\u00f6glich &#8211; einfach bei der Bestellung bekanntgeben.&#8211;<\/p>\n<p>Die Oberfl\u00e4che des Holzes wurde fein geschliffen, lebensmittelecht ge\u00f6lt und poliert.<br \/>\nDadurch ist dauerhafter Schutz gew\u00e4hrleistet.<\/p>\n<p>Ein absolutes Unikat und ein ideales Geschenk.<\/p>\n<p>Eine tolle Geschenksidee zum Geburtstag, Weihnachten oder anderen Anlass.<\/p>\n","protected":false},"excerpt":{"rendered":"<p>Wundersch\u00f6ner handgearbeiteter Brief\u00f6ffner, handgefertigt aus \u00f6sterreichischem Walnuss-Holz. Ein absolutes Unikat! L\u00e4nge ca. 15 cm, Bausatz Farbe gold &#8211;Achtung: Gegen Aufpreis von 8 \u20ac auch Wunschgravur (Namen, etc&#8230;) m\u00f6glich &#8211; einfach bei der Bestellung bekanntgeben.&#8211; Die Oberfl\u00e4che des Holzes wurde fein geschliffen, lebensmittelecht ge\u00f6lt und poliert. Dadurch ist dauerhafter Schutz gew\u00e4hrleistet. Ein absolutes Unikat und ein &hellip; <a href=\"https:\/\/www.regionalis.shop\/huizbirn\/shop\/holz-briefoeffner-oeffner-walnuss-handmade-gravur-moeglich-handmade\/\">Continued<\/a><\/p>\n","protected":false},"featured_media":1219,"template":"","meta":{"_acf_changed":false},"product_brand":[],"product_cat":[172,103],"product_tag":[],"class_list":{"0":"post-1218","1":"product","2":"type-product","3":"status-publish","4":"has-post-thumbnail","6":"product_cat-verpacken-verstauen","7":"product_cat-wohnen-deko","9":"first","10":"instock","11":"purchasable","12":"product-type-simple"},"acf":[],"_links":{"self":[{"href":"https:\/\/www.regionalis.shop\/huizbirn\/wp-json\/wp\/v2\/product\/1218","targetHints":{"allow":["GET"]}}],"collection":[{"href":"https:\/\/www.regionalis.shop\/huizbirn\/wp-json\/wp\/v2\/product"}],"about":[{"href":"https:\/\/www.regionalis.shop\/huizbirn\/wp-json\/wp\/v2\/types\/product"}],"wp:featuredmedia":[{"embeddable":true,"href":"https:\/\/www.regionalis.shop\/huizbirn\/wp-json\/wp\/v2\/media\/1219"}],"wp:attachment":[{"href":"https:\/\/www.regionalis.shop\/huizbirn\/wp-json\/wp\/v2\/media?parent=1218"}],"wp:term":[{"taxonomy":"product_brand","embeddable":true,"href":"https:\/\/www.regionalis.shop\/huizbirn\/wp-json\/wp\/v2\/product_brand?post=1218"},{"taxonomy":"product_cat","embeddable":true,"href":"https:\/\/www.regionalis.shop\/huizbirn\/wp-json\/wp\/v2\/product_cat?post=1218"},{"taxonomy":"product_tag","embeddable":true,"href":"https:\/\/www.regionalis.shop\/huizbirn\/wp-json\/wp\/v2\/product_tag?post=1218"}],"curies":[{"name":"wp","href":"https:\/\/api.w.org\/{rel}","templated":true}]}}