{"id":1230,"date":"2025-04-28T04:04:58","date_gmt":"2025-04-28T02:04:58","guid":{"rendered":"https:\/\/www.regionalis.shop\/huizbirn\/product\/holzfuellfeder-holzfueller-platane-unikat-handmade-geschenksidee\/"},"modified":"2025-04-28T04:04:58","modified_gmt":"2025-04-28T02:04:58","slug":"holzfuellfeder-holzfueller-platane-unikat-handmade-geschenksidee","status":"publish","type":"product","link":"https:\/\/www.regionalis.shop\/huizbirn\/shop\/holzfuellfeder-holzfueller-platane-unikat-handmade-geschenksidee\/","title":{"rendered":"Holzf\u00fcllfeder Holzf\u00fcller Platane Unikat handmade Geschenksidee"},"content":{"rendered":"<p>Handgearbeitete F\u00fcllfeder, handgefertigt aus \u00f6sterreichischem Platanen-Holz.<br \/>\nEin absolutes Unikat aus dem oststeirischen Wechselland!<\/p>\n<p>    Lieferung erfolgt im handgefertigtem Stoff-T\u00e4schchen<br \/>\n    L\u00e4nge ca. 13.5 cm, Bausatz Farbe 24K-Gold<\/p>\n<p>Die Oberfl\u00e4che wurde fein geschliffen und lebensmittelecht versiegelt!<\/p>\n<p>Jeder Kugelschreiber ist ein absolutes Unikat und ein ideales Geschenk.<\/p>\n<p>Eine tolle Geschenksidee zum Geburtstag, Weihnachten oder anderen Anlass.<\/p>\n","protected":false},"excerpt":{"rendered":"<p>Handgearbeitete F\u00fcllfeder, handgefertigt aus \u00f6sterreichischem Platanen-Holz. Ein absolutes Unikat aus dem oststeirischen Wechselland! Lieferung erfolgt im handgefertigtem Stoff-T\u00e4schchen L\u00e4nge ca. 13.5 cm, Bausatz Farbe 24K-Gold Die Oberfl\u00e4che wurde fein geschliffen und lebensmittelecht versiegelt! Jeder Kugelschreiber ist ein absolutes Unikat und ein ideales Geschenk. Eine tolle Geschenksidee zum Geburtstag, Weihnachten oder anderen Anlass.<\/p>\n","protected":false},"featured_media":1231,"template":"","meta":{"_acf_changed":false},"product_brand":[],"product_cat":[161,62],"product_tag":[],"class_list":{"0":"post-1230","1":"product","2":"type-product","3":"status-publish","4":"has-post-thumbnail","6":"product_cat-notizhefte-skizzenbuecher","7":"product_cat-papeterie-schreibwaren","9":"first","10":"instock","11":"purchasable","12":"product-type-simple"},"acf":[],"_links":{"self":[{"href":"https:\/\/www.regionalis.shop\/huizbirn\/wp-json\/wp\/v2\/product\/1230","targetHints":{"allow":["GET"]}}],"collection":[{"href":"https:\/\/www.regionalis.shop\/huizbirn\/wp-json\/wp\/v2\/product"}],"about":[{"href":"https:\/\/www.regionalis.shop\/huizbirn\/wp-json\/wp\/v2\/types\/product"}],"wp:featuredmedia":[{"embeddable":true,"href":"https:\/\/www.regionalis.shop\/huizbirn\/wp-json\/wp\/v2\/media\/1231"}],"wp:attachment":[{"href":"https:\/\/www.regionalis.shop\/huizbirn\/wp-json\/wp\/v2\/media?parent=1230"}],"wp:term":[{"taxonomy":"product_brand","embeddable":true,"href":"https:\/\/www.regionalis.shop\/huizbirn\/wp-json\/wp\/v2\/product_brand?post=1230"},{"taxonomy":"product_cat","embeddable":true,"href":"https:\/\/www.regionalis.shop\/huizbirn\/wp-json\/wp\/v2\/product_cat?post=1230"},{"taxonomy":"product_tag","embeddable":true,"href":"https:\/\/www.regionalis.shop\/huizbirn\/wp-json\/wp\/v2\/product_tag?post=1230"}],"curies":[{"name":"wp","href":"https:\/\/api.w.org\/{rel}","templated":true}]}}