{"id":1252,"date":"2025-04-28T04:01:44","date_gmt":"2025-04-28T02:01:44","guid":{"rendered":"https:\/\/www.regionalis.shop\/huizbirn\/product\/holz-wanduhr-holzuhr-26x23-baumscheibenuhr-apfel-uhr-holzdeko-geschenk-handmade\/"},"modified":"2025-04-28T04:01:44","modified_gmt":"2025-04-28T02:01:44","slug":"holz-wanduhr-holzuhr-26x23-baumscheibenuhr-apfel-uhr-holzdeko-geschenk-handmade","status":"publish","type":"product","link":"https:\/\/www.regionalis.shop\/huizbirn\/shop\/holz-wanduhr-holzuhr-26x23-baumscheibenuhr-apfel-uhr-holzdeko-geschenk-handmade\/","title":{"rendered":"Holz Wanduhr Holzuhr 26&#215;23 Baumscheibenuhr Apfel Uhr Holzdeko Geschenk handmade"},"content":{"rendered":"<p>Ein wundersch\u00f6nes Unikat aus \u00f6sterreichischem Apfelbaumholz.<\/p>\n<p>Man darf sich beim Apfelbaum nicht nur an schmackhaften \u00c4pfeln erfreuen &#8211; der Apfelbaum liefert auch ein wundersch\u00f6nes Holz und je nach Stamm in unterschiedlichten Rot-, Braun-, oder Gelbt\u00f6nen!<br \/>\nDas Holz des Apfelbaumes ist feinporig und hart. Apfelholz wird oft f\u00fcr Drechselarbeiten, Furniere, Spielzeug oder Schnitzereien verwendet &#8211; \u00fcberall dort wo ausdrucksstarkes und farbenfrohes Holz gefragt ist.<\/p>\n<p>Es handelt sich hier um ein handgefertigtes Unikat, Made in Austria mit Holz aus der \u00f6sterreichischen Steiermark.<\/p>\n<p>Ma\u00dfe: ca. 26 x 22,5 cm<br \/>\nOberfl\u00e4che: fein geschliffen und lebensmittelecht ge\u00f6lt<br \/>\nUhrwerk: hochwertiges Quartz-Uhrwerk<br \/>\ninkl. Zeiger und Wandaufh\u00e4ngung<\/p>\n<p>Hol dir ein St\u00fcck Natur ins Haus!<\/p>\n<p>PS: Holz ist ein Naturprodukt, leichte Abweichungen in Form, Farbe oder Maserung oder Risse vorbehalten und kein Reklamationsgrund!<\/p>\n<p>Eine tolle Geschenksidee zum Geburtstag, Weihnachten oder anderen Anlass.<\/p>\n","protected":false},"excerpt":{"rendered":"<p>Ein wundersch\u00f6nes Unikat aus \u00f6sterreichischem Apfelbaumholz. Man darf sich beim Apfelbaum nicht nur an schmackhaften \u00c4pfeln erfreuen &#8211; der Apfelbaum liefert auch ein wundersch\u00f6nes Holz und je nach Stamm in unterschiedlichten Rot-, Braun-, oder Gelbt\u00f6nen! Das Holz des Apfelbaumes ist feinporig und hart. Apfelholz wird oft f\u00fcr Drechselarbeiten, Furniere, Spielzeug oder Schnitzereien verwendet &#8211; \u00fcberall &hellip; <a href=\"https:\/\/www.regionalis.shop\/huizbirn\/shop\/holz-wanduhr-holzuhr-26x23-baumscheibenuhr-apfel-uhr-holzdeko-geschenk-handmade\/\">Continued<\/a><\/p>\n","protected":false},"featured_media":1253,"template":"","meta":{"_acf_changed":false},"product_brand":[],"product_cat":[174,103],"product_tag":[],"class_list":{"0":"post-1252","1":"product","2":"type-product","3":"status-publish","4":"has-post-thumbnail","6":"product_cat-wohndekoration","7":"product_cat-wohnen-deko","9":"first","10":"instock","11":"purchasable","12":"product-type-simple"},"acf":[],"_links":{"self":[{"href":"https:\/\/www.regionalis.shop\/huizbirn\/wp-json\/wp\/v2\/product\/1252","targetHints":{"allow":["GET"]}}],"collection":[{"href":"https:\/\/www.regionalis.shop\/huizbirn\/wp-json\/wp\/v2\/product"}],"about":[{"href":"https:\/\/www.regionalis.shop\/huizbirn\/wp-json\/wp\/v2\/types\/product"}],"wp:featuredmedia":[{"embeddable":true,"href":"https:\/\/www.regionalis.shop\/huizbirn\/wp-json\/wp\/v2\/media\/1253"}],"wp:attachment":[{"href":"https:\/\/www.regionalis.shop\/huizbirn\/wp-json\/wp\/v2\/media?parent=1252"}],"wp:term":[{"taxonomy":"product_brand","embeddable":true,"href":"https:\/\/www.regionalis.shop\/huizbirn\/wp-json\/wp\/v2\/product_brand?post=1252"},{"taxonomy":"product_cat","embeddable":true,"href":"https:\/\/www.regionalis.shop\/huizbirn\/wp-json\/wp\/v2\/product_cat?post=1252"},{"taxonomy":"product_tag","embeddable":true,"href":"https:\/\/www.regionalis.shop\/huizbirn\/wp-json\/wp\/v2\/product_tag?post=1252"}],"curies":[{"name":"wp","href":"https:\/\/api.w.org\/{rel}","templated":true}]}}