{"id":1256,"date":"2025-04-28T04:01:44","date_gmt":"2025-04-28T02:01:44","guid":{"rendered":"https:\/\/www.regionalis.shop\/huizbirn\/product\/holz-rollerpen-rollerball-apfel-pen-geschenk-handmade\/"},"modified":"2025-04-28T04:01:44","modified_gmt":"2025-04-28T02:01:44","slug":"holz-rollerpen-rollerball-apfel-pen-geschenk-handmade","status":"publish","type":"product","link":"https:\/\/www.regionalis.shop\/huizbirn\/shop\/holz-rollerpen-rollerball-apfel-pen-geschenk-handmade\/","title":{"rendered":"Holz Rollerpen Rollerball Apfel Pen Geschenk handmade"},"content":{"rendered":"<p>Handgearbeiteter Holz Rollerpen, handgefertigt aus \u00f6sterreichischem Apfel-Holz.<\/p>\n<p>Ein absolutes Unikat und mit traumhafter Maserung! \u00dcberzeugen Sie sich selbst von den tollen feinen Ver\u00e4stelungen und\u00a0<br \/>\ndem einzigartigen, grandiosen Oberfl\u00e4chenbild.<\/p>\n<p>Eckdaten:<br \/>\nhochwertiger Bausatz, top verarbeitet, 24k vergoldet<br \/>\nwechselbare, hochwertige Schmidt-Mine<br \/>\nSchriftfarbe schwarz<br \/>\nL\u00e4nge ca. 13.5 cm<br \/>\nLieferung erfolgt im handgefertigtem Stoff-T\u00e4schchen<\/p>\n<p>Die Oberfl\u00e4che des Holzes wurde fein geschliffen, ge\u00f6lt &#038; versiegelt sowie poliert.<br \/>\nDadurch ist dauerhafter Schutz gew\u00e4hrleistet.<\/p>\n<p>Jedes Schreibger\u00e4t ist ein absolutes Unikat und ein ideales Geschenk.<\/p>\n<p>Eine tolle Geschenksidee zum Geburtstag, Weihnachten oder anderen Anlass.<\/p>\n","protected":false},"excerpt":{"rendered":"<p>Handgearbeiteter Holz Rollerpen, handgefertigt aus \u00f6sterreichischem Apfel-Holz. Ein absolutes Unikat und mit traumhafter Maserung! \u00dcberzeugen Sie sich selbst von den tollen feinen Ver\u00e4stelungen und\u00a0 dem einzigartigen, grandiosen Oberfl\u00e4chenbild. Eckdaten: hochwertiger Bausatz, top verarbeitet, 24k vergoldet wechselbare, hochwertige Schmidt-Mine Schriftfarbe schwarz L\u00e4nge ca. 13.5 cm Lieferung erfolgt im handgefertigtem Stoff-T\u00e4schchen Die Oberfl\u00e4che des Holzes wurde fein &hellip; <a href=\"https:\/\/www.regionalis.shop\/huizbirn\/shop\/holz-rollerpen-rollerball-apfel-pen-geschenk-handmade\/\">Continued<\/a><\/p>\n","protected":false},"featured_media":1257,"template":"","meta":{"_acf_changed":false},"product_brand":[],"product_cat":[161,62],"product_tag":[],"class_list":{"0":"post-1256","1":"product","2":"type-product","3":"status-publish","4":"has-post-thumbnail","6":"product_cat-notizhefte-skizzenbuecher","7":"product_cat-papeterie-schreibwaren","9":"first","10":"instock","11":"purchasable","12":"product-type-simple"},"acf":[],"_links":{"self":[{"href":"https:\/\/www.regionalis.shop\/huizbirn\/wp-json\/wp\/v2\/product\/1256","targetHints":{"allow":["GET"]}}],"collection":[{"href":"https:\/\/www.regionalis.shop\/huizbirn\/wp-json\/wp\/v2\/product"}],"about":[{"href":"https:\/\/www.regionalis.shop\/huizbirn\/wp-json\/wp\/v2\/types\/product"}],"wp:featuredmedia":[{"embeddable":true,"href":"https:\/\/www.regionalis.shop\/huizbirn\/wp-json\/wp\/v2\/media\/1257"}],"wp:attachment":[{"href":"https:\/\/www.regionalis.shop\/huizbirn\/wp-json\/wp\/v2\/media?parent=1256"}],"wp:term":[{"taxonomy":"product_brand","embeddable":true,"href":"https:\/\/www.regionalis.shop\/huizbirn\/wp-json\/wp\/v2\/product_brand?post=1256"},{"taxonomy":"product_cat","embeddable":true,"href":"https:\/\/www.regionalis.shop\/huizbirn\/wp-json\/wp\/v2\/product_cat?post=1256"},{"taxonomy":"product_tag","embeddable":true,"href":"https:\/\/www.regionalis.shop\/huizbirn\/wp-json\/wp\/v2\/product_tag?post=1256"}],"curies":[{"name":"wp","href":"https:\/\/api.w.org\/{rel}","templated":true}]}}