{"id":1266,"date":"2025-04-28T03:57:51","date_gmt":"2025-04-28T01:57:51","guid":{"rendered":"https:\/\/www.regionalis.shop\/huizbirn\/product\/holz-wanduhr-27x25-cm-ahorn-holzuhr-geschenk-unikat-baumscheibenuhr\/"},"modified":"2025-04-28T03:57:51","modified_gmt":"2025-04-28T01:57:51","slug":"holz-wanduhr-27x25-cm-ahorn-holzuhr-geschenk-unikat-baumscheibenuhr","status":"publish","type":"product","link":"https:\/\/www.regionalis.shop\/huizbirn\/shop\/holz-wanduhr-27x25-cm-ahorn-holzuhr-geschenk-unikat-baumscheibenuhr\/","title":{"rendered":"Holz Wanduhr 27&#215;25 cm Ahorn Holzuhr Geschenk Unikat Baumscheibenuhr"},"content":{"rendered":"<p>Wanduhr gefertigt aus \u00f6sterreichischem Ahorn Holz.<\/p>\n<p>Durch die relativ ruhige Maserung hat die Optik dieser Wanduhr eine eher &#8222;beruhigende&#8220; Wirkung und bringt durch ihre warme Farbgebung trotzdem eine liebevolle Atmosph\u00e4re in Ihr Eigenheim.<\/p>\n<p>Ahorn-B\u00e4ume sind h\u00e4ufig verbreitet &#8211; in Alleen findet man beispielsweise oft Spitzahorn, in G\u00e4rten diverse japanische F\u00e4cherahorne oder den optisch sehr ansprechenden Blutahorn. Gerne wird der Feldahorn aber auch auf Stra\u00dfenb\u00f6schungen oder als Hecken verpflanzt &#8211; wobei der Bergahorn auch durchaus in heimischen W\u00e4ldern anzutreffen ist.<\/p>\n<p>Es gibt wohl kaum jemanden, der Ahorn-Samen NICHT kennt, wenn sie im Herbst kreiselnd vom Baum schwirren.<\/p>\n<p>Ahorn-Holz wird fast ausschlie\u00dflich im Innenbereich f\u00fcr M\u00f6bel, Fu\u00dfb\u00f6den oder Streichinstrumente verwendet &#8211; l\u00e4sst sich allerdings auch vorz\u00fcglich drechseln.<\/p>\n<p>Bei dieser Uhr handelt es sich um ein ein handgefertigtes Unikat, Made in Austria. Das Holz stammt von einem<br \/>\nsteirischen Berg-Ahorn.<\/p>\n<p>Ma\u00dfe: 27 x 25 cm<\/p>\n<p>Oberfl\u00e4che: fein geschliffen und lebensmittelecht ge\u00f6lt<\/p>\n<p>Uhrwerk: hochwertiges, fl\u00fcsterleises Quartzuhrwerk, batteriebetrieben<\/p>\n<p>Lieferumfang: Wanduhr inkl. Uhrwerk, Zeiger und Zubeh\u00f6r zur Wandmontage<\/p>\n<p>Hol dir ein St\u00fcck Natur ins Haus!<\/p>\n<p>PS: Leichte Abweichungen in Form, Farbe sowie Rissbildung m\u00f6glich. Holz ist ein Naturprodukt und daher gelten die oben genannten Umst\u00e4nde nicht als Reklamationsgrund.<\/p>\n<p>Eine tolle Geschenksidee zum Geburtstag, Weihnachten oder anderen Anlass.<\/p>\n","protected":false},"excerpt":{"rendered":"<p>Wanduhr gefertigt aus \u00f6sterreichischem Ahorn Holz. Durch die relativ ruhige Maserung hat die Optik dieser Wanduhr eine eher &#8222;beruhigende&#8220; Wirkung und bringt durch ihre warme Farbgebung trotzdem eine liebevolle Atmosph\u00e4re in Ihr Eigenheim. Ahorn-B\u00e4ume sind h\u00e4ufig verbreitet &#8211; in Alleen findet man beispielsweise oft Spitzahorn, in G\u00e4rten diverse japanische F\u00e4cherahorne oder den optisch sehr ansprechenden &hellip; <a href=\"https:\/\/www.regionalis.shop\/huizbirn\/shop\/holz-wanduhr-27x25-cm-ahorn-holzuhr-geschenk-unikat-baumscheibenuhr\/\">Continued<\/a><\/p>\n","protected":false},"featured_media":1267,"template":"","meta":{"_acf_changed":false},"product_brand":[],"product_cat":[174,103],"product_tag":[],"class_list":{"0":"post-1266","1":"product","2":"type-product","3":"status-publish","4":"has-post-thumbnail","6":"product_cat-wohndekoration","7":"product_cat-wohnen-deko","9":"first","10":"instock","11":"purchasable","12":"product-type-simple"},"acf":[],"_links":{"self":[{"href":"https:\/\/www.regionalis.shop\/huizbirn\/wp-json\/wp\/v2\/product\/1266","targetHints":{"allow":["GET"]}}],"collection":[{"href":"https:\/\/www.regionalis.shop\/huizbirn\/wp-json\/wp\/v2\/product"}],"about":[{"href":"https:\/\/www.regionalis.shop\/huizbirn\/wp-json\/wp\/v2\/types\/product"}],"wp:featuredmedia":[{"embeddable":true,"href":"https:\/\/www.regionalis.shop\/huizbirn\/wp-json\/wp\/v2\/media\/1267"}],"wp:attachment":[{"href":"https:\/\/www.regionalis.shop\/huizbirn\/wp-json\/wp\/v2\/media?parent=1266"}],"wp:term":[{"taxonomy":"product_brand","embeddable":true,"href":"https:\/\/www.regionalis.shop\/huizbirn\/wp-json\/wp\/v2\/product_brand?post=1266"},{"taxonomy":"product_cat","embeddable":true,"href":"https:\/\/www.regionalis.shop\/huizbirn\/wp-json\/wp\/v2\/product_cat?post=1266"},{"taxonomy":"product_tag","embeddable":true,"href":"https:\/\/www.regionalis.shop\/huizbirn\/wp-json\/wp\/v2\/product_tag?post=1266"}],"curies":[{"name":"wp","href":"https:\/\/api.w.org\/{rel}","templated":true}]}}