{"id":1271,"date":"2025-04-28T03:57:51","date_gmt":"2025-04-28T01:57:51","guid":{"rendered":"https:\/\/www.regionalis.shop\/huizbirn\/product\/zeder-holz-anhaenger-halskette-mit-wachsband-handmade\/"},"modified":"2025-04-28T03:57:51","modified_gmt":"2025-04-28T01:57:51","slug":"zeder-holz-anhaenger-halskette-mit-wachsband-handmade","status":"publish","type":"product","link":"https:\/\/www.regionalis.shop\/huizbirn\/shop\/zeder-holz-anhaenger-halskette-mit-wachsband-handmade\/","title":{"rendered":"Zeder Holz Anh\u00e4nger Halskette mit Wachsband handmade"},"content":{"rendered":"<p>Wundersch\u00f6ner handgefertigter Holz Anh\u00e4nger aus duftendem Zedernholz mit Wachsschnur.<\/p>\n<p>Ein einzigartiges Unikat, handmade made in Austria!<\/p>\n<p>Gr\u00f6\u00dfe: ca. 4 x 3 cm, St\u00e4rke: 0,5 Zentimeter<\/p>\n","protected":false},"excerpt":{"rendered":"<p>Wundersch\u00f6ner handgefertigter Holz Anh\u00e4nger aus duftendem Zedernholz mit Wachsschnur. Ein einzigartiges Unikat, handmade made in Austria! Gr\u00f6\u00dfe: ca. 4 x 3 cm, St\u00e4rke: 0,5 Zentimeter<\/p>\n","protected":false},"featured_media":1272,"template":"","meta":{"_acf_changed":false},"product_brand":[],"product_cat":[141,70],"product_tag":[],"class_list":{"0":"post-1271","1":"product","2":"type-product","3":"status-publish","4":"has-post-thumbnail","6":"product_cat-halsketten","7":"product_cat-schmuck","9":"first","10":"instock","11":"purchasable","12":"product-type-simple"},"acf":[],"_links":{"self":[{"href":"https:\/\/www.regionalis.shop\/huizbirn\/wp-json\/wp\/v2\/product\/1271","targetHints":{"allow":["GET"]}}],"collection":[{"href":"https:\/\/www.regionalis.shop\/huizbirn\/wp-json\/wp\/v2\/product"}],"about":[{"href":"https:\/\/www.regionalis.shop\/huizbirn\/wp-json\/wp\/v2\/types\/product"}],"wp:featuredmedia":[{"embeddable":true,"href":"https:\/\/www.regionalis.shop\/huizbirn\/wp-json\/wp\/v2\/media\/1272"}],"wp:attachment":[{"href":"https:\/\/www.regionalis.shop\/huizbirn\/wp-json\/wp\/v2\/media?parent=1271"}],"wp:term":[{"taxonomy":"product_brand","embeddable":true,"href":"https:\/\/www.regionalis.shop\/huizbirn\/wp-json\/wp\/v2\/product_brand?post=1271"},{"taxonomy":"product_cat","embeddable":true,"href":"https:\/\/www.regionalis.shop\/huizbirn\/wp-json\/wp\/v2\/product_cat?post=1271"},{"taxonomy":"product_tag","embeddable":true,"href":"https:\/\/www.regionalis.shop\/huizbirn\/wp-json\/wp\/v2\/product_tag?post=1271"}],"curies":[{"name":"wp","href":"https:\/\/api.w.org\/{rel}","templated":true}]}}