{"id":1298,"date":"2025-04-28T03:56:41","date_gmt":"2025-04-28T01:56:41","guid":{"rendered":"https:\/\/www.regionalis.shop\/huizbirn\/product\/zirben-holzkette-holz-halskette-mit-lederband-handmade\/"},"modified":"2025-04-28T03:56:41","modified_gmt":"2025-04-28T01:56:41","slug":"zirben-holzkette-holz-halskette-mit-lederband-handmade","status":"publish","type":"product","link":"https:\/\/www.regionalis.shop\/huizbirn\/shop\/zirben-holzkette-holz-halskette-mit-lederband-handmade\/","title":{"rendered":"Zirben Holzkette Holz Halskette mit Lederband handmade"},"content":{"rendered":"<p>Wundersch\u00f6ner handgefertigter Holz Anh\u00e4nger aus traumhaften Zirbenholz mit Lederband.<\/p>\n<p>Ein einzigartiges Unikat, handmade made in Austria!<\/p>\n<p>Einmalig ist auch der Duft des Zirbenholzes.<\/p>\n<p>Gr\u00f6\u00dfe: ca. 4 x 3 cm, St\u00e4rke: 0,5 Zentimeter<\/p>\n","protected":false},"excerpt":{"rendered":"<p>Wundersch\u00f6ner handgefertigter Holz Anh\u00e4nger aus traumhaften Zirbenholz mit Lederband. Ein einzigartiges Unikat, handmade made in Austria! Einmalig ist auch der Duft des Zirbenholzes. Gr\u00f6\u00dfe: ca. 4 x 3 cm, St\u00e4rke: 0,5 Zentimeter<\/p>\n","protected":false},"featured_media":1299,"template":"","meta":{"_acf_changed":false},"product_brand":[],"product_cat":[141,70],"product_tag":[],"class_list":{"0":"post-1298","1":"product","2":"type-product","3":"status-publish","4":"has-post-thumbnail","6":"product_cat-halsketten","7":"product_cat-schmuck","9":"first","10":"instock","11":"purchasable","12":"product-type-simple"},"acf":[],"_links":{"self":[{"href":"https:\/\/www.regionalis.shop\/huizbirn\/wp-json\/wp\/v2\/product\/1298","targetHints":{"allow":["GET"]}}],"collection":[{"href":"https:\/\/www.regionalis.shop\/huizbirn\/wp-json\/wp\/v2\/product"}],"about":[{"href":"https:\/\/www.regionalis.shop\/huizbirn\/wp-json\/wp\/v2\/types\/product"}],"wp:featuredmedia":[{"embeddable":true,"href":"https:\/\/www.regionalis.shop\/huizbirn\/wp-json\/wp\/v2\/media\/1299"}],"wp:attachment":[{"href":"https:\/\/www.regionalis.shop\/huizbirn\/wp-json\/wp\/v2\/media?parent=1298"}],"wp:term":[{"taxonomy":"product_brand","embeddable":true,"href":"https:\/\/www.regionalis.shop\/huizbirn\/wp-json\/wp\/v2\/product_brand?post=1298"},{"taxonomy":"product_cat","embeddable":true,"href":"https:\/\/www.regionalis.shop\/huizbirn\/wp-json\/wp\/v2\/product_cat?post=1298"},{"taxonomy":"product_tag","embeddable":true,"href":"https:\/\/www.regionalis.shop\/huizbirn\/wp-json\/wp\/v2\/product_tag?post=1298"}],"curies":[{"name":"wp","href":"https:\/\/api.w.org\/{rel}","templated":true}]}}