{"id":1317,"date":"2025-04-28T03:54:50","date_gmt":"2025-04-28T01:54:50","guid":{"rendered":"https:\/\/www.regionalis.shop\/huizbirn\/product\/holzuhr-holz-wanduhr-uhr-34x31-5-birke-baumscheibenuhr-holzdeko-unikat-handmade\/"},"modified":"2025-04-28T03:54:50","modified_gmt":"2025-04-28T01:54:50","slug":"holzuhr-holz-wanduhr-uhr-34x31-5-birke-baumscheibenuhr-holzdeko-unikat-handmade","status":"publish","type":"product","link":"https:\/\/www.regionalis.shop\/huizbirn\/shop\/holzuhr-holz-wanduhr-uhr-34x31-5-birke-baumscheibenuhr-holzdeko-unikat-handmade\/","title":{"rendered":"Holzuhr Holz Wanduhr Uhr 34&#215;31.5 Birke Baumscheibenuhr Holzdeko Unikat handmade"},"content":{"rendered":"<p>Eine Wanduhr aus wundersch\u00f6nem gestockten steirischen Birken-Holz. Die Maserung und Farbe ist einzigartig, da das Holz bereits gestockt ist. Umso dekorativer nat\u00fcrlich die Rinde in schwarz-wei\u00df, so wie sie jeder kennt. Nat\u00fcrlich gewachsen, aus 1 St\u00fcck.<\/p>\n<p>Birken-Holz wird beispielsweise f\u00fcr hochpreisige Edelfurniere verarbeitet (Maserbirke). Birken-Holz wird ansonsten oft f\u00fcr Sperrholz, sch\u00f6n helle Parkettb\u00f6den oder zum Schnitzen oder Drechseln verwendet. Birkenholz ist mittelhart und l\u00e4sst sich gut einf\u00e4rben.<\/p>\n<p>Es handelt sich hier um ein handgefertigtes Unikat, Made in Austria. Das Holz selbst stammt von einer echten, steirischen Birke.<\/p>\n<p>Ma\u00dfe: ca. 34 x 31,5 cm<br \/>\nOberfl\u00e4che: fein geschliffen und lebensmittelecht ge\u00f6lt<br \/>\nUhrwerk: Hochwertiges Quartzuhrwerk inkl. Zeiger und Befestigung zur Wandmontage<\/p>\n<p>Hol dir ein St\u00fcck Natur ins Haus!<\/p>\n<p>Eine tolle Geschenksidee zum Geburtstag, Weihnachten oder anderen Anlass.<\/p>\n<p>PS: Holz ist ein Naturprodukt, leichte Abweichungen in Form, Farbe oder Maserung oder Risse vorbehalten und kein Reklamationsgrund!<\/p>\n","protected":false},"excerpt":{"rendered":"<p>Eine Wanduhr aus wundersch\u00f6nem gestockten steirischen Birken-Holz. Die Maserung und Farbe ist einzigartig, da das Holz bereits gestockt ist. Umso dekorativer nat\u00fcrlich die Rinde in schwarz-wei\u00df, so wie sie jeder kennt. Nat\u00fcrlich gewachsen, aus 1 St\u00fcck. Birken-Holz wird beispielsweise f\u00fcr hochpreisige Edelfurniere verarbeitet (Maserbirke). Birken-Holz wird ansonsten oft f\u00fcr Sperrholz, sch\u00f6n helle Parkettb\u00f6den oder zum &hellip; <a href=\"https:\/\/www.regionalis.shop\/huizbirn\/shop\/holzuhr-holz-wanduhr-uhr-34x31-5-birke-baumscheibenuhr-holzdeko-unikat-handmade\/\">Continued<\/a><\/p>\n","protected":false},"featured_media":1318,"template":"","meta":{"_acf_changed":false},"product_brand":[],"product_cat":[174,103],"product_tag":[],"class_list":{"0":"post-1317","1":"product","2":"type-product","3":"status-publish","4":"has-post-thumbnail","6":"product_cat-wohndekoration","7":"product_cat-wohnen-deko","9":"first","10":"instock","11":"purchasable","12":"product-type-simple"},"acf":[],"_links":{"self":[{"href":"https:\/\/www.regionalis.shop\/huizbirn\/wp-json\/wp\/v2\/product\/1317","targetHints":{"allow":["GET"]}}],"collection":[{"href":"https:\/\/www.regionalis.shop\/huizbirn\/wp-json\/wp\/v2\/product"}],"about":[{"href":"https:\/\/www.regionalis.shop\/huizbirn\/wp-json\/wp\/v2\/types\/product"}],"wp:featuredmedia":[{"embeddable":true,"href":"https:\/\/www.regionalis.shop\/huizbirn\/wp-json\/wp\/v2\/media\/1318"}],"wp:attachment":[{"href":"https:\/\/www.regionalis.shop\/huizbirn\/wp-json\/wp\/v2\/media?parent=1317"}],"wp:term":[{"taxonomy":"product_brand","embeddable":true,"href":"https:\/\/www.regionalis.shop\/huizbirn\/wp-json\/wp\/v2\/product_brand?post=1317"},{"taxonomy":"product_cat","embeddable":true,"href":"https:\/\/www.regionalis.shop\/huizbirn\/wp-json\/wp\/v2\/product_cat?post=1317"},{"taxonomy":"product_tag","embeddable":true,"href":"https:\/\/www.regionalis.shop\/huizbirn\/wp-json\/wp\/v2\/product_tag?post=1317"}],"curies":[{"name":"wp","href":"https:\/\/api.w.org\/{rel}","templated":true}]}}