{"id":1327,"date":"2025-04-28T03:54:50","date_gmt":"2025-04-28T01:54:50","guid":{"rendered":"https:\/\/www.regionalis.shop\/huizbirn\/product\/holz-briefoeffner-briefmesser-oeffner-ahorn-handarbeit-geschenk-handmade-gravur\/"},"modified":"2025-04-28T03:54:50","modified_gmt":"2025-04-28T01:54:50","slug":"holz-briefoeffner-briefmesser-oeffner-ahorn-handarbeit-geschenk-handmade-gravur","status":"publish","type":"product","link":"https:\/\/www.regionalis.shop\/huizbirn\/shop\/holz-briefoeffner-briefmesser-oeffner-ahorn-handarbeit-geschenk-handmade-gravur\/","title":{"rendered":"Holz Brief\u00f6ffner Briefmesser \u00d6ffner Ahorn Handarbeit Geschenk handmade Gravur"},"content":{"rendered":"<p>Wundersch\u00f6ner handgearbeiteter Brief\u00f6ffner, handgefertigt aus \u00f6sterreichischem Ahorn-Holz.<\/p>\n<p>Ein absolutes Unikat!<\/p>\n<p>L\u00e4nge ca. 15 cm, Bausatz Farbe verchromt<br \/>\nOberfl\u00e4che fein geschliffen und lebensmittelecht ge\u00f6lt<\/p>\n<p>&#8211;Achtung: Gegen Aufpreis von 8 \u20ac auch Wunschgravur (Namen, etc&#8230;) m\u00f6glich &#8211; einfach bei der Bestellung bekanntgeben.&#8211;<\/p>\n<p>&#8211;Achtung: Gegen Aufpreis von 8 \u20ac auch Wunschgravur (Namen, etc&#8230;) m\u00f6glich &#8211; einfach bei der Bestellung bekanntgeben.&#8211;<\/p>\n<p>Ein absolutes Unikat und ein ideales Geschenk.<\/p>\n<p>Eine tolle Geschenksidee zum Geburtstag, Weihnachten oder anderen Anlass.<\/p>\n","protected":false},"excerpt":{"rendered":"<p>Wundersch\u00f6ner handgearbeiteter Brief\u00f6ffner, handgefertigt aus \u00f6sterreichischem Ahorn-Holz. Ein absolutes Unikat! L\u00e4nge ca. 15 cm, Bausatz Farbe verchromt Oberfl\u00e4che fein geschliffen und lebensmittelecht ge\u00f6lt &#8211;Achtung: Gegen Aufpreis von 8 \u20ac auch Wunschgravur (Namen, etc&#8230;) m\u00f6glich &#8211; einfach bei der Bestellung bekanntgeben.&#8211; &#8211;Achtung: Gegen Aufpreis von 8 \u20ac auch Wunschgravur (Namen, etc&#8230;) m\u00f6glich &#8211; einfach bei der &hellip; <a href=\"https:\/\/www.regionalis.shop\/huizbirn\/shop\/holz-briefoeffner-briefmesser-oeffner-ahorn-handarbeit-geschenk-handmade-gravur\/\">Continued<\/a><\/p>\n","protected":false},"featured_media":1328,"template":"","meta":{"_acf_changed":false},"product_brand":[],"product_cat":[119,62],"product_tag":[],"class_list":{"0":"post-1327","1":"product","2":"type-product","3":"status-publish","4":"has-post-thumbnail","6":"product_cat-buerobedarf","7":"product_cat-papeterie-schreibwaren","9":"first","10":"instock","11":"purchasable","12":"product-type-simple"},"acf":[],"_links":{"self":[{"href":"https:\/\/www.regionalis.shop\/huizbirn\/wp-json\/wp\/v2\/product\/1327","targetHints":{"allow":["GET"]}}],"collection":[{"href":"https:\/\/www.regionalis.shop\/huizbirn\/wp-json\/wp\/v2\/product"}],"about":[{"href":"https:\/\/www.regionalis.shop\/huizbirn\/wp-json\/wp\/v2\/types\/product"}],"wp:featuredmedia":[{"embeddable":true,"href":"https:\/\/www.regionalis.shop\/huizbirn\/wp-json\/wp\/v2\/media\/1328"}],"wp:attachment":[{"href":"https:\/\/www.regionalis.shop\/huizbirn\/wp-json\/wp\/v2\/media?parent=1327"}],"wp:term":[{"taxonomy":"product_brand","embeddable":true,"href":"https:\/\/www.regionalis.shop\/huizbirn\/wp-json\/wp\/v2\/product_brand?post=1327"},{"taxonomy":"product_cat","embeddable":true,"href":"https:\/\/www.regionalis.shop\/huizbirn\/wp-json\/wp\/v2\/product_cat?post=1327"},{"taxonomy":"product_tag","embeddable":true,"href":"https:\/\/www.regionalis.shop\/huizbirn\/wp-json\/wp\/v2\/product_tag?post=1327"}],"curies":[{"name":"wp","href":"https:\/\/api.w.org\/{rel}","templated":true}]}}