{"id":1330,"date":"2025-04-28T03:54:50","date_gmt":"2025-04-28T01:54:50","guid":{"rendered":"https:\/\/www.regionalis.shop\/huizbirn\/product\/weinstoppen-weinstoepsel-holz-edelstahl-kirsche-flaschenverschluss\/"},"modified":"2025-04-28T03:54:50","modified_gmt":"2025-04-28T01:54:50","slug":"weinstoppen-weinstoepsel-holz-edelstahl-kirsche-flaschenverschluss","status":"publish","type":"product","link":"https:\/\/www.regionalis.shop\/huizbirn\/shop\/weinstoppen-weinstoepsel-holz-edelstahl-kirsche-flaschenverschluss\/","title":{"rendered":"Weinstoppen Weinst\u00f6psel Holz Edelstahl Kirsche Flaschenverschluss"},"content":{"rendered":"<p>Weinstopsel aus Edelstahl mit Gummidichtung und wundervoll handgearbeiteten Griff aus Wildkirsch-Holz.<\/p>\n<p>L\u00e4nge: ca. 7 cm<\/p>\n<p>Made in Austria und ein absolutes Unikat mit einer traumhaften Maserung!<\/p>\n<p>Das Holz stammt selbstverst\u00e4ndlich aus \u00d6sterreich, ist geschliffen und wurde anschlie\u00dfend ge\u00f6lt- also auch lebensmittelecht. Ein ideales Geschenk, egal ob Weihnachten, Geburtstag und viele Anl\u00e4sse mehr. Lieferung im Stoffsackerl.<\/p>\n","protected":false},"excerpt":{"rendered":"<p>Weinstopsel aus Edelstahl mit Gummidichtung und wundervoll handgearbeiteten Griff aus Wildkirsch-Holz. L\u00e4nge: ca. 7 cm Made in Austria und ein absolutes Unikat mit einer traumhaften Maserung! Das Holz stammt selbstverst\u00e4ndlich aus \u00d6sterreich, ist geschliffen und wurde anschlie\u00dfend ge\u00f6lt- also auch lebensmittelecht. Ein ideales Geschenk, egal ob Weihnachten, Geburtstag und viele Anl\u00e4sse mehr. Lieferung im Stoffsackerl.<\/p>\n","protected":false},"featured_media":1331,"template":"","meta":{"_acf_changed":false},"product_brand":[],"product_cat":[127,103],"product_tag":[],"class_list":{"0":"post-1330","1":"product","2":"type-product","3":"status-publish","4":"has-post-thumbnail","6":"product_cat-essen-trinken","7":"product_cat-wohnen-deko","9":"first","10":"instock","11":"purchasable","12":"product-type-simple"},"acf":[],"_links":{"self":[{"href":"https:\/\/www.regionalis.shop\/huizbirn\/wp-json\/wp\/v2\/product\/1330","targetHints":{"allow":["GET"]}}],"collection":[{"href":"https:\/\/www.regionalis.shop\/huizbirn\/wp-json\/wp\/v2\/product"}],"about":[{"href":"https:\/\/www.regionalis.shop\/huizbirn\/wp-json\/wp\/v2\/types\/product"}],"wp:featuredmedia":[{"embeddable":true,"href":"https:\/\/www.regionalis.shop\/huizbirn\/wp-json\/wp\/v2\/media\/1331"}],"wp:attachment":[{"href":"https:\/\/www.regionalis.shop\/huizbirn\/wp-json\/wp\/v2\/media?parent=1330"}],"wp:term":[{"taxonomy":"product_brand","embeddable":true,"href":"https:\/\/www.regionalis.shop\/huizbirn\/wp-json\/wp\/v2\/product_brand?post=1330"},{"taxonomy":"product_cat","embeddable":true,"href":"https:\/\/www.regionalis.shop\/huizbirn\/wp-json\/wp\/v2\/product_cat?post=1330"},{"taxonomy":"product_tag","embeddable":true,"href":"https:\/\/www.regionalis.shop\/huizbirn\/wp-json\/wp\/v2\/product_tag?post=1330"}],"curies":[{"name":"wp","href":"https:\/\/api.w.org\/{rel}","templated":true}]}}