{"id":1340,"date":"2025-04-28T03:54:50","date_gmt":"2025-04-28T01:54:50","guid":{"rendered":"https:\/\/www.regionalis.shop\/huizbirn\/product\/holz-flaschenoeffner-kirsche-kapselheber-handmade-geschenk\/"},"modified":"2025-04-28T03:54:50","modified_gmt":"2025-04-28T01:54:50","slug":"holz-flaschenoeffner-kirsche-kapselheber-handmade-geschenk","status":"publish","type":"product","link":"https:\/\/www.regionalis.shop\/huizbirn\/shop\/holz-flaschenoeffner-kirsche-kapselheber-handmade-geschenk\/","title":{"rendered":"Holz Flaschen\u00f6ffner Kirsche Kapselheber handmade Geschenk"},"content":{"rendered":"<p>Wundersch\u00f6ner handgearbeiteter Flaschen\u00f6ffnern\/bottleopener\/Kapselheber aus \u00f6sterreichischem Kirschholz!<\/p>\n<p>Edel verchromt.<\/p>\n<p>Ein tolles Geschenk f\u00fcr jeden, der Freude an Holz hat oder einen Kapselheber ben\u00f6tigt.<\/p>\n<p>Handgearbeitet, geschliffen und versiegelt.<br \/>\nL\u00e4nge: ca. 14 cm<br \/>\nHolzart: Kirsche<\/p>\n","protected":false},"excerpt":{"rendered":"<p>Wundersch\u00f6ner handgearbeiteter Flaschen\u00f6ffnern\/bottleopener\/Kapselheber aus \u00f6sterreichischem Kirschholz! Edel verchromt. Ein tolles Geschenk f\u00fcr jeden, der Freude an Holz hat oder einen Kapselheber ben\u00f6tigt. Handgearbeitet, geschliffen und versiegelt. L\u00e4nge: ca. 14 cm Holzart: Kirsche<\/p>\n","protected":false},"featured_media":1341,"template":"","meta":{"_acf_changed":false},"product_brand":[],"product_cat":[127,103],"product_tag":[],"class_list":{"0":"post-1340","1":"product","2":"type-product","3":"status-publish","4":"has-post-thumbnail","6":"product_cat-essen-trinken","7":"product_cat-wohnen-deko","9":"first","10":"instock","11":"purchasable","12":"product-type-simple"},"acf":[],"_links":{"self":[{"href":"https:\/\/www.regionalis.shop\/huizbirn\/wp-json\/wp\/v2\/product\/1340","targetHints":{"allow":["GET"]}}],"collection":[{"href":"https:\/\/www.regionalis.shop\/huizbirn\/wp-json\/wp\/v2\/product"}],"about":[{"href":"https:\/\/www.regionalis.shop\/huizbirn\/wp-json\/wp\/v2\/types\/product"}],"wp:featuredmedia":[{"embeddable":true,"href":"https:\/\/www.regionalis.shop\/huizbirn\/wp-json\/wp\/v2\/media\/1341"}],"wp:attachment":[{"href":"https:\/\/www.regionalis.shop\/huizbirn\/wp-json\/wp\/v2\/media?parent=1340"}],"wp:term":[{"taxonomy":"product_brand","embeddable":true,"href":"https:\/\/www.regionalis.shop\/huizbirn\/wp-json\/wp\/v2\/product_brand?post=1340"},{"taxonomy":"product_cat","embeddable":true,"href":"https:\/\/www.regionalis.shop\/huizbirn\/wp-json\/wp\/v2\/product_cat?post=1340"},{"taxonomy":"product_tag","embeddable":true,"href":"https:\/\/www.regionalis.shop\/huizbirn\/wp-json\/wp\/v2\/product_tag?post=1340"}],"curies":[{"name":"wp","href":"https:\/\/api.w.org\/{rel}","templated":true}]}}