{"id":1345,"date":"2025-04-28T03:54:00","date_gmt":"2025-04-28T01:54:00","guid":{"rendered":"https:\/\/www.regionalis.shop\/huizbirn\/product\/holz-kugelschreiber-sanddorn-pen-handmade-geschenk\/"},"modified":"2025-04-28T03:54:00","modified_gmt":"2025-04-28T01:54:00","slug":"holz-kugelschreiber-sanddorn-pen-handmade-geschenk","status":"publish","type":"product","link":"https:\/\/www.regionalis.shop\/huizbirn\/shop\/holz-kugelschreiber-sanddorn-pen-handmade-geschenk\/","title":{"rendered":"Holz Kugelschreiber Sanddorn Pen handmade Geschenk"},"content":{"rendered":"<p>Handgearbeiteter Kugelschreiber, handgefertigt aus \u00f6sterreichischer Sanddorn. In seinen Schattierungen und Farbspielen einmalig!<\/p>\n<p>Ein absolutes Unikat!<\/p>\n<p>Eckdaten:<\/p>\n<p>    Mine problemlos wechselbar<br \/>\n    Tintenfarbe schwarz<br \/>\n    Lieferung erfolgt im handgefertigtem Stoff-T\u00e4schchen<br \/>\n    L\u00e4nge ca. 13.5 cm, Bausatz Farbe chrom.<\/p>\n<p>Die Oberfl\u00e4che des Holzes fein geschliffen, ge\u00f6lt und poliert. <\/p>\n<p>Dadurch ist dauerhafter Schutz gew\u00e4hrleistet.<\/p>\n<p>Jeder Kugelschreiber ist ein absolutes Unikat und ein ideales Geschenk.<\/p>\n<p>Eine tolle Geschenksidee zum Geburtstag, Weihnachten oder anderen Anlass.<\/p>\n","protected":false},"excerpt":{"rendered":"<p>Handgearbeiteter Kugelschreiber, handgefertigt aus \u00f6sterreichischer Sanddorn. In seinen Schattierungen und Farbspielen einmalig! Ein absolutes Unikat! Eckdaten: Mine problemlos wechselbar Tintenfarbe schwarz Lieferung erfolgt im handgefertigtem Stoff-T\u00e4schchen L\u00e4nge ca. 13.5 cm, Bausatz Farbe chrom. Die Oberfl\u00e4che des Holzes fein geschliffen, ge\u00f6lt und poliert. Dadurch ist dauerhafter Schutz gew\u00e4hrleistet. Jeder Kugelschreiber ist ein absolutes Unikat und ein &hellip; <a href=\"https:\/\/www.regionalis.shop\/huizbirn\/shop\/holz-kugelschreiber-sanddorn-pen-handmade-geschenk\/\">Continued<\/a><\/p>\n","protected":false},"featured_media":1346,"template":"","meta":{"_acf_changed":false},"product_brand":[],"product_cat":[62,72],"product_tag":[],"class_list":{"0":"post-1345","1":"product","2":"type-product","3":"status-publish","4":"has-post-thumbnail","6":"product_cat-papeterie-schreibwaren","7":"product_cat-schreibwaren","9":"first","10":"instock","11":"purchasable","12":"product-type-simple"},"acf":[],"_links":{"self":[{"href":"https:\/\/www.regionalis.shop\/huizbirn\/wp-json\/wp\/v2\/product\/1345","targetHints":{"allow":["GET"]}}],"collection":[{"href":"https:\/\/www.regionalis.shop\/huizbirn\/wp-json\/wp\/v2\/product"}],"about":[{"href":"https:\/\/www.regionalis.shop\/huizbirn\/wp-json\/wp\/v2\/types\/product"}],"wp:featuredmedia":[{"embeddable":true,"href":"https:\/\/www.regionalis.shop\/huizbirn\/wp-json\/wp\/v2\/media\/1346"}],"wp:attachment":[{"href":"https:\/\/www.regionalis.shop\/huizbirn\/wp-json\/wp\/v2\/media?parent=1345"}],"wp:term":[{"taxonomy":"product_brand","embeddable":true,"href":"https:\/\/www.regionalis.shop\/huizbirn\/wp-json\/wp\/v2\/product_brand?post=1345"},{"taxonomy":"product_cat","embeddable":true,"href":"https:\/\/www.regionalis.shop\/huizbirn\/wp-json\/wp\/v2\/product_cat?post=1345"},{"taxonomy":"product_tag","embeddable":true,"href":"https:\/\/www.regionalis.shop\/huizbirn\/wp-json\/wp\/v2\/product_tag?post=1345"}],"curies":[{"name":"wp","href":"https:\/\/api.w.org\/{rel}","templated":true}]}}