{"id":1357,"date":"2025-04-28T03:54:00","date_gmt":"2025-04-28T01:54:00","guid":{"rendered":"https:\/\/www.regionalis.shop\/huizbirn\/product\/holzschale-obstschale-dekoschale-schuessel-holzschuessel-ahorn-%e2%88%85-23x4-handmade\/"},"modified":"2025-04-28T03:54:00","modified_gmt":"2025-04-28T01:54:00","slug":"holzschale-obstschale-dekoschale-schuessel-holzschuessel-ahorn-%e2%88%85-23x4-handmade","status":"publish","type":"product","link":"https:\/\/www.regionalis.shop\/huizbirn\/shop\/holzschale-obstschale-dekoschale-schuessel-holzschuessel-ahorn-%e2%88%85-23x4-handmade\/","title":{"rendered":"Holzschale Obstschale Dekoschale Sch\u00fcssel Holzsch\u00fcssel Ahorn \u2205 23&#215;4 Handmade"},"content":{"rendered":"<p>Wundersch\u00f6ne, handgearbeitete Schale aus \u00f6sterreichischem Ahorn-Holz.<\/p>\n<p>Durchmesser: ca. \u00a023\u00a0x 4\u00a0cm<\/p>\n<p>Ahorn-Holz eignet sich aufgrund seiner H\u00e4rte und Feinporigkeit aus hygienischen Gr\u00fcnden besonders f\u00fcr den Einsatz in Eigenheim und K\u00fcche.<\/p>\n<p>Die wunderbare ruhige und einzigartige Optik passt bestimmt in Ihre eigenen 4 W\u00e4nde.<\/p>\n<p>Die Sch\u00fcssel wurde von Hand gedrechselt und mit lebensmittelechtem \u00d6l dauerhaft versiegelt. Nat\u00fcrlich ist die Schale auch frei von s\u00e4mtlichen &#8222;Untermietern&#8220;. \ud83d\ude09<\/p>\n<p>Ein wundersch\u00f6nes Unikat, Made in Austria.<\/p>\n<p>Allgemeiner Hinweis: Holz ist ein Naturprodukt und nicht f\u00fcr den Geschirrsp\u00fcler geeignet!<\/p>\n<p>Eine tolle Geschenksidee zum Geburtstag, Weihnachten oder anderen Anlass.<\/p>\n","protected":false},"excerpt":{"rendered":"<p>Wundersch\u00f6ne, handgearbeitete Schale aus \u00f6sterreichischem Ahorn-Holz. Durchmesser: ca. \u00a023\u00a0x 4\u00a0cm Ahorn-Holz eignet sich aufgrund seiner H\u00e4rte und Feinporigkeit aus hygienischen Gr\u00fcnden besonders f\u00fcr den Einsatz in Eigenheim und K\u00fcche. Die wunderbare ruhige und einzigartige Optik passt bestimmt in Ihre eigenen 4 W\u00e4nde. Die Sch\u00fcssel wurde von Hand gedrechselt und mit lebensmittelechtem \u00d6l dauerhaft versiegelt. Nat\u00fcrlich &hellip; <a href=\"https:\/\/www.regionalis.shop\/huizbirn\/shop\/holzschale-obstschale-dekoschale-schuessel-holzschuessel-ahorn-%e2%88%85-23x4-handmade\/\">Continued<\/a><\/p>\n","protected":false},"featured_media":1358,"template":"","meta":{"_acf_changed":false},"product_brand":[],"product_cat":[127,103],"product_tag":[],"class_list":{"0":"post-1357","1":"product","2":"type-product","3":"status-publish","4":"has-post-thumbnail","6":"product_cat-essen-trinken","7":"product_cat-wohnen-deko","9":"first","10":"instock","11":"purchasable","12":"product-type-simple"},"acf":[],"_links":{"self":[{"href":"https:\/\/www.regionalis.shop\/huizbirn\/wp-json\/wp\/v2\/product\/1357","targetHints":{"allow":["GET"]}}],"collection":[{"href":"https:\/\/www.regionalis.shop\/huizbirn\/wp-json\/wp\/v2\/product"}],"about":[{"href":"https:\/\/www.regionalis.shop\/huizbirn\/wp-json\/wp\/v2\/types\/product"}],"wp:featuredmedia":[{"embeddable":true,"href":"https:\/\/www.regionalis.shop\/huizbirn\/wp-json\/wp\/v2\/media\/1358"}],"wp:attachment":[{"href":"https:\/\/www.regionalis.shop\/huizbirn\/wp-json\/wp\/v2\/media?parent=1357"}],"wp:term":[{"taxonomy":"product_brand","embeddable":true,"href":"https:\/\/www.regionalis.shop\/huizbirn\/wp-json\/wp\/v2\/product_brand?post=1357"},{"taxonomy":"product_cat","embeddable":true,"href":"https:\/\/www.regionalis.shop\/huizbirn\/wp-json\/wp\/v2\/product_cat?post=1357"},{"taxonomy":"product_tag","embeddable":true,"href":"https:\/\/www.regionalis.shop\/huizbirn\/wp-json\/wp\/v2\/product_tag?post=1357"}],"curies":[{"name":"wp","href":"https:\/\/api.w.org\/{rel}","templated":true}]}}