{"id":1362,"date":"2025-04-28T03:50:17","date_gmt":"2025-04-28T01:50:17","guid":{"rendered":"https:\/\/www.regionalis.shop\/huizbirn\/product\/holz-gewuerzmuehle-einhand-muehle-buche-pfeffermuehle-salzmuehle\/"},"modified":"2025-04-28T03:50:17","modified_gmt":"2025-04-28T01:50:17","slug":"holz-gewuerzmuehle-einhand-muehle-buche-pfeffermuehle-salzmuehle","status":"publish","type":"product","link":"https:\/\/www.regionalis.shop\/huizbirn\/shop\/holz-gewuerzmuehle-einhand-muehle-buche-pfeffermuehle-salzmuehle\/","title":{"rendered":"Holz Gew\u00fcrzm\u00fchle Einhand M\u00fchle Buche Pfefferm\u00fchle Salzm\u00fchle"},"content":{"rendered":"<p>Wundersch\u00f6ne manuelle Einhand Gew\u00fcrzm\u00fchle \/ Pfefferm\u00fchle \/ Salzm\u00fchle aus Buchen-Holz und Edelstahl.<\/p>\n<p>Einfach mittels Daumendruck manuell bedienbar. So k\u00f6nnen Sie Ihre zubereiteten Speisen mit frisch gemahlenen Gew\u00fcrzen verfeinern. Nachhaltig und einfach wiederbef\u00fcllbar &#8211; dazu muss man einfach den unteren Zylinder aus Edelstahl abschrauben.<\/p>\n<p>L\u00e4nge ca. 15,5 cm<br \/>\nDurchmesser: ca. 4,5 cm<\/p>\n<p>Der Mittelteil aus Holz wurde handgefertigt, fein geschliffen und lebensmittelecht versiegelt.<\/p>\n<p>Handmade, Made in Austria.<\/p>\n<p>Ideal f\u00fcrs Eigenheim oder als Geschenk zu Weihnachten, Geburtstag oder Jubil\u00e4um.<\/p>\n","protected":false},"excerpt":{"rendered":"<p>Wundersch\u00f6ne manuelle Einhand Gew\u00fcrzm\u00fchle \/ Pfefferm\u00fchle \/ Salzm\u00fchle aus Buchen-Holz und Edelstahl. Einfach mittels Daumendruck manuell bedienbar. So k\u00f6nnen Sie Ihre zubereiteten Speisen mit frisch gemahlenen Gew\u00fcrzen verfeinern. Nachhaltig und einfach wiederbef\u00fcllbar &#8211; dazu muss man einfach den unteren Zylinder aus Edelstahl abschrauben. L\u00e4nge ca. 15,5 cm Durchmesser: ca. 4,5 cm Der Mittelteil aus Holz &hellip; <a href=\"https:\/\/www.regionalis.shop\/huizbirn\/shop\/holz-gewuerzmuehle-einhand-muehle-buche-pfeffermuehle-salzmuehle\/\">Continued<\/a><\/p>\n","protected":false},"featured_media":1363,"template":"","meta":{"_acf_changed":false},"product_brand":[],"product_cat":[127,103],"product_tag":[],"class_list":{"0":"post-1362","1":"product","2":"type-product","3":"status-publish","4":"has-post-thumbnail","6":"product_cat-essen-trinken","7":"product_cat-wohnen-deko","9":"first","10":"instock","11":"purchasable","12":"product-type-simple"},"acf":[],"_links":{"self":[{"href":"https:\/\/www.regionalis.shop\/huizbirn\/wp-json\/wp\/v2\/product\/1362","targetHints":{"allow":["GET"]}}],"collection":[{"href":"https:\/\/www.regionalis.shop\/huizbirn\/wp-json\/wp\/v2\/product"}],"about":[{"href":"https:\/\/www.regionalis.shop\/huizbirn\/wp-json\/wp\/v2\/types\/product"}],"wp:featuredmedia":[{"embeddable":true,"href":"https:\/\/www.regionalis.shop\/huizbirn\/wp-json\/wp\/v2\/media\/1363"}],"wp:attachment":[{"href":"https:\/\/www.regionalis.shop\/huizbirn\/wp-json\/wp\/v2\/media?parent=1362"}],"wp:term":[{"taxonomy":"product_brand","embeddable":true,"href":"https:\/\/www.regionalis.shop\/huizbirn\/wp-json\/wp\/v2\/product_brand?post=1362"},{"taxonomy":"product_cat","embeddable":true,"href":"https:\/\/www.regionalis.shop\/huizbirn\/wp-json\/wp\/v2\/product_cat?post=1362"},{"taxonomy":"product_tag","embeddable":true,"href":"https:\/\/www.regionalis.shop\/huizbirn\/wp-json\/wp\/v2\/product_tag?post=1362"}],"curies":[{"name":"wp","href":"https:\/\/api.w.org\/{rel}","templated":true}]}}