{"id":1367,"date":"2025-04-28T03:50:17","date_gmt":"2025-04-28T01:50:17","guid":{"rendered":"https:\/\/www.regionalis.shop\/huizbirn\/product\/holz-briefoeffner-aus-holz-hainbuche-gestockt-handarbeit-unikat-geschenk\/"},"modified":"2025-04-28T03:50:17","modified_gmt":"2025-04-28T01:50:17","slug":"holz-briefoeffner-aus-holz-hainbuche-gestockt-handarbeit-unikat-geschenk","status":"publish","type":"product","link":"https:\/\/www.regionalis.shop\/huizbirn\/shop\/holz-briefoeffner-aus-holz-hainbuche-gestockt-handarbeit-unikat-geschenk\/","title":{"rendered":"Holz Brief\u00f6ffner aus Holz Hainbuche gestockt Handarbeit Unikat Geschenk"},"content":{"rendered":"<p>Sie sind auf der Suche nach einem einzigartigen B\u00fcro-Acessoire?<\/p>\n<p>Dann sind Sie bei unserem &#8211;exklusiven Brief\u00f6ffner&#8211; aus gestocktem Hainbuchenholz genau richtig. Jeder Brief\u00f6ffner wird sorgf\u00e4ltig und in liebevoller &#8211;Handarbeit&#8211; gefertigt. <\/p>\n<p>Das sch\u00f6n gemaserte Hainbuchenholz sorgt f\u00fcr eine &#8211;angenehme Haptik&#8211;. Das Briefmesser liegt dadurch angenehm in der Hand und Briefe \u00f6ffnen wird zum Kinderspiel! <\/p>\n<p>Ob f\u00fcr den t\u00e4glichen Gebrauch oder als besonderes Geschenk &#8211; dieser Brief\u00f6ffner ist ein &#8211;unverzichtbares Accessoire&#8211; f\u00fcr jeden Schreibtisch. <\/p>\n<p>Holzart: Hainbuche gestockt &#8211;aus \u00d6sterreich&#8211;<br \/>\nL\u00e4nge: ca. 15 cm<br \/>\nBausatzfarbe: verchromt<br \/>\nOberfl\u00e4che: fein geschliffen und &#8211;lebensmittelecht&#8211; ge\u00f6lt\/versiegelt<\/p>\n<p>Ein absolutes Unikat und ein ideales Geschenk.<\/p>\n<p>Eine tolle Geschenksidee zum Geburtstag, Weihnachten oder anderen Anlass.<\/p>\n","protected":false},"excerpt":{"rendered":"<p>Sie sind auf der Suche nach einem einzigartigen B\u00fcro-Acessoire? Dann sind Sie bei unserem &#8211;exklusiven Brief\u00f6ffner&#8211; aus gestocktem Hainbuchenholz genau richtig. Jeder Brief\u00f6ffner wird sorgf\u00e4ltig und in liebevoller &#8211;Handarbeit&#8211; gefertigt. Das sch\u00f6n gemaserte Hainbuchenholz sorgt f\u00fcr eine &#8211;angenehme Haptik&#8211;. Das Briefmesser liegt dadurch angenehm in der Hand und Briefe \u00f6ffnen wird zum Kinderspiel! Ob f\u00fcr &hellip; <a href=\"https:\/\/www.regionalis.shop\/huizbirn\/shop\/holz-briefoeffner-aus-holz-hainbuche-gestockt-handarbeit-unikat-geschenk\/\">Continued<\/a><\/p>\n","protected":false},"featured_media":1368,"template":"","meta":{"_acf_changed":false},"product_brand":[],"product_cat":[62,72],"product_tag":[],"class_list":{"0":"post-1367","1":"product","2":"type-product","3":"status-publish","4":"has-post-thumbnail","6":"product_cat-papeterie-schreibwaren","7":"product_cat-schreibwaren","9":"first","10":"instock","11":"purchasable","12":"product-type-simple"},"acf":[],"_links":{"self":[{"href":"https:\/\/www.regionalis.shop\/huizbirn\/wp-json\/wp\/v2\/product\/1367","targetHints":{"allow":["GET"]}}],"collection":[{"href":"https:\/\/www.regionalis.shop\/huizbirn\/wp-json\/wp\/v2\/product"}],"about":[{"href":"https:\/\/www.regionalis.shop\/huizbirn\/wp-json\/wp\/v2\/types\/product"}],"wp:featuredmedia":[{"embeddable":true,"href":"https:\/\/www.regionalis.shop\/huizbirn\/wp-json\/wp\/v2\/media\/1368"}],"wp:attachment":[{"href":"https:\/\/www.regionalis.shop\/huizbirn\/wp-json\/wp\/v2\/media?parent=1367"}],"wp:term":[{"taxonomy":"product_brand","embeddable":true,"href":"https:\/\/www.regionalis.shop\/huizbirn\/wp-json\/wp\/v2\/product_brand?post=1367"},{"taxonomy":"product_cat","embeddable":true,"href":"https:\/\/www.regionalis.shop\/huizbirn\/wp-json\/wp\/v2\/product_cat?post=1367"},{"taxonomy":"product_tag","embeddable":true,"href":"https:\/\/www.regionalis.shop\/huizbirn\/wp-json\/wp\/v2\/product_tag?post=1367"}],"curies":[{"name":"wp","href":"https:\/\/api.w.org\/{rel}","templated":true}]}}