{"id":1389,"date":"2025-04-28T03:50:17","date_gmt":"2025-04-28T01:50:17","guid":{"rendered":"https:\/\/www.regionalis.shop\/huizbirn\/product\/holz-schluesselanhaenger-schluesselring-mit-geheimfach-apfel-geschenk-unikat\/"},"modified":"2025-04-28T03:50:17","modified_gmt":"2025-04-28T01:50:17","slug":"holz-schluesselanhaenger-schluesselring-mit-geheimfach-apfel-geschenk-unikat","status":"publish","type":"product","link":"https:\/\/www.regionalis.shop\/huizbirn\/shop\/holz-schluesselanhaenger-schluesselring-mit-geheimfach-apfel-geschenk-unikat\/","title":{"rendered":"Holz Schl\u00fcsselanh\u00e4nger Schl\u00fcsselring mit Geheimfach Apfel Geschenk Unikat"},"content":{"rendered":"<p>Wundersch\u00f6ner Holz Schl\u00fcsselanh\u00e4nger \/ key chain ring mit Geheimfach.<\/p>\n<p>Holzart: Apfel<br \/>\nL\u00e4nge: 8 cm<br \/>\nBausatzfarbe: Gold<\/p>\n<p>Oberfl\u00e4che fein geschliffen und lebensmittelecht versiegelt!<\/p>\n<p>Ein tolles Geschenk f\u00fcr jeden, der Holz mag oder ein Unikat an seinem Schl\u00fcsselbund tragen m\u00f6chte.<\/p>\n<p>Egal ob Geburtstagsgeschenk, Geschenk zu Weihnachten, zu einem Jubil\u00e4um oder f\u00fcr sich selbst!<\/p>\n<p>Handmade, Made in Austria!<\/p>\n","protected":false},"excerpt":{"rendered":"<p>Wundersch\u00f6ner Holz Schl\u00fcsselanh\u00e4nger \/ key chain ring mit Geheimfach. Holzart: Apfel L\u00e4nge: 8 cm Bausatzfarbe: Gold Oberfl\u00e4che fein geschliffen und lebensmittelecht versiegelt! Ein tolles Geschenk f\u00fcr jeden, der Holz mag oder ein Unikat an seinem Schl\u00fcsselbund tragen m\u00f6chte. Egal ob Geburtstagsgeschenk, Geschenk zu Weihnachten, zu einem Jubil\u00e4um oder f\u00fcr sich selbst! Handmade, Made in Austria!<\/p>\n","protected":false},"featured_media":1390,"template":"","meta":{"_acf_changed":false},"product_brand":[],"product_cat":[37,68],"product_tag":[],"class_list":{"0":"post-1389","1":"product","2":"type-product","3":"status-publish","4":"has-post-thumbnail","6":"product_cat-accessoires","7":"product_cat-schluesselanhaenger","9":"first","10":"instock","11":"purchasable","12":"product-type-simple"},"acf":[],"_links":{"self":[{"href":"https:\/\/www.regionalis.shop\/huizbirn\/wp-json\/wp\/v2\/product\/1389","targetHints":{"allow":["GET"]}}],"collection":[{"href":"https:\/\/www.regionalis.shop\/huizbirn\/wp-json\/wp\/v2\/product"}],"about":[{"href":"https:\/\/www.regionalis.shop\/huizbirn\/wp-json\/wp\/v2\/types\/product"}],"wp:featuredmedia":[{"embeddable":true,"href":"https:\/\/www.regionalis.shop\/huizbirn\/wp-json\/wp\/v2\/media\/1390"}],"wp:attachment":[{"href":"https:\/\/www.regionalis.shop\/huizbirn\/wp-json\/wp\/v2\/media?parent=1389"}],"wp:term":[{"taxonomy":"product_brand","embeddable":true,"href":"https:\/\/www.regionalis.shop\/huizbirn\/wp-json\/wp\/v2\/product_brand?post=1389"},{"taxonomy":"product_cat","embeddable":true,"href":"https:\/\/www.regionalis.shop\/huizbirn\/wp-json\/wp\/v2\/product_cat?post=1389"},{"taxonomy":"product_tag","embeddable":true,"href":"https:\/\/www.regionalis.shop\/huizbirn\/wp-json\/wp\/v2\/product_tag?post=1389"}],"curies":[{"name":"wp","href":"https:\/\/api.w.org\/{rel}","templated":true}]}}