{"id":1445,"date":"2025-04-28T03:46:58","date_gmt":"2025-04-28T01:46:58","guid":{"rendered":"https:\/\/www.regionalis.shop\/huizbirn\/product\/holz-wanduhr-holzuhr-atlaszeder-31x29-cm-baumscheibenuhr-holzdekoration\/"},"modified":"2025-04-28T03:46:58","modified_gmt":"2025-04-28T01:46:58","slug":"holz-wanduhr-holzuhr-atlaszeder-31x29-cm-baumscheibenuhr-holzdekoration","status":"publish","type":"product","link":"https:\/\/www.regionalis.shop\/huizbirn\/shop\/holz-wanduhr-holzuhr-atlaszeder-31x29-cm-baumscheibenuhr-holzdekoration\/","title":{"rendered":"Holz Wanduhr Holzuhr Atlaszeder 31&#215;29 cm Baumscheibenuhr Holzdekoration"},"content":{"rendered":"<p>Wundersch\u00f6ne Wanduhr aus \u00f6sterreichischem Zedernholz. Diese sch\u00f6ne St\u00fcck ist aus \u00f6sterreichischem Holz gefertigt und ein absolutes Unikat.<\/p>\n<p>Zedernholz steht dem Zirbenholz um nichts nach. Das Holz duftet aromatisch und w\u00fcrzig, gleich wie das Holz der Zirbe und hat \u00e4hnliche beruhigende Wirkung auf Geist und K\u00f6rper. Zus\u00e4tzlich h\u00e4lt es nat\u00fcrlich auch Motten fern.<\/p>\n<p>Zedernholz besitzt wunderbar sch\u00f6ne, warme Rott\u00f6ne. Angefeuert durch die \u00e4therischen \u00d6le im Inneren des Holz.<\/p>\n<p>Oberfl\u00e4che: fein geschliffen, unbehandelt. Nur so kann die Atlas-Zeder ihren Duft freigeben<br \/>\nMa\u00dfe: ca. 31&#215;29 cm, St\u00e4rke: ca. 5 cm<br \/>\nUhrwerk: hochqualitatives Quartz-Uhrwerk<br \/>\nLieferumfang: Baumscheibe, Uhrwerk, Zeiger, Wandhaken<\/p>\n<p>Hol dir ein St\u00fcck Natur ins Haus!<\/p>\n<p>PS: Leichte Abweichungen in Form, Farbe sowie Rissbildung m\u00f6glich. Holz ist ein Naturprodukt und daher gelten die oben genannten Umst\u00e4nde nicht als Reklamationsgrund.<\/p>\n<p>Eine tolle Geschenksidee zum Geburtstag, Weihnachten oder anderen Anlass.<\/p>\n","protected":false},"excerpt":{"rendered":"<p>Wundersch\u00f6ne Wanduhr aus \u00f6sterreichischem Zedernholz. Diese sch\u00f6ne St\u00fcck ist aus \u00f6sterreichischem Holz gefertigt und ein absolutes Unikat. Zedernholz steht dem Zirbenholz um nichts nach. Das Holz duftet aromatisch und w\u00fcrzig, gleich wie das Holz der Zirbe und hat \u00e4hnliche beruhigende Wirkung auf Geist und K\u00f6rper. Zus\u00e4tzlich h\u00e4lt es nat\u00fcrlich auch Motten fern. Zedernholz besitzt wunderbar &hellip; <a href=\"https:\/\/www.regionalis.shop\/huizbirn\/shop\/holz-wanduhr-holzuhr-atlaszeder-31x29-cm-baumscheibenuhr-holzdekoration\/\">Continued<\/a><\/p>\n","protected":false},"featured_media":1446,"template":"","meta":{"_acf_changed":false},"product_brand":[],"product_cat":[174,103],"product_tag":[],"class_list":{"0":"post-1445","1":"product","2":"type-product","3":"status-publish","4":"has-post-thumbnail","6":"product_cat-wohndekoration","7":"product_cat-wohnen-deko","9":"first","10":"instock","11":"purchasable","12":"product-type-simple"},"acf":[],"_links":{"self":[{"href":"https:\/\/www.regionalis.shop\/huizbirn\/wp-json\/wp\/v2\/product\/1445","targetHints":{"allow":["GET"]}}],"collection":[{"href":"https:\/\/www.regionalis.shop\/huizbirn\/wp-json\/wp\/v2\/product"}],"about":[{"href":"https:\/\/www.regionalis.shop\/huizbirn\/wp-json\/wp\/v2\/types\/product"}],"wp:featuredmedia":[{"embeddable":true,"href":"https:\/\/www.regionalis.shop\/huizbirn\/wp-json\/wp\/v2\/media\/1446"}],"wp:attachment":[{"href":"https:\/\/www.regionalis.shop\/huizbirn\/wp-json\/wp\/v2\/media?parent=1445"}],"wp:term":[{"taxonomy":"product_brand","embeddable":true,"href":"https:\/\/www.regionalis.shop\/huizbirn\/wp-json\/wp\/v2\/product_brand?post=1445"},{"taxonomy":"product_cat","embeddable":true,"href":"https:\/\/www.regionalis.shop\/huizbirn\/wp-json\/wp\/v2\/product_cat?post=1445"},{"taxonomy":"product_tag","embeddable":true,"href":"https:\/\/www.regionalis.shop\/huizbirn\/wp-json\/wp\/v2\/product_tag?post=1445"}],"curies":[{"name":"wp","href":"https:\/\/api.w.org\/{rel}","templated":true}]}}