{"id":1450,"date":"2025-04-28T03:46:58","date_gmt":"2025-04-28T01:46:58","guid":{"rendered":"https:\/\/www.regionalis.shop\/huizbirn\/product\/holz-wanduhr-holzuhr-25-cm-holz-kirsche-holzdeko-deko-geschenk-unikat-handmade\/"},"modified":"2025-04-28T03:46:58","modified_gmt":"2025-04-28T01:46:58","slug":"holz-wanduhr-holzuhr-25-cm-holz-kirsche-holzdeko-deko-geschenk-unikat-handmade","status":"publish","type":"product","link":"https:\/\/www.regionalis.shop\/huizbirn\/shop\/holz-wanduhr-holzuhr-25-cm-holz-kirsche-holzdeko-deko-geschenk-unikat-handmade\/","title":{"rendered":"Holz Wanduhr Holzuhr 25 cm Holz Kirsche Holzdeko Deko Geschenk Unikat handmade"},"content":{"rendered":"<p>Wanduhr aus \u00f6sterreichischem Kirschholz!<\/p>\n<p>Durch ihre warme Farbgebung und die gleichm\u00e4\u00dfige Maserung bringen Sie entsprechend eine liebevolle Note in Ihr Eigenheim.<\/p>\n<p>Nicht nur, dass ein Kirschbaum einen wundersch\u00f6nen Anblick in voller Bl\u00fcte bietet oder wir die Fr\u00fcchte im Sommer gerne vom Baum naschen &#8211; Kirschholz ist hochwertig und vielseitig in allen Bereichen wie z. B. beim M\u00f6belbau, Verkleidungen, Parkette, Drechsel-Arbeiten uvm&#8230;<\/p>\n<p>Es handelt sich hier um ein handgefertigtes Unikat, Made in Austria.<\/p>\n<p>Ma\u00dfe: ca. 25 cm, St\u00e4rke: ca. 4 cm<br \/>\nOberfl\u00e4che: fein geschliffen und ge\u00f6lt<br \/>\nUhrwerk: hochwertiges Quartzuhrwerk.<\/p>\n<p>Hol dir ein St\u00fcck Natur ins Haus!<\/p>\n<p>PS: Leichte Abweichungen in Form, Farbe sowie Rissbildung m\u00f6glich. Holz ist ein Naturprodukt und daher gelten die oben genannten Umst\u00e4nde nicht als Reklamationsgrund.<\/p>\n<p>Eine tolle Geschenksidee zum Geburtstag, Weihnachten oder anderen Anlass.<\/p>\n","protected":false},"excerpt":{"rendered":"<p>Wanduhr aus \u00f6sterreichischem Kirschholz! Durch ihre warme Farbgebung und die gleichm\u00e4\u00dfige Maserung bringen Sie entsprechend eine liebevolle Note in Ihr Eigenheim. Nicht nur, dass ein Kirschbaum einen wundersch\u00f6nen Anblick in voller Bl\u00fcte bietet oder wir die Fr\u00fcchte im Sommer gerne vom Baum naschen &#8211; Kirschholz ist hochwertig und vielseitig in allen Bereichen wie z. B. &hellip; <a href=\"https:\/\/www.regionalis.shop\/huizbirn\/shop\/holz-wanduhr-holzuhr-25-cm-holz-kirsche-holzdeko-deko-geschenk-unikat-handmade\/\">Continued<\/a><\/p>\n","protected":false},"featured_media":1451,"template":"","meta":{"_acf_changed":false},"product_brand":[],"product_cat":[174,103],"product_tag":[],"class_list":{"0":"post-1450","1":"product","2":"type-product","3":"status-publish","4":"has-post-thumbnail","6":"product_cat-wohndekoration","7":"product_cat-wohnen-deko","9":"first","10":"instock","11":"purchasable","12":"product-type-simple"},"acf":[],"_links":{"self":[{"href":"https:\/\/www.regionalis.shop\/huizbirn\/wp-json\/wp\/v2\/product\/1450","targetHints":{"allow":["GET"]}}],"collection":[{"href":"https:\/\/www.regionalis.shop\/huizbirn\/wp-json\/wp\/v2\/product"}],"about":[{"href":"https:\/\/www.regionalis.shop\/huizbirn\/wp-json\/wp\/v2\/types\/product"}],"wp:featuredmedia":[{"embeddable":true,"href":"https:\/\/www.regionalis.shop\/huizbirn\/wp-json\/wp\/v2\/media\/1451"}],"wp:attachment":[{"href":"https:\/\/www.regionalis.shop\/huizbirn\/wp-json\/wp\/v2\/media?parent=1450"}],"wp:term":[{"taxonomy":"product_brand","embeddable":true,"href":"https:\/\/www.regionalis.shop\/huizbirn\/wp-json\/wp\/v2\/product_brand?post=1450"},{"taxonomy":"product_cat","embeddable":true,"href":"https:\/\/www.regionalis.shop\/huizbirn\/wp-json\/wp\/v2\/product_cat?post=1450"},{"taxonomy":"product_tag","embeddable":true,"href":"https:\/\/www.regionalis.shop\/huizbirn\/wp-json\/wp\/v2\/product_tag?post=1450"}],"curies":[{"name":"wp","href":"https:\/\/api.w.org\/{rel}","templated":true}]}}