{"id":1455,"date":"2025-04-28T03:45:56","date_gmt":"2025-04-28T01:45:56","guid":{"rendered":"https:\/\/www.regionalis.shop\/huizbirn\/product\/holz-wanduhr-24-cm-kiefer-holzdekoration-geschenk\/"},"modified":"2025-04-28T03:45:56","modified_gmt":"2025-04-28T01:45:56","slug":"holz-wanduhr-24-cm-kiefer-holzdekoration-geschenk","status":"publish","type":"product","link":"https:\/\/www.regionalis.shop\/huizbirn\/shop\/holz-wanduhr-24-cm-kiefer-holzdekoration-geschenk\/","title":{"rendered":"Holz Wanduhr 24 cm Kiefer Holzdekoration Geschenk"},"content":{"rendered":"<p>Holz Wanduhr aus \u00f6sterreichischem Kiefern-Holz mit Kirsch-Holz Intarsien.<\/p>\n<p>Besonders dekorativ durch \u00c4ste, einsetzende Blauf\u00e4ule und Harzadern.<\/p>\n<p>Gr\u00f6\u00dfe: 24 cm<\/p>\n<p>Hand gearbeitet, Oberfl\u00e4che fein geschliffen und ge\u00f6lt.<\/p>\n<p>Verbaut ist ein Quartzuhrwerk, inkl. Wandhaken.<\/p>\n<p>Hol dir ein sch\u00f6nes Unikat ins Haus oder mach jemandem eine Freude. Denn diese Uhr macht auch als Geschenk jederzeit eine gute Figur!<\/p>\n","protected":false},"excerpt":{"rendered":"<p>Holz Wanduhr aus \u00f6sterreichischem Kiefern-Holz mit Kirsch-Holz Intarsien. Besonders dekorativ durch \u00c4ste, einsetzende Blauf\u00e4ule und Harzadern. Gr\u00f6\u00dfe: 24 cm Hand gearbeitet, Oberfl\u00e4che fein geschliffen und ge\u00f6lt. Verbaut ist ein Quartzuhrwerk, inkl. Wandhaken. Hol dir ein sch\u00f6nes Unikat ins Haus oder mach jemandem eine Freude. Denn diese Uhr macht auch als Geschenk jederzeit eine gute Figur!<\/p>\n","protected":false},"featured_media":1456,"template":"","meta":{"_acf_changed":false},"product_brand":[],"product_cat":[174,103],"product_tag":[],"class_list":{"0":"post-1455","1":"product","2":"type-product","3":"status-publish","4":"has-post-thumbnail","6":"product_cat-wohndekoration","7":"product_cat-wohnen-deko","9":"first","10":"instock","11":"purchasable","12":"product-type-simple"},"acf":[],"_links":{"self":[{"href":"https:\/\/www.regionalis.shop\/huizbirn\/wp-json\/wp\/v2\/product\/1455","targetHints":{"allow":["GET"]}}],"collection":[{"href":"https:\/\/www.regionalis.shop\/huizbirn\/wp-json\/wp\/v2\/product"}],"about":[{"href":"https:\/\/www.regionalis.shop\/huizbirn\/wp-json\/wp\/v2\/types\/product"}],"wp:featuredmedia":[{"embeddable":true,"href":"https:\/\/www.regionalis.shop\/huizbirn\/wp-json\/wp\/v2\/media\/1456"}],"wp:attachment":[{"href":"https:\/\/www.regionalis.shop\/huizbirn\/wp-json\/wp\/v2\/media?parent=1455"}],"wp:term":[{"taxonomy":"product_brand","embeddable":true,"href":"https:\/\/www.regionalis.shop\/huizbirn\/wp-json\/wp\/v2\/product_brand?post=1455"},{"taxonomy":"product_cat","embeddable":true,"href":"https:\/\/www.regionalis.shop\/huizbirn\/wp-json\/wp\/v2\/product_cat?post=1455"},{"taxonomy":"product_tag","embeddable":true,"href":"https:\/\/www.regionalis.shop\/huizbirn\/wp-json\/wp\/v2\/product_tag?post=1455"}],"curies":[{"name":"wp","href":"https:\/\/api.w.org\/{rel}","templated":true}]}}