{"id":1460,"date":"2025-04-28T03:45:56","date_gmt":"2025-04-28T01:45:56","guid":{"rendered":"https:\/\/www.regionalis.shop\/huizbirn\/product\/holz-wanduhr-zirbe-22-cm-holzuhr-pinus-cembra-handmade\/"},"modified":"2025-04-28T03:45:56","modified_gmt":"2025-04-28T01:45:56","slug":"holz-wanduhr-zirbe-22-cm-holzuhr-pinus-cembra-handmade","status":"publish","type":"product","link":"https:\/\/www.regionalis.shop\/huizbirn\/shop\/holz-wanduhr-zirbe-22-cm-holzuhr-pinus-cembra-handmade\/","title":{"rendered":"Holz Wanduhr Zirbe 22 cm Holzuhr Pinus Cembra handmade"},"content":{"rendered":"<p>Holz Wanduhr  aus \u00f6sterreichischem Zirbenholz. Die Zirbe gilt als die &#8222;K\u00f6nigin der Alpen&#8220;.<\/p>\n<p>Durch ihr royales Auftreten und Erscheinungsbild hat sie sich diesen Namen auch zweifellos verdient.<\/p>\n<p>Zirbenholz gilt schon seit Jahrhunderten als aromatisch duftendes Holz und ist gerade in der heutigen Zeit &#8222;der letzte Schrei&#8220;.<\/p>\n<p>Aber Zirbenholz ist mehr als nur ein &#8222;sch\u00f6nes Accessoire&#8220;. Einzigartig gemasert, hell und freundlich. Nicht umsonst gilt die Zirbe als die &#8222;K\u00f6nigin der Alpen&#8220;!<\/p>\n<p>Die Oberfl\u00e4che wurde nur mit Zirben\u00f6l behandelt. Nur so kann die Pinus Cembra, ihren Duft im Raum angenehm verteilen.<\/p>\n<p>Ma\u00dfe: ca. 22 cm, St\u00e4rke: ca. 4 cm<br \/>\nOberfl\u00e4che: fein geschliffen und mit Zirben\u00f6l eingelassen<br \/>\nGewicht: ~ 1000 g<\/p>\n<p>Uhrwerk: Quartz-Uhrwerk, Made in Germany!<\/p>\n<p>Die Uhr wird von einem Quartz-Uhrwerk mit Batterie (AA) betrieben. Das Uhrwerk wurde an der R\u00fcckseite eingefr\u00e4st, wodurch es mit dem Holz abschlie\u00dft. Die Vorderseite der Uhr wurde sorgf\u00e4ltig feingeschliffen.<\/p>\n<p>Ebenso l\u00e4sst sich die Uhr ohne weiteres Zutun problemlos an die Wand h\u00e4ngen.<\/p>\n<p>Eine tolle Geschenksidee zum Geburtstag, Weihnachten oder anderen Anlass.<\/p>\n<p>PS: Leichte Abweichungen in Form, Farbe sowie Rissbildung m\u00f6glich. Holz ist ein Naturprodukt und daher gelten die oben genannten Umst\u00e4nde nicht als Reklamationsgrund.<\/p>\n","protected":false},"excerpt":{"rendered":"<p>Holz Wanduhr aus \u00f6sterreichischem Zirbenholz. Die Zirbe gilt als die &#8222;K\u00f6nigin der Alpen&#8220;. Durch ihr royales Auftreten und Erscheinungsbild hat sie sich diesen Namen auch zweifellos verdient. Zirbenholz gilt schon seit Jahrhunderten als aromatisch duftendes Holz und ist gerade in der heutigen Zeit &#8222;der letzte Schrei&#8220;. Aber Zirbenholz ist mehr als nur ein &#8222;sch\u00f6nes Accessoire&#8220;. &hellip; <a href=\"https:\/\/www.regionalis.shop\/huizbirn\/shop\/holz-wanduhr-zirbe-22-cm-holzuhr-pinus-cembra-handmade\/\">Continued<\/a><\/p>\n","protected":false},"featured_media":1461,"template":"","meta":{"_acf_changed":false},"product_brand":[],"product_cat":[174,103],"product_tag":[],"class_list":{"0":"post-1460","1":"product","2":"type-product","3":"status-publish","4":"has-post-thumbnail","6":"product_cat-wohndekoration","7":"product_cat-wohnen-deko","9":"first","10":"instock","11":"purchasable","12":"product-type-simple"},"acf":[],"_links":{"self":[{"href":"https:\/\/www.regionalis.shop\/huizbirn\/wp-json\/wp\/v2\/product\/1460","targetHints":{"allow":["GET"]}}],"collection":[{"href":"https:\/\/www.regionalis.shop\/huizbirn\/wp-json\/wp\/v2\/product"}],"about":[{"href":"https:\/\/www.regionalis.shop\/huizbirn\/wp-json\/wp\/v2\/types\/product"}],"wp:featuredmedia":[{"embeddable":true,"href":"https:\/\/www.regionalis.shop\/huizbirn\/wp-json\/wp\/v2\/media\/1461"}],"wp:attachment":[{"href":"https:\/\/www.regionalis.shop\/huizbirn\/wp-json\/wp\/v2\/media?parent=1460"}],"wp:term":[{"taxonomy":"product_brand","embeddable":true,"href":"https:\/\/www.regionalis.shop\/huizbirn\/wp-json\/wp\/v2\/product_brand?post=1460"},{"taxonomy":"product_cat","embeddable":true,"href":"https:\/\/www.regionalis.shop\/huizbirn\/wp-json\/wp\/v2\/product_cat?post=1460"},{"taxonomy":"product_tag","embeddable":true,"href":"https:\/\/www.regionalis.shop\/huizbirn\/wp-json\/wp\/v2\/product_tag?post=1460"}],"curies":[{"name":"wp","href":"https:\/\/api.w.org\/{rel}","templated":true}]}}